{"id":12932,"date":"2023-05-17T12:38:36","date_gmt":"2023-05-17T12:38:36","guid":{"rendered":"https:\/\/www.ezeep.com\/?page_id=12932"},"modified":"2024-08-23T12:31:07","modified_gmt":"2024-08-23T12:31:07","slug":"pull-printing","status":"publish","type":"page","link":"https:\/\/www.ezeep.com\/de\/features\/pull-printing\/","title":{"rendered":"Sicheres Pull Printing"},"content":{"rendered":"<div class=\"yoast-breadcrumbs\"><span><span><a href=\"https:\/\/www.ezeep.com\/de\/\">Home<\/a><\/span> \u00bb <span><a href=\"https:\/\/www.ezeep.com\/de\/features\/\">Features<\/a><\/span> \u00bb <span class=\"breadcrumb_last\" aria-current=\"page\">Sicheres Pull Printing<\/span><\/span><\/div>\n\n\n<div style=\"height:50px\" aria-hidden=\"true\" class=\"wp-block-spacer\"><\/div>\n\n\n\n<p>Mit ezeeps Pull-Printing-L\u00f6sung l\u00e4sst sich jede Druckumgebung im Handumdrehen absichern. Dank Benutzerauthentifizierung an gemeinsam genutzten Druckern werden alle Ausdrucke vertraulich behandelt. So sch\u00fctzt du deine Daten und Druck-Workflows und senkst gleichzeitig deine Druckkosten.<\/p>\n\n\n\n<p>Bei ezeeps cloud-basierter Pull-Printing-L\u00f6sung werden die Ausdrucke nicht direkt mit dem Druckprozess auf einem ausgew\u00e4hlten Drucker ausgegeben. Stattdessen werden die Druckjobs so lange in einer sicheren Drucker-Queue in der Cloud zur\u00fcckgehalten, bis sich die Anwender.innen am Drucker der Wahl befinden und ihre Ausdrucke pers\u00f6nlich in Empfang nehmen k\u00f6nnen. Sobald sich die Anwender.innen am Drucker oder Multifunktionsdrucker authentifizieren, werden Vertr\u00e4ge, Gehaltsabrechnungen oder andere vertrauliche Dokumente ausgedruckt.<\/p>\n\n\n\n<div style=\"height:50px\" aria-hidden=\"true\" class=\"wp-block-spacer\"><\/div>\n\n\n\n<figure class=\"wp-block-embed is-type-rich is-provider-handler-einbetten wp-block-embed-handler-einbetten wp-embed-aspect-16-9 wp-has-aspect-ratio\"><div class=\"wp-block-embed__wrapper\">\n<iframe loading=\"lazy\" title=\"Secure Printing in Just a Few Clicks \u2013 ezeep\" width=\"500\" height=\"281\" src=\"https:\/\/www.youtube.com\/embed\/oQ8Rm64ElVg?feature=oembed\" frameborder=\"0\" allow=\"accelerometer; autoplay; clipboard-write; encrypted-media; gyroscope; picture-in-picture; web-share\" referrerpolicy=\"strict-origin-when-cross-origin\" allowfullscreen><\/iframe>\n<\/div><\/figure>\n\n\n\n<div style=\"height:50px\" aria-hidden=\"true\" class=\"wp-block-spacer\"><\/div>\n\n\n\n<h3 class=\"wp-block-heading\" id=\"h-einfach-vertraulich-drucken-mit-pull-printing\">Einfach vertraulich drucken mit Pull Printing<\/h3>\n\n\n\n<p>Dank vielf\u00e4ltiger ezeep Blue Druck-Apps k\u00f6nnen Anwender.innen von jedem Ger\u00e4t \u2013 ob PC, Mac, Chromebook oder Smartphone \u2013 Dateien vertraulich ausdrucken. Zur Authentifizierung am Drucker oder Multifunktionsdrucker nutzen sie ihr iOS- oder Android-Ger\u00e4t f\u00fcr die mobile Authentifizierung oder eine RFID-Karte.<\/p>\n\n\n\n<p><strong>Druckjob per QR-Code freigeben<\/strong><\/p>\n\n\n\n<ol class=\"wp-block-list\">\n<li>Beim Druckvorgang w\u00e4hlt der.die Anwender.in den Drucker&nbsp;<strong><em>AnyPrinter by ezeep<\/em><\/strong>.<\/li>\n\n\n\n<li>Der in der Cloud gespeicherte Druckjob kann jederzeit am Netzwerkdrucker der Wahl sicher mit unseren modernen Druck-Apps f\u00fcr iOS und Android freigegeben werden. Wenn gew\u00fcnscht, passt der.die Anwender.in noch Einstellungen wie Farbe, Duplex oder Ausrichtung an.<\/li>\n\n\n\n<li>In der Liste der Druckauftr\u00e4ge best\u00e4tigt der.die Anwender.in den gew\u00fcnschten Druckjob mit&nbsp;<strong><em>Ausl\u00f6sen<\/em><\/strong>&nbsp;und scannt den am Drucker befestigten&nbsp;<strong>QR-Code<\/strong>. Jetzt startet die vertrauliche Druckausgabe.<\/li>\n<\/ol>\n\n\n\n<div style=\"height:50px\" aria-hidden=\"true\" class=\"wp-block-spacer\"><\/div>\n\n\n<div class=\"wp-block-image\">\n<figure class=\"aligncenter\"><img loading=\"lazy\" decoding=\"async\" width=\"2560\" height=\"1440\" src=\"https:\/\/www.ezeep.com\/wp-content\/uploads\/Pull-Printing.png\" alt=\"Einfaches Pull Printing mit ezeep\" class=\"wp-image-10549\" srcset=\"https:\/\/www.ezeep.com\/wp-content\/uploads\/Pull-Printing.png 2560w, https:\/\/www.ezeep.com\/wp-content\/uploads\/Pull-Printing-300x169.png 300w, https:\/\/www.ezeep.com\/wp-content\/uploads\/Pull-Printing-1024x576.png 1024w, https:\/\/www.ezeep.com\/wp-content\/uploads\/Pull-Printing-768x432.png 768w, https:\/\/www.ezeep.com\/wp-content\/uploads\/Pull-Printing-1536x864.png 1536w, https:\/\/www.ezeep.com\/wp-content\/uploads\/Pull-Printing-2048x1152.png 2048w\" sizes=\"(max-width: 2560px) 100vw, 2560px\" \/><\/figure><\/div>\n\n\n<div style=\"height:50px\" aria-hidden=\"true\" class=\"wp-block-spacer\"><\/div>\n\n\n\n<p><strong>Druckjob per RFID-Karte freigeben<\/strong><\/p>\n\n\n\n<ol class=\"wp-block-list\">\n<li>Beim Druckvorgang w\u00e4hlt der.die Anwender.in den Drucker&nbsp;<strong><em>AnyPrinter by ezeep<\/em><\/strong>.<\/li>\n\n\n\n<li>Nachdem ein Kartenleseger\u00e4t am&nbsp;<a href=\"https:\/\/www.ezeep.com\/de\/hub\/\">ezeep Hub<\/a>&nbsp;angeschlossen wurde, lassen sich einfach beliebige RFID-Karten \u2013 z.B. Mitarbeiter- oder&nbsp; Messeausweise \u2013 zur Authentifizierung und Freigabe des Druckauftrags am Drucker nutzen.<\/li>\n\n\n\n<li>Bei erstmaliger Verwendung einer RFID-Karte f\u00fcr Pull Printing wird automatisch ein Aktivierungscode ausgedruckt. Dieser Code wird zur Registrierung der Karte unter&nbsp;<a href=\"https:\/\/app.ezeep.com\/\" target=\"_blank\" rel=\"noreferrer noopener\">app.ezeep.com\/mycard<\/a>&nbsp;eingegeben. Damit ist die Karte einsatzbereit.<\/li>\n<\/ol>\n\n\n\n<div style=\"height:50px\" aria-hidden=\"true\" class=\"wp-block-spacer\"><\/div>\n\n\n\n<figure class=\"wp-block-image\"><img loading=\"lazy\" decoding=\"async\" width=\"959\" height=\"621\" src=\"https:\/\/www.ezeep.com\/wp-content\/uploads\/ezeep-Pull-Printing-Card-Reader.jpg\" alt=\"Druckjob per RFID-Karte freigeben\" class=\"wp-image-11750\" srcset=\"https:\/\/www.ezeep.com\/wp-content\/uploads\/ezeep-Pull-Printing-Card-Reader.jpg 959w, https:\/\/www.ezeep.com\/wp-content\/uploads\/ezeep-Pull-Printing-Card-Reader-300x194.jpg 300w, https:\/\/www.ezeep.com\/wp-content\/uploads\/ezeep-Pull-Printing-Card-Reader-768x497.jpg 768w\" sizes=\"(max-width: 959px) 100vw, 959px\" \/><\/figure>\n\n\n\n<div style=\"height:50px\" aria-hidden=\"true\" class=\"wp-block-spacer\"><\/div>\n\n\n\n<h3 class=\"wp-block-heading\" id=\"h-features\">Features<\/h3>\n\n\n\n<ul class=\"wp-block-list\">\n<li><strong>Pull Printing f\u00fcr alle Ger\u00e4te<\/strong>: Die Pull-Printing-Funktion ist Bestandteil der benutzerfreundlichen ezeep Blue Druck-Apps f\u00fcr&nbsp;<a href=\"https:\/\/www.ezeep.com\/de\/loesung\/windows-drucken\/\">Windows-PC<\/a>,&nbsp;<a href=\"https:\/\/www.ezeep.com\/de\/loesung\/mac-drucken\/\">Mac<\/a>,&nbsp;<a href=\"https:\/\/www.ezeep.com\/de\/loesung\/chrome-drucken\/\">Google Chromebook<\/a>&nbsp;und&nbsp;<a href=\"https:\/\/www.ezeep.com\/de\/loesung\/mobiles-drucken\/\">mobile Ger\u00e4te<\/a>&nbsp;(iOS und Android).<\/li>\n\n\n\n<li><strong>Blitzschnell eingerichtet<\/strong>: In der ezeep-Webkonsole werden beliebige Nutzergruppen ganz einfach f\u00fcr sicheres Drucken freigeschaltet. Hier wird auch der QR-Code generiert, der f\u00fcr die mobile Authentifizierung am Drucker angebracht wird. Alternativ kommt ein ezeep Hub mit Kartenleser zum Einsatz, damit Anwender.innen sich per RFID-Karte am Drucker authentifizieren k\u00f6nnen.<\/li>\n\n\n\n<li><strong>Einfach sicher und autorisiert drucken<\/strong>:&nbsp;Die Druckauftr\u00e4ge werden in der sicheren Pull-Printing-Queue&nbsp;<em>AnyPrinter by ezeep<\/em>&nbsp;abgelegt, bis die Anwender.innen sie pers\u00f6nlich durch Scannen eines QR-Codes oder durch Authentifizierung mittels RFID-Karte am Drucker freigeben.<\/li>\n<\/ul>\n\n\n\n<h3 class=\"wp-block-heading\" id=\"h-vorteile\">Vorteile<\/h3>\n\n\n\n<ul class=\"wp-block-list\">\n<li><strong>H\u00f6chste Sicherheit bei der Ausgabe sensibler Informationen<\/strong> <br>Dank Authentifizierung an zentralen Druckern und Multifunktionsdruckern k\u00f6nnen nur autorisierte Benutzer.innen auf sensible oder vertrauliche Dokumente zugreifen und sie ausdrucken. Datenlecks durch unbefugte Personen werden mit Pull Print vermieden. Die verschl\u00fcsselte Daten\u00fcbertragung vom Client bis zum Drucker sorgt f\u00fcr zus\u00e4tzliche Sicherheit bei der Ausgabe sensibler Dokumente.<\/li>\n\n\n\n<li><strong>Einfache Integration und Verwaltung des sicheren Druckens<\/strong><br>Das skalierbare, sichere Druckfeature l\u00e4sst sich nahtlos in jede Druckinfrastruktur integrieren und einfach an vorhandene Zugangskontrollsysteme anbinden. Benutzer, Drucker und nur noch eine virtuelle Druckerwarteschlange werden komfortabel in ezeeps benutzerfreundlichen Web-Konsole verwaltet.<\/li>\n\n\n\n<li><strong>Nachhaltig drucken und Druckkosten senken<\/strong><br>Durch sicheres Pull Printing werden unn\u00f6tige Druckvorg\u00e4nge und im Ausgabeschacht zur\u00fcckgelassene Ausdrucke vermieden. Dadurch l\u00e4sst sich der Verbrauch von Papier, Patronen, Toner und Energie einfach reduzieren. Zudem sind keine pers\u00f6nlichen Drucker f\u00fcr die Gesch\u00e4ftsf\u00fchrung, die Rechts- oder Personalabteilung mehr notwendig. Das Resultat: Pull Printing wirkt sich positiv auf die Umweltbilanz aus und senkt Deine Druckkosten erheblich.<em>Wie sich ezeep als umweltbewusstes Unternehmen f\u00fcr CO2-neutrales Drucken und die Schonung von Ressourcen einsetzt,&nbsp;<a href=\"https:\/\/www.ezeep.com\/de\/co2-neutral-drucken\/\">erf\u00e4hrst Du hier \u00bb<\/a><\/em><\/li>\n\n\n\n<li><strong>Volle Freiheit beim hybriden Arbeiten dank Follow Me Printing<\/strong><br>Im Zeitalter des hybriden Arbeitens und Flex-Desk-Druckens ist die Zuweisung spezifischer Drucker zeitaufw\u00e4ndig und nicht mehr praktikabel. Die AnyPrinter-Druckwarteschlange reduziert Helpdesk-Anfragen und gibt den Anwender.innen die Freiheit, ihre Dokumente flexibel und standortunabh\u00e4ngig am n\u00e4chsten verf\u00fcgbaren Drucker abzuholen.<\/li>\n\n\n\n<li><strong>Herstellerunabh\u00e4ngige L\u00f6sung f\u00fcr alle Druckszenarien<\/strong><br>ezeeps cloud-basiertes Pull Printing eignet sich f\u00fcr Drucker und Multifunktionsdrucker aller Hersteller, unabh\u00e4ngig vom Modell oder den Hardware-Eigenschaften. Anwender.innen drucken sicher von ihren Windows-PCs, Macs, Chromebooks, Smartphones und Tablets.<\/li>\n<\/ul>\n","protected":false},"excerpt":{"rendered":"<p>Mit ezeeps Pull-Printing-L\u00f6sung l\u00e4sst sich jede Druckumgebung im Handumdrehen absichern. Dank Benutzerauthentifizierung an gemeinsam genutzten Druckern werden alle Ausdrucke vertraulich behandelt. So sch\u00fctzt du deine Daten und Druck-Workflows und senkst gleichzeitig deine Druckkosten. Bei ezeeps cloud-basierter Pull-Printing-L\u00f6sung werden die Ausdrucke nicht direkt mit dem Druckprozess auf einem ausgew\u00e4hlten Drucker ausgegeben. Stattdessen werden die Druckjobs so [&hellip;]<\/p>\n","protected":false},"author":4,"featured_media":10515,"parent":12888,"menu_order":0,"comment_status":"closed","ping_status":"closed","template":"","meta":{"_acf_changed":false,"inline_featured_image":false,"footnotes":""},"class_list":["post-12932","page","type-page","status-publish","has-post-thumbnail","hentry"],"acf":[],"yoast_head":"<!-- This site is optimized with the Yoast SEO Premium plugin v23.2 (Yoast SEO v23.2) - https:\/\/yoast.com\/wordpress\/plugins\/seo\/ -->\n<title>Einfaches Pull Printing f\u00fcr sicheres und nachhaltiges Drucken<\/title>\n<meta name=\"description\" content=\"ezeeps Pull-Printing-Feature sorgt f\u00fcr sicheres und kostensparendes Drucken dank Benutzerauthentifizierung an gemeinsam genutzten Druckern.\" \/>\n<meta name=\"robots\" content=\"index, follow, max-snippet:-1, max-image-preview:large, max-video-preview:-1\" \/>\n<link rel=\"canonical\" href=\"https:\/\/www.ezeep.com\/de\/features\/pull-printing\/\" \/>\n<meta property=\"og:locale\" content=\"de_DE\" \/>\n<meta property=\"og:type\" content=\"article\" \/>\n<meta property=\"og:title\" content=\"Sicheres Pull Printing\" \/>\n<meta property=\"og:description\" content=\"ezeeps Pull-Printing-Feature sorgt f\u00fcr sicheres und kostensparendes Drucken dank Benutzerauthentifizierung an gemeinsam genutzten Druckern.\" \/>\n<meta property=\"og:url\" content=\"https:\/\/www.ezeep.com\/de\/features\/pull-printing\/\" \/>\n<meta property=\"og:site_name\" content=\"ezeep\" \/>\n<meta property=\"article:modified_time\" content=\"2024-08-23T12:31:07+00:00\" \/>\n<meta property=\"og:image\" content=\"https:\/\/www.ezeep.com\/wp-content\/uploads\/Secure-Pull-Printing-in-action.png\" \/>\n\t<meta property=\"og:image:width\" content=\"1195\" \/>\n\t<meta property=\"og:image:height\" content=\"623\" \/>\n\t<meta property=\"og:image:type\" content=\"image\/png\" \/>\n<meta name=\"twitter:card\" content=\"summary_large_image\" \/>\n<meta name=\"twitter:label1\" content=\"Gesch\u00e4tzte Lesezeit\" \/>\n\t<meta name=\"twitter:data1\" content=\"4 Minuten\" \/>\n<script type=\"application\/ld+json\" class=\"yoast-schema-graph\">{\"@context\":\"https:\/\/schema.org\",\"@graph\":[{\"@type\":\"WebPage\",\"@id\":\"https:\/\/www.ezeep.com\/de\/features\/pull-printing\/\",\"url\":\"https:\/\/www.ezeep.com\/de\/features\/pull-printing\/\",\"name\":\"Einfaches Pull Printing f\u00fcr sicheres und nachhaltiges Drucken\",\"isPartOf\":{\"@id\":\"https:\/\/www.ezeep.com\/de\/#website\"},\"primaryImageOfPage\":{\"@id\":\"https:\/\/www.ezeep.com\/de\/features\/pull-printing\/#primaryimage\"},\"image\":{\"@id\":\"https:\/\/www.ezeep.com\/de\/features\/pull-printing\/#primaryimage\"},\"thumbnailUrl\":\"https:\/\/www.ezeep.com\/wp-content\/uploads\/Secure-Pull-Printing-in-action.png\",\"datePublished\":\"2023-05-17T12:38:36+00:00\",\"dateModified\":\"2024-08-23T12:31:07+00:00\",\"description\":\"ezeeps Pull-Printing-Feature sorgt f\u00fcr sicheres und kostensparendes Drucken dank Benutzerauthentifizierung an gemeinsam genutzten Druckern.\",\"breadcrumb\":{\"@id\":\"https:\/\/www.ezeep.com\/de\/features\/pull-printing\/#breadcrumb\"},\"inLanguage\":\"de-DE\",\"potentialAction\":[{\"@type\":\"ReadAction\",\"target\":[\"https:\/\/www.ezeep.com\/de\/features\/pull-printing\/\"]}]},{\"@type\":\"ImageObject\",\"inLanguage\":\"de-DE\",\"@id\":\"https:\/\/www.ezeep.com\/de\/features\/pull-printing\/#primaryimage\",\"url\":\"https:\/\/www.ezeep.com\/wp-content\/uploads\/Secure-Pull-Printing-in-action.png\",\"contentUrl\":\"https:\/\/www.ezeep.com\/wp-content\/uploads\/Secure-Pull-Printing-in-action.png\",\"width\":1195,\"height\":623},{\"@type\":\"BreadcrumbList\",\"@id\":\"https:\/\/www.ezeep.com\/de\/features\/pull-printing\/#breadcrumb\",\"itemListElement\":[{\"@type\":\"ListItem\",\"position\":1,\"name\":\"Home\",\"item\":\"https:\/\/www.ezeep.com\/de\/\"},{\"@type\":\"ListItem\",\"position\":2,\"name\":\"Features\",\"item\":\"https:\/\/www.ezeep.com\/de\/features\/\"},{\"@type\":\"ListItem\",\"position\":3,\"name\":\"Sicheres Pull Printing\"}]},{\"@type\":\"WebSite\",\"@id\":\"https:\/\/www.ezeep.com\/de\/#website\",\"url\":\"https:\/\/www.ezeep.com\/de\/\",\"name\":\"ezeep\",\"description\":\"Easy Printing Anytime, Anywhere\",\"publisher\":{\"@id\":\"https:\/\/www.ezeep.com\/de\/#organization\"},\"potentialAction\":[{\"@type\":\"SearchAction\",\"target\":{\"@type\":\"EntryPoint\",\"urlTemplate\":\"https:\/\/www.ezeep.com\/de\/?s={search_term_string}\"},\"query-input\":\"required name=search_term_string\"}],\"inLanguage\":\"de-DE\"},{\"@type\":\"Organization\",\"@id\":\"https:\/\/www.ezeep.com\/de\/#organization\",\"name\":\"ezeep\",\"url\":\"https:\/\/www.ezeep.com\/de\/\",\"logo\":{\"@type\":\"ImageObject\",\"inLanguage\":\"de-DE\",\"@id\":\"https:\/\/www.ezeep.com\/de\/#\/schema\/logo\/image\/\",\"url\":\"https:\/\/www.ezeep.com\/wp-content\/uploads\/logo-ezeep.png\",\"contentUrl\":\"https:\/\/www.ezeep.com\/wp-content\/uploads\/logo-ezeep.png\",\"width\":290,\"height\":192,\"caption\":\"ezeep\"},\"image\":{\"@id\":\"https:\/\/www.ezeep.com\/de\/#\/schema\/logo\/image\/\"}}]}<\/script>\n<!-- \/ Yoast SEO Premium plugin. -->","yoast_head_json":{"title":"Einfaches Pull Printing f\u00fcr sicheres und nachhaltiges Drucken","description":"ezeeps Pull-Printing-Feature sorgt f\u00fcr sicheres und kostensparendes Drucken dank Benutzerauthentifizierung an gemeinsam genutzten Druckern.","robots":{"index":"index","follow":"follow","max-snippet":"max-snippet:-1","max-image-preview":"max-image-preview:large","max-video-preview":"max-video-preview:-1"},"canonical":"https:\/\/www.ezeep.com\/de\/features\/pull-printing\/","og_locale":"de_DE","og_type":"article","og_title":"Sicheres Pull Printing","og_description":"ezeeps Pull-Printing-Feature sorgt f\u00fcr sicheres und kostensparendes Drucken dank Benutzerauthentifizierung an gemeinsam genutzten Druckern.","og_url":"https:\/\/www.ezeep.com\/de\/features\/pull-printing\/","og_site_name":"ezeep","article_modified_time":"2024-08-23T12:31:07+00:00","og_image":[{"width":1195,"height":623,"url":"https:\/\/www.ezeep.com\/wp-content\/uploads\/Secure-Pull-Printing-in-action.png","type":"image\/png"}],"twitter_card":"summary_large_image","twitter_misc":{"Gesch\u00e4tzte Lesezeit":"4 Minuten"},"schema":{"@context":"https:\/\/schema.org","@graph":[{"@type":"WebPage","@id":"https:\/\/www.ezeep.com\/de\/features\/pull-printing\/","url":"https:\/\/www.ezeep.com\/de\/features\/pull-printing\/","name":"Einfaches Pull Printing f\u00fcr sicheres und nachhaltiges Drucken","isPartOf":{"@id":"https:\/\/www.ezeep.com\/de\/#website"},"primaryImageOfPage":{"@id":"https:\/\/www.ezeep.com\/de\/features\/pull-printing\/#primaryimage"},"image":{"@id":"https:\/\/www.ezeep.com\/de\/features\/pull-printing\/#primaryimage"},"thumbnailUrl":"https:\/\/www.ezeep.com\/wp-content\/uploads\/Secure-Pull-Printing-in-action.png","datePublished":"2023-05-17T12:38:36+00:00","dateModified":"2024-08-23T12:31:07+00:00","description":"ezeeps Pull-Printing-Feature sorgt f\u00fcr sicheres und kostensparendes Drucken dank Benutzerauthentifizierung an gemeinsam genutzten Druckern.","breadcrumb":{"@id":"https:\/\/www.ezeep.com\/de\/features\/pull-printing\/#breadcrumb"},"inLanguage":"de-DE","potentialAction":[{"@type":"ReadAction","target":["https:\/\/www.ezeep.com\/de\/features\/pull-printing\/"]}]},{"@type":"ImageObject","inLanguage":"de-DE","@id":"https:\/\/www.ezeep.com\/de\/features\/pull-printing\/#primaryimage","url":"https:\/\/www.ezeep.com\/wp-content\/uploads\/Secure-Pull-Printing-in-action.png","contentUrl":"https:\/\/www.ezeep.com\/wp-content\/uploads\/Secure-Pull-Printing-in-action.png","width":1195,"height":623},{"@type":"BreadcrumbList","@id":"https:\/\/www.ezeep.com\/de\/features\/pull-printing\/#breadcrumb","itemListElement":[{"@type":"ListItem","position":1,"name":"Home","item":"https:\/\/www.ezeep.com\/de\/"},{"@type":"ListItem","position":2,"name":"Features","item":"https:\/\/www.ezeep.com\/de\/features\/"},{"@type":"ListItem","position":3,"name":"Sicheres Pull Printing"}]},{"@type":"WebSite","@id":"https:\/\/www.ezeep.com\/de\/#website","url":"https:\/\/www.ezeep.com\/de\/","name":"ezeep","description":"Easy Printing Anytime, Anywhere","publisher":{"@id":"https:\/\/www.ezeep.com\/de\/#organization"},"potentialAction":[{"@type":"SearchAction","target":{"@type":"EntryPoint","urlTemplate":"https:\/\/www.ezeep.com\/de\/?s={search_term_string}"},"query-input":"required name=search_term_string"}],"inLanguage":"de-DE"},{"@type":"Organization","@id":"https:\/\/www.ezeep.com\/de\/#organization","name":"ezeep","url":"https:\/\/www.ezeep.com\/de\/","logo":{"@type":"ImageObject","inLanguage":"de-DE","@id":"https:\/\/www.ezeep.com\/de\/#\/schema\/logo\/image\/","url":"https:\/\/www.ezeep.com\/wp-content\/uploads\/logo-ezeep.png","contentUrl":"https:\/\/www.ezeep.com\/wp-content\/uploads\/logo-ezeep.png","width":290,"height":192,"caption":"ezeep"},"image":{"@id":"https:\/\/www.ezeep.com\/de\/#\/schema\/logo\/image\/"}}]}},"_links":{"self":[{"href":"https:\/\/www.ezeep.com\/de\/wp-json\/wp\/v2\/pages\/12932"}],"collection":[{"href":"https:\/\/www.ezeep.com\/de\/wp-json\/wp\/v2\/pages"}],"about":[{"href":"https:\/\/www.ezeep.com\/de\/wp-json\/wp\/v2\/types\/page"}],"author":[{"embeddable":true,"href":"https:\/\/www.ezeep.com\/de\/wp-json\/wp\/v2\/users\/4"}],"replies":[{"embeddable":true,"href":"https:\/\/www.ezeep.com\/de\/wp-json\/wp\/v2\/comments?post=12932"}],"version-history":[{"count":0,"href":"https:\/\/www.ezeep.com\/de\/wp-json\/wp\/v2\/pages\/12932\/revisions"}],"up":[{"embeddable":true,"href":"https:\/\/www.ezeep.com\/de\/wp-json\/wp\/v2\/pages\/12888"}],"wp:featuredmedia":[{"embeddable":true,"href":"https:\/\/www.ezeep.com\/de\/wp-json\/wp\/v2\/media\/10515"}],"wp:attachment":[{"href":"https:\/\/www.ezeep.com\/de\/wp-json\/wp\/v2\/media?parent=12932"}],"curies":[{"name":"wp","href":"https:\/\/api.w.org\/{rel}","templated":true}]}}