{"id":12941,"date":"2023-05-15T08:46:24","date_gmt":"2023-05-15T08:46:24","guid":{"rendered":"https:\/\/www.ezeep.com\/?page_id=12941"},"modified":"2023-06-19T11:16:33","modified_gmt":"2023-06-19T11:16:33","slug":"druck-tracking","status":"publish","type":"page","link":"https:\/\/www.ezeep.com\/de\/features\/druck-tracking\/","title":{"rendered":"Druck-Tracking"},"content":{"rendered":"<div class=\"yoast-breadcrumbs\"><span><span><a href=\"https:\/\/www.ezeep.com\/de\/\">Home<\/a><\/span> \u00bb <span><a href=\"https:\/\/www.ezeep.com\/de\/features\/\">Features<\/a><\/span> \u00bb <span class=\"breadcrumb_last\" aria-current=\"page\">Druck-Tracking<\/span><\/span><\/div>\n\n\n<div style=\"height:20px\" aria-hidden=\"true\" class=\"wp-block-spacer\"><\/div>\n\n\n\n<p>In der heutigen Zeit sind Unternehmen st\u00e4ndig auf der Suche nach M\u00f6glichkeiten, ihre Arbeitsabl\u00e4ufe zu optimieren und Kosten zu reduzieren. Eine h\u00e4ufig \u00fcbersehene M\u00f6glichkeit zur Verbesserung der Effizienz und Kosteneinsparung ist das Druck-Tracking. Druck-Monitoring, ein leistungsstarkes Feature von ezeep Blue, erm\u00f6glicht es dir, die Verwendung von Druckern in deinem Unternehmen besser zu \u00fcberwachen und zu steuern.<\/p>\n\n\n\n<figure class=\"wp-block-image\"><img loading=\"lazy\" decoding=\"async\" width=\"2200\" height=\"1700\" src=\"https:\/\/www.ezeep.com\/wp-content\/uploads\/Tracking-and-Reporting-ezeep.png\" alt=\"Einfaches Druckjob-Tracking mit ezeep\" class=\"wp-image-12671\" srcset=\"https:\/\/www.ezeep.com\/wp-content\/uploads\/Tracking-and-Reporting-ezeep.png 2200w, https:\/\/www.ezeep.com\/wp-content\/uploads\/Tracking-and-Reporting-ezeep-300x232.png 300w, https:\/\/www.ezeep.com\/wp-content\/uploads\/Tracking-and-Reporting-ezeep-1024x791.png 1024w, https:\/\/www.ezeep.com\/wp-content\/uploads\/Tracking-and-Reporting-ezeep-768x593.png 768w, https:\/\/www.ezeep.com\/wp-content\/uploads\/Tracking-and-Reporting-ezeep-1536x1187.png 1536w, https:\/\/www.ezeep.com\/wp-content\/uploads\/Tracking-and-Reporting-ezeep-2048x1583.png 2048w\" sizes=\"(max-width: 2200px) 100vw, 2200px\" \/><\/figure>\n\n\n\n<p>Im Folgenden erf\u00e4hrst du, wie Druckjob-Tracking dir dabei helfen kann, deine Druckumgebung zu optimieren und gleichzeitig die Produktivit\u00e4t deiner Mitarbeiter.innen zu steigern.<\/p>\n\n\n\n<div style=\"height:20px\" aria-hidden=\"true\" class=\"wp-block-spacer\"><\/div>\n\n\n\n<h3 class=\"wp-block-heading\" id=\"h-echtzeit-uberwachung-und-kontrolle-von-druckaktivitaten\">Echtzeit-\u00dcberwachung und Kontrolle von Druckaktivit\u00e4ten<\/h3>\n\n\n\n<p>Mit unserem Druck-Tracking-Feature erh\u00e4ltst du eine vollst\u00e4ndige \u00dcbersicht \u00fcber alle Druckaktivit\u00e4ten in deinem Unternehmen. In Echtzeit kannst du verfolgen, wer druckt, welche Dokumente gedruckt werden, auf welchem Drucker sie gedruckt und wie viele Seiten gedruckt werden. Diese Informationen erm\u00f6glichen es dir, proaktiv auf potenzielle Probleme oder Engp\u00e4sse zu reagieren, bevor sie zu gr\u00f6\u00dferen Problemen f\u00fchren. Au\u00dferdem kannst du gezielt Ressourcenallokation und Wartungsma\u00dfnahmen planen, um sicherzustellen, dass deine Druckinfrastruktur stets reibungslos und effizient funktioniert.<\/p>\n\n\n\n<div style=\"height:20px\" aria-hidden=\"true\" class=\"wp-block-spacer\"><\/div>\n\n\n\n<h3 class=\"wp-block-heading\" id=\"h-kostentransparenz-und-optimierung\">Kostentransparenz und -optimierung<\/h3>\n\n\n\n<p>Das Druck-Monitoring hilft dir, die Kosten deiner Druckumgebung besser zu verstehen. Durch die detaillierte Analyse der Druckgewohnheiten deiner Mitarbeiter.innen kannst du erkennen, welche Drucker am meisten genutzt werden, welche Abteilungen die meisten Ressourcen verbrauchen und wie sich das Druckverhalten im Laufe der Zeit \u00e4ndert. Diese Daten erm\u00f6glichen es dir, gezielte Ma\u00dfnahmen zur Kosteneinsparung zu ergreifen, indem du beispielsweise den Einsatz von Farbdruckern reduzierst oder energieeffizientere Drucker einsetzt.<\/p>\n\n\n\n<div style=\"height:20px\" aria-hidden=\"true\" class=\"wp-block-spacer\"><\/div>\n\n\n\n<h3 class=\"wp-block-heading\" id=\"h-umweltfreundliche-und-nachhaltige-drucklosung\">Umweltfreundliche und nachhaltige Druckl\u00f6sung<\/h3>\n\n\n\n<p>Die Verwendung von Druckjob-Tracking tr\u00e4gt auch dazu bei, die Umweltbelastung deines Unternehmens zu reduzieren. Durch die Identifizierung von ineffizienten Druckgewohnheiten und die Implementierung von nachhaltigen L\u00f6sungen kannst du den Papierverbrauch und den Energieverbrauch deiner Drucker reduzieren. Dar\u00fcber hinaus kannst du umweltfreundliche Druckeinstellungen f\u00f6rdern, wie beispielsweise den Duplexdruck oder den Einsatz von recyceltem Papier. Wie du mit ezeep Blue nachhaltig druckst und Ressourcen schonst, erf\u00e4hrst du\u00a0<a href=\"https:\/\/www.ezeep.com\/de\/co2-neutral-drucken\/\">hier<\/a>.<\/p>\n\n\n\n<div style=\"height:20px\" aria-hidden=\"true\" class=\"wp-block-spacer\"><\/div>\n\n\n\n<h3 class=\"wp-block-heading\" id=\"h-berichterstattung-und-analyse-bedarfsgerecht-anpassen\">Berichterstattung und Analyse bedarfsgerecht anpassen<\/h3>\n\n\n\n<p>ezeep Blues Druck-Monitoring und Reporting bietet dir anpassbare Berichte und Analysen, die es dir erm\u00f6glichen, deine Druckumgebung genau nach deinen Bed\u00fcrfnissen zu \u00fcberwachen. Du kannst Berichte auf der Grundlage von Benutzer.innen, Abteilungen, Druckern oder sogar bestimmten Dokumenttypen erstellen. ezeep Blues granuale Berichte lassen sich aber auch entsprechend der Datenschutzanforderungen per Knopfdruck so anpassen, dass Nutzernamen und Druckjobnamen anonymisiert werden und\/oder Email-Adressen nicht im Report erscheinen. Die Flexibilit\u00e4t unseres Druck-Monitorings und Reportings erleichtert es dir, genau die Informationen zu erhalten, die du ben\u00f6tigst, um fundierte Entscheidungen hinsichtlich deiner Druckstrategie und Ressourcenverteilung zu treffen.<\/p>\n\n\n\n<p><\/p>\n","protected":false},"excerpt":{"rendered":"<p>In der heutigen Zeit sind Unternehmen st\u00e4ndig auf der Suche nach M\u00f6glichkeiten, ihre Arbeitsabl\u00e4ufe zu optimieren und Kosten zu reduzieren. Eine h\u00e4ufig \u00fcbersehene M\u00f6glichkeit zur Verbesserung der Effizienz und Kosteneinsparung ist das Druck-Tracking. Druck-Monitoring, ein leistungsstarkes Feature von ezeep Blue, erm\u00f6glicht es dir, die Verwendung von Druckern in deinem Unternehmen besser zu \u00fcberwachen und zu [&hellip;]<\/p>\n","protected":false},"author":4,"featured_media":12671,"parent":12888,"menu_order":0,"comment_status":"closed","ping_status":"closed","template":"","meta":{"_acf_changed":false,"inline_featured_image":false,"footnotes":""},"class_list":["post-12941","page","type-page","status-publish","has-post-thumbnail","hentry"],"acf":[],"yoast_head":"<!-- This site is optimized with the Yoast SEO Premium plugin v23.2 (Yoast SEO v23.2) - https:\/\/yoast.com\/wordpress\/plugins\/seo\/ -->\n<title>Druck-Tracking &amp; Reporting f\u00fcr deine optimierte Druckumgebung<\/title>\n<meta name=\"description\" content=\"Druck-Tracking und Berichte informieren dich \u00fcber das Druckaufkommen in deinem Unternehmen und helfen bei der Planung der Druckerflotte.\" \/>\n<meta name=\"robots\" content=\"index, follow, max-snippet:-1, max-image-preview:large, max-video-preview:-1\" \/>\n<link rel=\"canonical\" href=\"https:\/\/www.ezeep.com\/de\/features\/druck-tracking\/\" \/>\n<meta property=\"og:locale\" content=\"de_DE\" \/>\n<meta property=\"og:type\" content=\"article\" \/>\n<meta property=\"og:title\" content=\"Druck-Tracking\" \/>\n<meta property=\"og:description\" content=\"Druck-Tracking und Berichte informieren dich \u00fcber das Druckaufkommen in deinem Unternehmen und helfen bei der Planung der Druckerflotte.\" \/>\n<meta property=\"og:url\" content=\"https:\/\/www.ezeep.com\/de\/features\/druck-tracking\/\" \/>\n<meta property=\"og:site_name\" content=\"ezeep\" \/>\n<meta property=\"article:modified_time\" content=\"2023-06-19T11:16:33+00:00\" \/>\n<meta property=\"og:image\" content=\"https:\/\/www.ezeep.com\/wp-content\/uploads\/Tracking-and-Reporting-ezeep.png\" \/>\n\t<meta property=\"og:image:width\" content=\"2200\" \/>\n\t<meta property=\"og:image:height\" content=\"1700\" \/>\n\t<meta property=\"og:image:type\" content=\"image\/png\" \/>\n<meta name=\"twitter:card\" content=\"summary_large_image\" \/>\n<meta name=\"twitter:label1\" content=\"Gesch\u00e4tzte Lesezeit\" \/>\n\t<meta name=\"twitter:data1\" content=\"2 Minuten\" \/>\n<script type=\"application\/ld+json\" class=\"yoast-schema-graph\">{\"@context\":\"https:\/\/schema.org\",\"@graph\":[{\"@type\":\"WebPage\",\"@id\":\"https:\/\/www.ezeep.com\/de\/features\/druck-tracking\/\",\"url\":\"https:\/\/www.ezeep.com\/de\/features\/druck-tracking\/\",\"name\":\"Druck-Tracking & Reporting f\u00fcr deine optimierte Druckumgebung\",\"isPartOf\":{\"@id\":\"https:\/\/www.ezeep.com\/de\/#website\"},\"primaryImageOfPage\":{\"@id\":\"https:\/\/www.ezeep.com\/de\/features\/druck-tracking\/#primaryimage\"},\"image\":{\"@id\":\"https:\/\/www.ezeep.com\/de\/features\/druck-tracking\/#primaryimage\"},\"thumbnailUrl\":\"https:\/\/www.ezeep.com\/wp-content\/uploads\/Tracking-and-Reporting-ezeep.png\",\"datePublished\":\"2023-05-15T08:46:24+00:00\",\"dateModified\":\"2023-06-19T11:16:33+00:00\",\"description\":\"Druck-Tracking und Berichte informieren dich \u00fcber das Druckaufkommen in deinem Unternehmen und helfen bei der Planung der Druckerflotte.\",\"breadcrumb\":{\"@id\":\"https:\/\/www.ezeep.com\/de\/features\/druck-tracking\/#breadcrumb\"},\"inLanguage\":\"de-DE\",\"potentialAction\":[{\"@type\":\"ReadAction\",\"target\":[\"https:\/\/www.ezeep.com\/de\/features\/druck-tracking\/\"]}]},{\"@type\":\"ImageObject\",\"inLanguage\":\"de-DE\",\"@id\":\"https:\/\/www.ezeep.com\/de\/features\/druck-tracking\/#primaryimage\",\"url\":\"https:\/\/www.ezeep.com\/wp-content\/uploads\/Tracking-and-Reporting-ezeep.png\",\"contentUrl\":\"https:\/\/www.ezeep.com\/wp-content\/uploads\/Tracking-and-Reporting-ezeep.png\",\"width\":2200,\"height\":1700,\"caption\":\"Einfaches Druckjob-Tracking mit ezeep\"},{\"@type\":\"BreadcrumbList\",\"@id\":\"https:\/\/www.ezeep.com\/de\/features\/druck-tracking\/#breadcrumb\",\"itemListElement\":[{\"@type\":\"ListItem\",\"position\":1,\"name\":\"Home\",\"item\":\"https:\/\/www.ezeep.com\/de\/\"},{\"@type\":\"ListItem\",\"position\":2,\"name\":\"Features\",\"item\":\"https:\/\/www.ezeep.com\/de\/features\/\"},{\"@type\":\"ListItem\",\"position\":3,\"name\":\"Druck-Tracking\"}]},{\"@type\":\"WebSite\",\"@id\":\"https:\/\/www.ezeep.com\/de\/#website\",\"url\":\"https:\/\/www.ezeep.com\/de\/\",\"name\":\"ezeep\",\"description\":\"Easy Printing Anytime, Anywhere\",\"publisher\":{\"@id\":\"https:\/\/www.ezeep.com\/de\/#organization\"},\"potentialAction\":[{\"@type\":\"SearchAction\",\"target\":{\"@type\":\"EntryPoint\",\"urlTemplate\":\"https:\/\/www.ezeep.com\/de\/?s={search_term_string}\"},\"query-input\":\"required name=search_term_string\"}],\"inLanguage\":\"de-DE\"},{\"@type\":\"Organization\",\"@id\":\"https:\/\/www.ezeep.com\/de\/#organization\",\"name\":\"ezeep\",\"url\":\"https:\/\/www.ezeep.com\/de\/\",\"logo\":{\"@type\":\"ImageObject\",\"inLanguage\":\"de-DE\",\"@id\":\"https:\/\/www.ezeep.com\/de\/#\/schema\/logo\/image\/\",\"url\":\"https:\/\/www.ezeep.com\/wp-content\/uploads\/logo-ezeep.png\",\"contentUrl\":\"https:\/\/www.ezeep.com\/wp-content\/uploads\/logo-ezeep.png\",\"width\":290,\"height\":192,\"caption\":\"ezeep\"},\"image\":{\"@id\":\"https:\/\/www.ezeep.com\/de\/#\/schema\/logo\/image\/\"}}]}<\/script>\n<!-- \/ Yoast SEO Premium plugin. -->","yoast_head_json":{"title":"Druck-Tracking & Reporting f\u00fcr deine optimierte Druckumgebung","description":"Druck-Tracking und Berichte informieren dich \u00fcber das Druckaufkommen in deinem Unternehmen und helfen bei der Planung der Druckerflotte.","robots":{"index":"index","follow":"follow","max-snippet":"max-snippet:-1","max-image-preview":"max-image-preview:large","max-video-preview":"max-video-preview:-1"},"canonical":"https:\/\/www.ezeep.com\/de\/features\/druck-tracking\/","og_locale":"de_DE","og_type":"article","og_title":"Druck-Tracking","og_description":"Druck-Tracking und Berichte informieren dich \u00fcber das Druckaufkommen in deinem Unternehmen und helfen bei der Planung der Druckerflotte.","og_url":"https:\/\/www.ezeep.com\/de\/features\/druck-tracking\/","og_site_name":"ezeep","article_modified_time":"2023-06-19T11:16:33+00:00","og_image":[{"width":2200,"height":1700,"url":"https:\/\/www.ezeep.com\/wp-content\/uploads\/Tracking-and-Reporting-ezeep.png","type":"image\/png"}],"twitter_card":"summary_large_image","twitter_misc":{"Gesch\u00e4tzte Lesezeit":"2 Minuten"},"schema":{"@context":"https:\/\/schema.org","@graph":[{"@type":"WebPage","@id":"https:\/\/www.ezeep.com\/de\/features\/druck-tracking\/","url":"https:\/\/www.ezeep.com\/de\/features\/druck-tracking\/","name":"Druck-Tracking & Reporting f\u00fcr deine optimierte Druckumgebung","isPartOf":{"@id":"https:\/\/www.ezeep.com\/de\/#website"},"primaryImageOfPage":{"@id":"https:\/\/www.ezeep.com\/de\/features\/druck-tracking\/#primaryimage"},"image":{"@id":"https:\/\/www.ezeep.com\/de\/features\/druck-tracking\/#primaryimage"},"thumbnailUrl":"https:\/\/www.ezeep.com\/wp-content\/uploads\/Tracking-and-Reporting-ezeep.png","datePublished":"2023-05-15T08:46:24+00:00","dateModified":"2023-06-19T11:16:33+00:00","description":"Druck-Tracking und Berichte informieren dich \u00fcber das Druckaufkommen in deinem Unternehmen und helfen bei der Planung der Druckerflotte.","breadcrumb":{"@id":"https:\/\/www.ezeep.com\/de\/features\/druck-tracking\/#breadcrumb"},"inLanguage":"de-DE","potentialAction":[{"@type":"ReadAction","target":["https:\/\/www.ezeep.com\/de\/features\/druck-tracking\/"]}]},{"@type":"ImageObject","inLanguage":"de-DE","@id":"https:\/\/www.ezeep.com\/de\/features\/druck-tracking\/#primaryimage","url":"https:\/\/www.ezeep.com\/wp-content\/uploads\/Tracking-and-Reporting-ezeep.png","contentUrl":"https:\/\/www.ezeep.com\/wp-content\/uploads\/Tracking-and-Reporting-ezeep.png","width":2200,"height":1700,"caption":"Einfaches Druckjob-Tracking mit ezeep"},{"@type":"BreadcrumbList","@id":"https:\/\/www.ezeep.com\/de\/features\/druck-tracking\/#breadcrumb","itemListElement":[{"@type":"ListItem","position":1,"name":"Home","item":"https:\/\/www.ezeep.com\/de\/"},{"@type":"ListItem","position":2,"name":"Features","item":"https:\/\/www.ezeep.com\/de\/features\/"},{"@type":"ListItem","position":3,"name":"Druck-Tracking"}]},{"@type":"WebSite","@id":"https:\/\/www.ezeep.com\/de\/#website","url":"https:\/\/www.ezeep.com\/de\/","name":"ezeep","description":"Easy Printing Anytime, Anywhere","publisher":{"@id":"https:\/\/www.ezeep.com\/de\/#organization"},"potentialAction":[{"@type":"SearchAction","target":{"@type":"EntryPoint","urlTemplate":"https:\/\/www.ezeep.com\/de\/?s={search_term_string}"},"query-input":"required name=search_term_string"}],"inLanguage":"de-DE"},{"@type":"Organization","@id":"https:\/\/www.ezeep.com\/de\/#organization","name":"ezeep","url":"https:\/\/www.ezeep.com\/de\/","logo":{"@type":"ImageObject","inLanguage":"de-DE","@id":"https:\/\/www.ezeep.com\/de\/#\/schema\/logo\/image\/","url":"https:\/\/www.ezeep.com\/wp-content\/uploads\/logo-ezeep.png","contentUrl":"https:\/\/www.ezeep.com\/wp-content\/uploads\/logo-ezeep.png","width":290,"height":192,"caption":"ezeep"},"image":{"@id":"https:\/\/www.ezeep.com\/de\/#\/schema\/logo\/image\/"}}]}},"_links":{"self":[{"href":"https:\/\/www.ezeep.com\/de\/wp-json\/wp\/v2\/pages\/12941"}],"collection":[{"href":"https:\/\/www.ezeep.com\/de\/wp-json\/wp\/v2\/pages"}],"about":[{"href":"https:\/\/www.ezeep.com\/de\/wp-json\/wp\/v2\/types\/page"}],"author":[{"embeddable":true,"href":"https:\/\/www.ezeep.com\/de\/wp-json\/wp\/v2\/users\/4"}],"replies":[{"embeddable":true,"href":"https:\/\/www.ezeep.com\/de\/wp-json\/wp\/v2\/comments?post=12941"}],"version-history":[{"count":0,"href":"https:\/\/www.ezeep.com\/de\/wp-json\/wp\/v2\/pages\/12941\/revisions"}],"up":[{"embeddable":true,"href":"https:\/\/www.ezeep.com\/de\/wp-json\/wp\/v2\/pages\/12888"}],"wp:featuredmedia":[{"embeddable":true,"href":"https:\/\/www.ezeep.com\/de\/wp-json\/wp\/v2\/media\/12671"}],"wp:attachment":[{"href":"https:\/\/www.ezeep.com\/de\/wp-json\/wp\/v2\/media?parent=12941"}],"curies":[{"name":"wp","href":"https:\/\/api.w.org\/{rel}","templated":true}]}}