{"id":12949,"date":"2023-05-15T12:56:47","date_gmt":"2023-05-15T12:56:47","guid":{"rendered":"https:\/\/www.ezeep.com\/?page_id=12949"},"modified":"2023-05-16T08:38:07","modified_gmt":"2023-05-16T08:38:07","slug":"meine-drucker","status":"publish","type":"page","link":"https:\/\/www.ezeep.com\/de\/features\/meine-drucker\/","title":{"rendered":"Meine Drucker"},"content":{"rendered":"<div class=\"yoast-breadcrumbs\"><span><span><a href=\"https:\/\/www.ezeep.com\/de\/\">Home<\/a><\/span> \u00bb <span><a href=\"https:\/\/www.ezeep.com\/de\/features\/\">Features<\/a><\/span> \u00bb <span class=\"breadcrumb_last\" aria-current=\"page\">Meine Drucker<\/span><\/span><\/div>\n\n\n<div style=\"height:20px\" aria-hidden=\"true\" class=\"wp-block-spacer\"><\/div>\n\n\n\n<h3 class=\"wp-block-heading\" id=\"h-so-einfach-managen-anwender-innen-ihre-eigenen-drucker\">So einfach managen Anwender.innen ihre eigenen Drucker<\/h3>\n\n\n\n<p>Mit der neuen Funktion&nbsp;<em>Meine Drucker<\/em>&nbsp;im ezeep Blue User Portal verwalten Anwender.innen ihre eigenen Drucker, ohne dass die IT-Abteilung ihnen dabei zur Seite stehen muss.&nbsp;<em>Meine Drucker<\/em>&nbsp;entlastet somit die IT-Abteilung beim Verwalten des Benutzer.innen-Zugriffs auf die Drucker. Den Anwender.innen hingegen gibt das Feature die vollst\u00e4ndige Kontrolle \u00fcber das Drucken, unabh\u00e4ngig davon, wo sie sich gerade befinden.<\/p>\n\n\n\n<p>Anwender.innen k\u00f6nnen bei der Druckersuche Standort, Modell oder Name w\u00e4hlen, um den besten Drucker f\u00fcr ihre Bed\u00fcrfnisse zu finden. Sobald die Drucker ausgew\u00e4hlt sind, werden sie automatisch und in weniger als einer Minute in allen ezeep Blue Print Apps der Benutzer.innen aktualisiert. Es m\u00fcssen keine Treiber installiert werden, um von jedem Ger\u00e4t aus auf neue Drucker zuzugreifen \u2013 das erledigt ezeep Blue automatisch im Hintergrund.<\/p>\n\n\n\n<div style=\"height:20px\" aria-hidden=\"true\" class=\"wp-block-spacer\"><\/div>\n\n\n\n<figure class=\"wp-block-image size-large\"><img loading=\"lazy\" decoding=\"async\" width=\"1024\" height=\"543\" src=\"https:\/\/www.ezeep.com\/wp-content\/uploads\/Meine-Drucker-Ansicht-1024x543.png\" alt=\"Anwender.innen  managen ganz einfach ihre Drucker\" class=\"wp-image-12951\" srcset=\"https:\/\/www.ezeep.com\/wp-content\/uploads\/Meine-Drucker-Ansicht-1024x543.png 1024w, https:\/\/www.ezeep.com\/wp-content\/uploads\/Meine-Drucker-Ansicht-300x159.png 300w, https:\/\/www.ezeep.com\/wp-content\/uploads\/Meine-Drucker-Ansicht-768x407.png 768w, https:\/\/www.ezeep.com\/wp-content\/uploads\/Meine-Drucker-Ansicht-1536x815.png 1536w, https:\/\/www.ezeep.com\/wp-content\/uploads\/Meine-Drucker-Ansicht.png 1631w\" sizes=\"(max-width: 1024px) 100vw, 1024px\" \/><figcaption class=\"wp-element-caption\"><em>Im User Portal k\u00f6nnen Benutzer.innen ganz einfach den besten Drucker f\u00fcr ihre Bed\u00fcrfnisse finden.<\/em><\/figcaption><\/figure>\n\n\n\n<div style=\"height:20px\" aria-hidden=\"true\" class=\"wp-block-spacer\"><\/div>\n\n\n\n<p>Die IT-Abteilung kann steuern, welche Benutzergruppen Zugriff auf <em>Meine Drucker<\/em> haben \u2013 keine, einige oder alle von ihnen. Zudem kann die IT Standard-Drucker festlegen, die nicht von den Anwender.innen entfernt werden k\u00f6nnen. Und sie kann den Anwender.innen die Flexibilit\u00e4t geben, zus\u00e4tzliche Drucker auszuw\u00e4hlen, sobald sich ihr Standort \u00e4ndert.<\/p>\n\n\n\n<div style=\"height:20px\" aria-hidden=\"true\" class=\"wp-block-spacer\"><\/div>\n\n\n\n<figure class=\"wp-block-image size-large\"><img loading=\"lazy\" decoding=\"async\" width=\"1024\" height=\"521\" src=\"https:\/\/www.ezeep.com\/wp-content\/uploads\/ezeep-Policies-de-1024x521.png\" alt=\"\" class=\"wp-image-12952\" srcset=\"https:\/\/www.ezeep.com\/wp-content\/uploads\/ezeep-Policies-de-1024x521.png 1024w, https:\/\/www.ezeep.com\/wp-content\/uploads\/ezeep-Policies-de-300x153.png 300w, https:\/\/www.ezeep.com\/wp-content\/uploads\/ezeep-Policies-de-768x391.png 768w, https:\/\/www.ezeep.com\/wp-content\/uploads\/ezeep-Policies-de-1536x781.png 1536w, https:\/\/www.ezeep.com\/wp-content\/uploads\/ezeep-Policies-de.png 1679w\" sizes=\"(max-width: 1024px) 100vw, 1024px\" \/><figcaption class=\"wp-element-caption\"><em>Mit Hilfe von Richtlinien erlaubt die IT-Abteilung den Zugriff auf My Printers.<\/em><\/figcaption><\/figure>\n\n\n\n<div style=\"height:20px\" aria-hidden=\"true\" class=\"wp-block-spacer\"><\/div>\n\n\n\n<p><em><\/em>In der heutigen Welt hat niemand die Zeit, dort wo man sich gerade befindet, auf den Zugang zum Drucken zu warten. Und IT-Abteilungen haben nicht die Ressourcen, um mit den sich st\u00e4ndig weiterentwickelnden Druckanforderungen ihrer mobilen und flexiblen Benutzer.innen Schritt zu halten.<\/p>\n\n\n\n<p><strong>Die Selbstbedienungs-Druckerverwaltung mit<em>&nbsp;Meine Drucker <\/em>erm\u00f6glicht es Anwender.innen, sich auf ihre Arbeit zu konzentrieren und die IT-Abteilung nicht zu belasten, nur um ein Dokument zu drucken. ezeep bietet die Flexibilit\u00e4t und Benutzerfreundlichkeit, die sowohl die IT-Abteilung als auch die Benutzer.innen sich w\u00fcnschen.<\/strong><\/p>\n","protected":false},"excerpt":{"rendered":"<p>So einfach managen Anwender.innen ihre eigenen Drucker Mit der neuen Funktion&nbsp;Meine Drucker&nbsp;im ezeep Blue User Portal verwalten Anwender.innen ihre eigenen Drucker, ohne dass die IT-Abteilung ihnen dabei zur Seite stehen muss.&nbsp;Meine Drucker&nbsp;entlastet somit die IT-Abteilung beim Verwalten des Benutzer.innen-Zugriffs auf die Drucker. Den Anwender.innen hingegen gibt das Feature die vollst\u00e4ndige Kontrolle \u00fcber das Drucken, unabh\u00e4ngig [&hellip;]<\/p>\n","protected":false},"author":4,"featured_media":12951,"parent":12888,"menu_order":0,"comment_status":"closed","ping_status":"closed","template":"","meta":{"_acf_changed":false,"inline_featured_image":false,"footnotes":""},"class_list":["post-12949","page","type-page","status-publish","has-post-thumbnail","hentry"],"acf":[],"yoast_head":"<!-- This site is optimized with the Yoast SEO Premium plugin v23.2 (Yoast SEO v23.2) - https:\/\/yoast.com\/wordpress\/plugins\/seo\/ -->\n<title>Manage Drucker mit der Selbstbedienungs-Druckerverwaltung<\/title>\n<meta name=\"description\" content=\"Die Selbstbedienungs-Druckerverwaltung mit MEINE DRUCKER erm\u00f6glicht es Benutzer.innen, ihre Drucker selbst zu managen und entlastet die IT.\" \/>\n<meta name=\"robots\" content=\"index, follow, max-snippet:-1, max-image-preview:large, max-video-preview:-1\" \/>\n<link rel=\"canonical\" href=\"https:\/\/www.ezeep.com\/de\/features\/meine-drucker\/\" \/>\n<meta property=\"og:locale\" content=\"de_DE\" \/>\n<meta property=\"og:type\" content=\"article\" \/>\n<meta property=\"og:title\" content=\"Meine Drucker\" \/>\n<meta property=\"og:description\" content=\"Die Selbstbedienungs-Druckerverwaltung mit MEINE DRUCKER erm\u00f6glicht es Benutzer.innen, ihre Drucker selbst zu managen und entlastet die IT.\" \/>\n<meta property=\"og:url\" content=\"https:\/\/www.ezeep.com\/de\/features\/meine-drucker\/\" \/>\n<meta property=\"og:site_name\" content=\"ezeep\" \/>\n<meta property=\"article:modified_time\" content=\"2023-05-16T08:38:07+00:00\" \/>\n<meta property=\"og:image\" content=\"https:\/\/www.ezeep.com\/wp-content\/uploads\/Meine-Drucker-Ansicht.png\" \/>\n\t<meta property=\"og:image:width\" content=\"1631\" \/>\n\t<meta property=\"og:image:height\" content=\"865\" \/>\n\t<meta property=\"og:image:type\" content=\"image\/png\" \/>\n<meta name=\"twitter:card\" content=\"summary_large_image\" \/>\n<meta name=\"twitter:label1\" content=\"Gesch\u00e4tzte Lesezeit\" \/>\n\t<meta name=\"twitter:data1\" content=\"2 Minuten\" \/>\n<script type=\"application\/ld+json\" class=\"yoast-schema-graph\">{\"@context\":\"https:\/\/schema.org\",\"@graph\":[{\"@type\":\"WebPage\",\"@id\":\"https:\/\/www.ezeep.com\/de\/features\/meine-drucker\/\",\"url\":\"https:\/\/www.ezeep.com\/de\/features\/meine-drucker\/\",\"name\":\"Manage Drucker mit der Selbstbedienungs-Druckerverwaltung\",\"isPartOf\":{\"@id\":\"https:\/\/www.ezeep.com\/de\/#website\"},\"primaryImageOfPage\":{\"@id\":\"https:\/\/www.ezeep.com\/de\/features\/meine-drucker\/#primaryimage\"},\"image\":{\"@id\":\"https:\/\/www.ezeep.com\/de\/features\/meine-drucker\/#primaryimage\"},\"thumbnailUrl\":\"https:\/\/www.ezeep.com\/wp-content\/uploads\/Meine-Drucker-Ansicht.png\",\"datePublished\":\"2023-05-15T12:56:47+00:00\",\"dateModified\":\"2023-05-16T08:38:07+00:00\",\"description\":\"Die Selbstbedienungs-Druckerverwaltung mit MEINE DRUCKER erm\u00f6glicht es Benutzer.innen, ihre Drucker selbst zu managen und entlastet die IT.\",\"breadcrumb\":{\"@id\":\"https:\/\/www.ezeep.com\/de\/features\/meine-drucker\/#breadcrumb\"},\"inLanguage\":\"de-DE\",\"potentialAction\":[{\"@type\":\"ReadAction\",\"target\":[\"https:\/\/www.ezeep.com\/de\/features\/meine-drucker\/\"]}]},{\"@type\":\"ImageObject\",\"inLanguage\":\"de-DE\",\"@id\":\"https:\/\/www.ezeep.com\/de\/features\/meine-drucker\/#primaryimage\",\"url\":\"https:\/\/www.ezeep.com\/wp-content\/uploads\/Meine-Drucker-Ansicht.png\",\"contentUrl\":\"https:\/\/www.ezeep.com\/wp-content\/uploads\/Meine-Drucker-Ansicht.png\",\"width\":1631,\"height\":865},{\"@type\":\"BreadcrumbList\",\"@id\":\"https:\/\/www.ezeep.com\/de\/features\/meine-drucker\/#breadcrumb\",\"itemListElement\":[{\"@type\":\"ListItem\",\"position\":1,\"name\":\"Home\",\"item\":\"https:\/\/www.ezeep.com\/de\/\"},{\"@type\":\"ListItem\",\"position\":2,\"name\":\"Features\",\"item\":\"https:\/\/www.ezeep.com\/de\/features\/\"},{\"@type\":\"ListItem\",\"position\":3,\"name\":\"Meine Drucker\"}]},{\"@type\":\"WebSite\",\"@id\":\"https:\/\/www.ezeep.com\/de\/#website\",\"url\":\"https:\/\/www.ezeep.com\/de\/\",\"name\":\"ezeep\",\"description\":\"Easy Printing Anytime, Anywhere\",\"publisher\":{\"@id\":\"https:\/\/www.ezeep.com\/de\/#organization\"},\"potentialAction\":[{\"@type\":\"SearchAction\",\"target\":{\"@type\":\"EntryPoint\",\"urlTemplate\":\"https:\/\/www.ezeep.com\/de\/?s={search_term_string}\"},\"query-input\":\"required name=search_term_string\"}],\"inLanguage\":\"de-DE\"},{\"@type\":\"Organization\",\"@id\":\"https:\/\/www.ezeep.com\/de\/#organization\",\"name\":\"ezeep\",\"url\":\"https:\/\/www.ezeep.com\/de\/\",\"logo\":{\"@type\":\"ImageObject\",\"inLanguage\":\"de-DE\",\"@id\":\"https:\/\/www.ezeep.com\/de\/#\/schema\/logo\/image\/\",\"url\":\"https:\/\/www.ezeep.com\/wp-content\/uploads\/logo-ezeep.png\",\"contentUrl\":\"https:\/\/www.ezeep.com\/wp-content\/uploads\/logo-ezeep.png\",\"width\":290,\"height\":192,\"caption\":\"ezeep\"},\"image\":{\"@id\":\"https:\/\/www.ezeep.com\/de\/#\/schema\/logo\/image\/\"}}]}<\/script>\n<!-- \/ Yoast SEO Premium plugin. -->","yoast_head_json":{"title":"Manage Drucker mit der Selbstbedienungs-Druckerverwaltung","description":"Die Selbstbedienungs-Druckerverwaltung mit MEINE DRUCKER erm\u00f6glicht es Benutzer.innen, ihre Drucker selbst zu managen und entlastet die IT.","robots":{"index":"index","follow":"follow","max-snippet":"max-snippet:-1","max-image-preview":"max-image-preview:large","max-video-preview":"max-video-preview:-1"},"canonical":"https:\/\/www.ezeep.com\/de\/features\/meine-drucker\/","og_locale":"de_DE","og_type":"article","og_title":"Meine Drucker","og_description":"Die Selbstbedienungs-Druckerverwaltung mit MEINE DRUCKER erm\u00f6glicht es Benutzer.innen, ihre Drucker selbst zu managen und entlastet die IT.","og_url":"https:\/\/www.ezeep.com\/de\/features\/meine-drucker\/","og_site_name":"ezeep","article_modified_time":"2023-05-16T08:38:07+00:00","og_image":[{"width":1631,"height":865,"url":"https:\/\/www.ezeep.com\/wp-content\/uploads\/Meine-Drucker-Ansicht.png","type":"image\/png"}],"twitter_card":"summary_large_image","twitter_misc":{"Gesch\u00e4tzte Lesezeit":"2 Minuten"},"schema":{"@context":"https:\/\/schema.org","@graph":[{"@type":"WebPage","@id":"https:\/\/www.ezeep.com\/de\/features\/meine-drucker\/","url":"https:\/\/www.ezeep.com\/de\/features\/meine-drucker\/","name":"Manage Drucker mit der Selbstbedienungs-Druckerverwaltung","isPartOf":{"@id":"https:\/\/www.ezeep.com\/de\/#website"},"primaryImageOfPage":{"@id":"https:\/\/www.ezeep.com\/de\/features\/meine-drucker\/#primaryimage"},"image":{"@id":"https:\/\/www.ezeep.com\/de\/features\/meine-drucker\/#primaryimage"},"thumbnailUrl":"https:\/\/www.ezeep.com\/wp-content\/uploads\/Meine-Drucker-Ansicht.png","datePublished":"2023-05-15T12:56:47+00:00","dateModified":"2023-05-16T08:38:07+00:00","description":"Die Selbstbedienungs-Druckerverwaltung mit MEINE DRUCKER erm\u00f6glicht es Benutzer.innen, ihre Drucker selbst zu managen und entlastet die IT.","breadcrumb":{"@id":"https:\/\/www.ezeep.com\/de\/features\/meine-drucker\/#breadcrumb"},"inLanguage":"de-DE","potentialAction":[{"@type":"ReadAction","target":["https:\/\/www.ezeep.com\/de\/features\/meine-drucker\/"]}]},{"@type":"ImageObject","inLanguage":"de-DE","@id":"https:\/\/www.ezeep.com\/de\/features\/meine-drucker\/#primaryimage","url":"https:\/\/www.ezeep.com\/wp-content\/uploads\/Meine-Drucker-Ansicht.png","contentUrl":"https:\/\/www.ezeep.com\/wp-content\/uploads\/Meine-Drucker-Ansicht.png","width":1631,"height":865},{"@type":"BreadcrumbList","@id":"https:\/\/www.ezeep.com\/de\/features\/meine-drucker\/#breadcrumb","itemListElement":[{"@type":"ListItem","position":1,"name":"Home","item":"https:\/\/www.ezeep.com\/de\/"},{"@type":"ListItem","position":2,"name":"Features","item":"https:\/\/www.ezeep.com\/de\/features\/"},{"@type":"ListItem","position":3,"name":"Meine Drucker"}]},{"@type":"WebSite","@id":"https:\/\/www.ezeep.com\/de\/#website","url":"https:\/\/www.ezeep.com\/de\/","name":"ezeep","description":"Easy Printing Anytime, Anywhere","publisher":{"@id":"https:\/\/www.ezeep.com\/de\/#organization"},"potentialAction":[{"@type":"SearchAction","target":{"@type":"EntryPoint","urlTemplate":"https:\/\/www.ezeep.com\/de\/?s={search_term_string}"},"query-input":"required name=search_term_string"}],"inLanguage":"de-DE"},{"@type":"Organization","@id":"https:\/\/www.ezeep.com\/de\/#organization","name":"ezeep","url":"https:\/\/www.ezeep.com\/de\/","logo":{"@type":"ImageObject","inLanguage":"de-DE","@id":"https:\/\/www.ezeep.com\/de\/#\/schema\/logo\/image\/","url":"https:\/\/www.ezeep.com\/wp-content\/uploads\/logo-ezeep.png","contentUrl":"https:\/\/www.ezeep.com\/wp-content\/uploads\/logo-ezeep.png","width":290,"height":192,"caption":"ezeep"},"image":{"@id":"https:\/\/www.ezeep.com\/de\/#\/schema\/logo\/image\/"}}]}},"_links":{"self":[{"href":"https:\/\/www.ezeep.com\/de\/wp-json\/wp\/v2\/pages\/12949"}],"collection":[{"href":"https:\/\/www.ezeep.com\/de\/wp-json\/wp\/v2\/pages"}],"about":[{"href":"https:\/\/www.ezeep.com\/de\/wp-json\/wp\/v2\/types\/page"}],"author":[{"embeddable":true,"href":"https:\/\/www.ezeep.com\/de\/wp-json\/wp\/v2\/users\/4"}],"replies":[{"embeddable":true,"href":"https:\/\/www.ezeep.com\/de\/wp-json\/wp\/v2\/comments?post=12949"}],"version-history":[{"count":0,"href":"https:\/\/www.ezeep.com\/de\/wp-json\/wp\/v2\/pages\/12949\/revisions"}],"up":[{"embeddable":true,"href":"https:\/\/www.ezeep.com\/de\/wp-json\/wp\/v2\/pages\/12888"}],"wp:featuredmedia":[{"embeddable":true,"href":"https:\/\/www.ezeep.com\/de\/wp-json\/wp\/v2\/media\/12951"}],"wp:attachment":[{"href":"https:\/\/www.ezeep.com\/de\/wp-json\/wp\/v2\/media?parent=12949"}],"curies":[{"name":"wp","href":"https:\/\/api.w.org\/{rel}","templated":true}]}}