{"id":12955,"date":"2023-05-15T13:16:20","date_gmt":"2023-05-15T13:16:20","guid":{"rendered":"https:\/\/www.ezeep.com\/?page_id=12955"},"modified":"2023-05-16T08:45:11","modified_gmt":"2023-05-16T08:45:11","slug":"treiberloses-drucken","status":"publish","type":"page","link":"https:\/\/www.ezeep.com\/de\/features\/treiberloses-drucken\/","title":{"rendered":"DRIVER FREE PRINTING \u2013 Cloud Rendering"},"content":{"rendered":"<div class=\"yoast-breadcrumbs\"><span><span><a href=\"https:\/\/www.ezeep.com\/de\/\">Home<\/a><\/span> \u00bb <span><a href=\"https:\/\/www.ezeep.com\/de\/features\/\">Features<\/a><\/span> \u00bb <span class=\"breadcrumb_last\" aria-current=\"page\">DRIVER FREE PRINTING \u2013 Cloud Rendering<\/span><\/span><\/div>\n\n\n<div style=\"height:20px\" aria-hidden=\"true\" class=\"wp-block-spacer\"><\/div>\n\n\n\n<p>Cloud-Printing-L\u00f6sungen verbinden bislang vor allem Drucker mit Anwendern. Die Druckaufbereitung findet jedoch vor Ort entweder auf dem Ger\u00e4t des Anwenders oder auf einem Server im Unternehmen statt. Dadurch verringern solche L\u00f6sungen aber in keiner Weise die bekannten Treiberprobleme. Nur ezeep bietet eine Weiterentwicklung des von ThinPrint bekannten DRIVER FREE PRINTINGS an und damit als erster Cloud-Printing-Anbieter eine L\u00f6sung, bei der auch die Druckaufbereitung vollst\u00e4ndig in der Cloud erfolgt: Cloud Rendering.<\/p>\n\n\n\n<div style=\"height:20px\" aria-hidden=\"true\" class=\"wp-block-spacer\"><\/div>\n\n\n\n<h3 class=\"wp-block-heading\" id=\"h-was-ist-rendering\">Was ist Rendering?<\/h3>\n\n\n\n<p>Die Druckaufbereitung bzw. das Rendering fasst all jene komplizierten und oft ressourcen-intensiven Prozesse zusammen, die notwendig sind, damit ein spezifischer Drucker die Daten, die eine Anwendung erzeugt hat, verstehen kann. Beim Rendering wird ein Druckauftrag also mit Hilfe eines Druckertreibers in ein druckerspezifisches Format \u00fcbersetzt. Dabei werden Anweisungen, wie das Dokument gedruckt werden soll (beispielsweise in Farbe und Duplex) \u00fcbergeben.<\/p>\n\n\n\n<h3 class=\"wp-block-heading\" id=\"h-warum-ezeep-cloud-rendering\">Warum ezeep Cloud Rendering?<\/h3>\n\n\n\n<p>Druckertreiber stellen durch Rendering sicher, dass auf die Vielfalt der Drucker mit ihren individuellen Eigenschaften gedruckt werden kann. Doch Druckertreiber verursachen auch zahlreiche Probleme, z.B. wenn sie nicht miteinander kompatibel sind. Deshalb werden bei ezeep Druckauftr\u00e4ge vollst\u00e4ndig in der Cloud aufbereitet. Dadurch entfallen alle Probleme mit Druckertreibern und nahezu alle bestehenden und neuen Druckermodelle k\u00f6nnen ohne Aufwand adressiert werden.<\/p>\n\n\n<div class=\"wp-block-image\">\n<figure class=\"aligncenter\"><img loading=\"lazy\" decoding=\"async\" width=\"842\" height=\"595\" src=\"https:\/\/www.ezeep.com\/wp-content\/uploads\/Cloud-Rendering-by-ezeep.png\" alt=\"Cloud Rendering vermeidet Probleme mit Druckertreibern\" class=\"wp-image-7458\" srcset=\"https:\/\/www.ezeep.com\/wp-content\/uploads\/Cloud-Rendering-by-ezeep.png 842w, https:\/\/www.ezeep.com\/wp-content\/uploads\/Cloud-Rendering-by-ezeep-300x212.png 300w, https:\/\/www.ezeep.com\/wp-content\/uploads\/Cloud-Rendering-by-ezeep-768x543.png 768w\" sizes=\"(max-width: 842px) 100vw, 842px\" \/><\/figure><\/div>\n\n\n<div style=\"height:20px\" aria-hidden=\"true\" class=\"wp-block-spacer\"><\/div>\n\n\n\n<h3 class=\"wp-block-heading\" id=\"h-vorteile\">Vorteile<\/h3>\n\n\n\n<ul class=\"wp-block-list\">\n<li><strong>Keine Druckertreiber<\/strong>&nbsp;\u2013 weder auf den PCs und Macs der Anwender noch auf einem Druckserver<\/li>\n\n\n\n<li><strong>Das Ende der aufw\u00e4ndigen Druckertreiberverwaltun<\/strong>g in Unternehmenszentrale und Au\u00dfenstellen: Admins m\u00fcssen sich nicht mehr mit der Verf\u00fcgbarkeit von Treibern f\u00fcr den modernen Arbeitsplatz und deren Kompatibilit\u00e4t besch\u00e4ftigen. Es m\u00fcssen keine entsprechenden lokalen Ressourcen vorgehalten und gewartet werden.<\/li>\n\n\n\n<li>In Niederlassungen kann der&nbsp;<a href=\"https:\/\/www.ezeep.com\/de\/hub\/\">komplett wartungsfreie ezeep Hub<\/a>&nbsp;kosten- und wartungsintensive&nbsp;<strong>Druckserver ersetzen<\/strong>.<\/li>\n\n\n\n<li><a href=\"https:\/\/www.ezeep.com\/de\/was-ist-cloud-rendering-und-warum-macht-es-ezeep-so-einzigartig\/\">ezeep Cloud Rendering l\u00e4sst sich vielf\u00e4ltig einsetzen<\/a>, ob beim mobilen Drucken, beim Drucken mit Thin Clients oder in einer serverlosen Druckarchitektur.<\/li>\n<\/ul>\n","protected":false},"excerpt":{"rendered":"<p>Cloud-Printing-L\u00f6sungen verbinden bislang vor allem Drucker mit Anwendern. Die Druckaufbereitung findet jedoch vor Ort entweder auf dem Ger\u00e4t des Anwenders oder auf einem Server im Unternehmen statt. Dadurch verringern solche L\u00f6sungen aber in keiner Weise die bekannten Treiberprobleme. Nur ezeep bietet eine Weiterentwicklung des von ThinPrint bekannten DRIVER FREE PRINTINGS an und damit als erster [&hellip;]<\/p>\n","protected":false},"author":4,"featured_media":7458,"parent":12888,"menu_order":0,"comment_status":"closed","ping_status":"closed","template":"","meta":{"_acf_changed":false,"inline_featured_image":false,"footnotes":""},"class_list":["post-12955","page","type-page","status-publish","has-post-thumbnail","hentry"],"acf":[],"yoast_head":"<!-- This site is optimized with the Yoast SEO Premium plugin v23.2 (Yoast SEO v23.2) - https:\/\/yoast.com\/wordpress\/plugins\/seo\/ -->\n<title>Cloud Rendering \u2013 Die Druckaufbereitung in der Cloud<\/title>\n<meta name=\"description\" content=\"Beim Cloud Rendering von ezeep werden Druckauftr\u00e4ge vollst\u00e4ndig in der Cloud aufbereitet. Keine Druckertreiberverwaltung n\u00f6tig!\" \/>\n<meta name=\"robots\" content=\"index, follow, max-snippet:-1, max-image-preview:large, max-video-preview:-1\" \/>\n<link rel=\"canonical\" href=\"https:\/\/www.ezeep.com\/de\/features\/treiberloses-drucken\/\" \/>\n<meta property=\"og:locale\" content=\"de_DE\" \/>\n<meta property=\"og:type\" content=\"article\" \/>\n<meta property=\"og:title\" content=\"DRIVER FREE PRINTING \u2013 Cloud Rendering\" \/>\n<meta property=\"og:description\" content=\"Beim Cloud Rendering von ezeep werden Druckauftr\u00e4ge vollst\u00e4ndig in der Cloud aufbereitet. Keine Druckertreiberverwaltung n\u00f6tig!\" \/>\n<meta property=\"og:url\" content=\"https:\/\/www.ezeep.com\/de\/features\/treiberloses-drucken\/\" \/>\n<meta property=\"og:site_name\" content=\"ezeep\" \/>\n<meta property=\"article:modified_time\" content=\"2023-05-16T08:45:11+00:00\" \/>\n<meta property=\"og:image\" content=\"https:\/\/www.ezeep.com\/wp-content\/uploads\/Cloud-Rendering-by-ezeep.png\" \/>\n\t<meta property=\"og:image:width\" content=\"842\" \/>\n\t<meta property=\"og:image:height\" content=\"595\" \/>\n\t<meta property=\"og:image:type\" content=\"image\/png\" \/>\n<meta name=\"twitter:card\" content=\"summary_large_image\" \/>\n<meta name=\"twitter:label1\" content=\"Gesch\u00e4tzte Lesezeit\" \/>\n\t<meta name=\"twitter:data1\" content=\"2 Minuten\" \/>\n<script type=\"application\/ld+json\" class=\"yoast-schema-graph\">{\"@context\":\"https:\/\/schema.org\",\"@graph\":[{\"@type\":\"WebPage\",\"@id\":\"https:\/\/www.ezeep.com\/de\/features\/treiberloses-drucken\/\",\"url\":\"https:\/\/www.ezeep.com\/de\/features\/treiberloses-drucken\/\",\"name\":\"Cloud Rendering \u2013 Die Druckaufbereitung in der Cloud\",\"isPartOf\":{\"@id\":\"https:\/\/www.ezeep.com\/de\/#website\"},\"primaryImageOfPage\":{\"@id\":\"https:\/\/www.ezeep.com\/de\/features\/treiberloses-drucken\/#primaryimage\"},\"image\":{\"@id\":\"https:\/\/www.ezeep.com\/de\/features\/treiberloses-drucken\/#primaryimage\"},\"thumbnailUrl\":\"https:\/\/www.ezeep.com\/wp-content\/uploads\/Cloud-Rendering-by-ezeep.png\",\"datePublished\":\"2023-05-15T13:16:20+00:00\",\"dateModified\":\"2023-05-16T08:45:11+00:00\",\"description\":\"Beim Cloud Rendering von ezeep werden Druckauftr\u00e4ge vollst\u00e4ndig in der Cloud aufbereitet. Keine Druckertreiberverwaltung n\u00f6tig!\",\"breadcrumb\":{\"@id\":\"https:\/\/www.ezeep.com\/de\/features\/treiberloses-drucken\/#breadcrumb\"},\"inLanguage\":\"de-DE\",\"potentialAction\":[{\"@type\":\"ReadAction\",\"target\":[\"https:\/\/www.ezeep.com\/de\/features\/treiberloses-drucken\/\"]}]},{\"@type\":\"ImageObject\",\"inLanguage\":\"de-DE\",\"@id\":\"https:\/\/www.ezeep.com\/de\/features\/treiberloses-drucken\/#primaryimage\",\"url\":\"https:\/\/www.ezeep.com\/wp-content\/uploads\/Cloud-Rendering-by-ezeep.png\",\"contentUrl\":\"https:\/\/www.ezeep.com\/wp-content\/uploads\/Cloud-Rendering-by-ezeep.png\",\"width\":842,\"height\":595,\"caption\":\"Cloud Rendering vermeidet Probleme mit Druckertreibern\"},{\"@type\":\"BreadcrumbList\",\"@id\":\"https:\/\/www.ezeep.com\/de\/features\/treiberloses-drucken\/#breadcrumb\",\"itemListElement\":[{\"@type\":\"ListItem\",\"position\":1,\"name\":\"Home\",\"item\":\"https:\/\/www.ezeep.com\/de\/\"},{\"@type\":\"ListItem\",\"position\":2,\"name\":\"Features\",\"item\":\"https:\/\/www.ezeep.com\/de\/features\/\"},{\"@type\":\"ListItem\",\"position\":3,\"name\":\"DRIVER FREE PRINTING \u2013 Cloud Rendering\"}]},{\"@type\":\"WebSite\",\"@id\":\"https:\/\/www.ezeep.com\/de\/#website\",\"url\":\"https:\/\/www.ezeep.com\/de\/\",\"name\":\"ezeep\",\"description\":\"Easy Printing Anytime, Anywhere\",\"publisher\":{\"@id\":\"https:\/\/www.ezeep.com\/de\/#organization\"},\"potentialAction\":[{\"@type\":\"SearchAction\",\"target\":{\"@type\":\"EntryPoint\",\"urlTemplate\":\"https:\/\/www.ezeep.com\/de\/?s={search_term_string}\"},\"query-input\":\"required name=search_term_string\"}],\"inLanguage\":\"de-DE\"},{\"@type\":\"Organization\",\"@id\":\"https:\/\/www.ezeep.com\/de\/#organization\",\"name\":\"ezeep\",\"url\":\"https:\/\/www.ezeep.com\/de\/\",\"logo\":{\"@type\":\"ImageObject\",\"inLanguage\":\"de-DE\",\"@id\":\"https:\/\/www.ezeep.com\/de\/#\/schema\/logo\/image\/\",\"url\":\"https:\/\/www.ezeep.com\/wp-content\/uploads\/logo-ezeep.png\",\"contentUrl\":\"https:\/\/www.ezeep.com\/wp-content\/uploads\/logo-ezeep.png\",\"width\":290,\"height\":192,\"caption\":\"ezeep\"},\"image\":{\"@id\":\"https:\/\/www.ezeep.com\/de\/#\/schema\/logo\/image\/\"}}]}<\/script>\n<!-- \/ Yoast SEO Premium plugin. -->","yoast_head_json":{"title":"Cloud Rendering \u2013 Die Druckaufbereitung in der Cloud","description":"Beim Cloud Rendering von ezeep werden Druckauftr\u00e4ge vollst\u00e4ndig in der Cloud aufbereitet. Keine Druckertreiberverwaltung n\u00f6tig!","robots":{"index":"index","follow":"follow","max-snippet":"max-snippet:-1","max-image-preview":"max-image-preview:large","max-video-preview":"max-video-preview:-1"},"canonical":"https:\/\/www.ezeep.com\/de\/features\/treiberloses-drucken\/","og_locale":"de_DE","og_type":"article","og_title":"DRIVER FREE PRINTING \u2013 Cloud Rendering","og_description":"Beim Cloud Rendering von ezeep werden Druckauftr\u00e4ge vollst\u00e4ndig in der Cloud aufbereitet. Keine Druckertreiberverwaltung n\u00f6tig!","og_url":"https:\/\/www.ezeep.com\/de\/features\/treiberloses-drucken\/","og_site_name":"ezeep","article_modified_time":"2023-05-16T08:45:11+00:00","og_image":[{"width":842,"height":595,"url":"https:\/\/www.ezeep.com\/wp-content\/uploads\/Cloud-Rendering-by-ezeep.png","type":"image\/png"}],"twitter_card":"summary_large_image","twitter_misc":{"Gesch\u00e4tzte Lesezeit":"2 Minuten"},"schema":{"@context":"https:\/\/schema.org","@graph":[{"@type":"WebPage","@id":"https:\/\/www.ezeep.com\/de\/features\/treiberloses-drucken\/","url":"https:\/\/www.ezeep.com\/de\/features\/treiberloses-drucken\/","name":"Cloud Rendering \u2013 Die Druckaufbereitung in der Cloud","isPartOf":{"@id":"https:\/\/www.ezeep.com\/de\/#website"},"primaryImageOfPage":{"@id":"https:\/\/www.ezeep.com\/de\/features\/treiberloses-drucken\/#primaryimage"},"image":{"@id":"https:\/\/www.ezeep.com\/de\/features\/treiberloses-drucken\/#primaryimage"},"thumbnailUrl":"https:\/\/www.ezeep.com\/wp-content\/uploads\/Cloud-Rendering-by-ezeep.png","datePublished":"2023-05-15T13:16:20+00:00","dateModified":"2023-05-16T08:45:11+00:00","description":"Beim Cloud Rendering von ezeep werden Druckauftr\u00e4ge vollst\u00e4ndig in der Cloud aufbereitet. Keine Druckertreiberverwaltung n\u00f6tig!","breadcrumb":{"@id":"https:\/\/www.ezeep.com\/de\/features\/treiberloses-drucken\/#breadcrumb"},"inLanguage":"de-DE","potentialAction":[{"@type":"ReadAction","target":["https:\/\/www.ezeep.com\/de\/features\/treiberloses-drucken\/"]}]},{"@type":"ImageObject","inLanguage":"de-DE","@id":"https:\/\/www.ezeep.com\/de\/features\/treiberloses-drucken\/#primaryimage","url":"https:\/\/www.ezeep.com\/wp-content\/uploads\/Cloud-Rendering-by-ezeep.png","contentUrl":"https:\/\/www.ezeep.com\/wp-content\/uploads\/Cloud-Rendering-by-ezeep.png","width":842,"height":595,"caption":"Cloud Rendering vermeidet Probleme mit Druckertreibern"},{"@type":"BreadcrumbList","@id":"https:\/\/www.ezeep.com\/de\/features\/treiberloses-drucken\/#breadcrumb","itemListElement":[{"@type":"ListItem","position":1,"name":"Home","item":"https:\/\/www.ezeep.com\/de\/"},{"@type":"ListItem","position":2,"name":"Features","item":"https:\/\/www.ezeep.com\/de\/features\/"},{"@type":"ListItem","position":3,"name":"DRIVER FREE PRINTING \u2013 Cloud Rendering"}]},{"@type":"WebSite","@id":"https:\/\/www.ezeep.com\/de\/#website","url":"https:\/\/www.ezeep.com\/de\/","name":"ezeep","description":"Easy Printing Anytime, Anywhere","publisher":{"@id":"https:\/\/www.ezeep.com\/de\/#organization"},"potentialAction":[{"@type":"SearchAction","target":{"@type":"EntryPoint","urlTemplate":"https:\/\/www.ezeep.com\/de\/?s={search_term_string}"},"query-input":"required name=search_term_string"}],"inLanguage":"de-DE"},{"@type":"Organization","@id":"https:\/\/www.ezeep.com\/de\/#organization","name":"ezeep","url":"https:\/\/www.ezeep.com\/de\/","logo":{"@type":"ImageObject","inLanguage":"de-DE","@id":"https:\/\/www.ezeep.com\/de\/#\/schema\/logo\/image\/","url":"https:\/\/www.ezeep.com\/wp-content\/uploads\/logo-ezeep.png","contentUrl":"https:\/\/www.ezeep.com\/wp-content\/uploads\/logo-ezeep.png","width":290,"height":192,"caption":"ezeep"},"image":{"@id":"https:\/\/www.ezeep.com\/de\/#\/schema\/logo\/image\/"}}]}},"_links":{"self":[{"href":"https:\/\/www.ezeep.com\/de\/wp-json\/wp\/v2\/pages\/12955"}],"collection":[{"href":"https:\/\/www.ezeep.com\/de\/wp-json\/wp\/v2\/pages"}],"about":[{"href":"https:\/\/www.ezeep.com\/de\/wp-json\/wp\/v2\/types\/page"}],"author":[{"embeddable":true,"href":"https:\/\/www.ezeep.com\/de\/wp-json\/wp\/v2\/users\/4"}],"replies":[{"embeddable":true,"href":"https:\/\/www.ezeep.com\/de\/wp-json\/wp\/v2\/comments?post=12955"}],"version-history":[{"count":0,"href":"https:\/\/www.ezeep.com\/de\/wp-json\/wp\/v2\/pages\/12955\/revisions"}],"up":[{"embeddable":true,"href":"https:\/\/www.ezeep.com\/de\/wp-json\/wp\/v2\/pages\/12888"}],"wp:featuredmedia":[{"embeddable":true,"href":"https:\/\/www.ezeep.com\/de\/wp-json\/wp\/v2\/media\/7458"}],"wp:attachment":[{"href":"https:\/\/www.ezeep.com\/de\/wp-json\/wp\/v2\/media?parent=12955"}],"curies":[{"name":"wp","href":"https:\/\/api.w.org\/{rel}","templated":true}]}}