{"id":12956,"date":"2023-05-15T13:26:55","date_gmt":"2023-05-15T13:26:55","guid":{"rendered":"https:\/\/www.ezeep.com\/?page_id=12956"},"modified":"2023-05-16T08:53:40","modified_gmt":"2023-05-16T08:53:40","slug":"direktes-ip-drucken","status":"publish","type":"page","link":"https:\/\/www.ezeep.com\/de\/loesungen\/direktes-ip-drucken\/","title":{"rendered":"Direktes IP-Drucken"},"content":{"rendered":"<div class=\"yoast-breadcrumbs\"><span><span><a href=\"https:\/\/www.ezeep.com\/de\/\">Home<\/a><\/span> \u00bb <span><a href=\"https:\/\/www.ezeep.com\/de\/loesungen\/\">L\u00f6sungen<\/a><\/span> \u00bb <span class=\"breadcrumb_last\" aria-current=\"page\">Direktes IP-Drucken<\/span><\/span><\/div>\n\n\n<div style=\"height:20px\" aria-hidden=\"true\" class=\"wp-block-spacer\"><\/div>\n\n\n\n<h3 class=\"wp-block-heading\">Lege gleich los und profitiere von direktem IP-Printing ohne administrativen Aufwand<\/h3>\n\n\n\n<p>Setzt man auf lokales Drucken ohne Druckserver, also direktes IP-Drucken, erkauft man sich dieses in der Regel mit einem hohen administrativen Aufwand. Nicht so bei ezeep Dash. Mit ezeep Dash k\u00f6nnen deine Anwender.innen einfach und schnell lokal drucken, w\u00e4hrend die Druckumgebung m\u00fchelos \u00fcber ein Cloud-Portal verwaltet wird. Lege Nutzer.innen an, definiere Drucker und weisen diese einzelnen Nutzern.innen oder Nutzergruppen zu. Fertig!<\/p>\n\n\n\n<p>Der ezeep Dash User Assistant \u00fcbernimmt die Installation der Drucker auf den PCs und Macs der Anwender. Dabei wird der passende Druckertreiber entsprechend dem Modell und dem vom Anwender verwendeten Betriebssystem aus dem&nbsp;<a href=\"https:\/\/www.ezeep.com\/de\/loesung\/cloud-driver-store\/\">Cloud-Druckertreiber-Store<\/a>&nbsp;geladen.<\/p>\n\n\n\n<div style=\"height:20px\" aria-hidden=\"true\" class=\"wp-block-spacer\"><\/div>\n\n\n<div class=\"wp-block-image\">\n<figure class=\"aligncenter\"><img loading=\"lazy\" decoding=\"async\" width=\"1024\" height=\"823\" src=\"http:\/\/ezeep2b.wpengine.com\/wp-content\/uploads\/ip-printing-2-1024x823.png\" alt=\"ezeep Dash bietet direktes IP Printing ohne administrativen Aufwand\" class=\"wp-image-3416\" srcset=\"https:\/\/www.ezeep.com\/wp-content\/uploads\/ip-printing-2-1024x823.png 1024w, https:\/\/www.ezeep.com\/wp-content\/uploads\/ip-printing-2-300x241.png 300w, https:\/\/www.ezeep.com\/wp-content\/uploads\/ip-printing-2-768x617.png 768w, https:\/\/www.ezeep.com\/wp-content\/uploads\/ip-printing-2.png 1444w\" sizes=\"(max-width: 1024px) 100vw, 1024px\" \/><\/figure><\/div>\n\n\n<h3 class=\"wp-block-heading\" id=\"h-vorteile\">Vorteile<\/h3>\n\n\n\n<ul class=\"wp-block-list\">\n<li><strong>Einfachstes Druckmanagement<\/strong>: Direct-IP-Drucker lassen sich in wenigen Schritten in der Cloud-Konsole einrichten und verwalten.<\/li>\n\n\n\n<li><strong>Keine manuelle Einrichtung auf den PCs oder Macs<\/strong>: Anwender.innen k\u00f6nnen einfach drucken.<\/li>\n\n\n\n<li>Ohne Aufwand Drucker verteilen: Es werden&nbsp;<strong>keine Gruppenrichtlinien, Skripte oder Server<\/strong>&nbsp;ben\u00f6tigt.<\/li>\n\n\n\n<li><strong>Drucken ohne Internetverbindung<\/strong>: Der Druckprozess findet zu 100% lokal statt. Daher k\u00f6nnen deine Anwender.innen zu jeder Zeit drucken, selbst wenn die Internetverbindung gest\u00f6rt sein sollte.<\/li>\n\n\n\n<li><strong>Beliebig skalierbar<\/strong>&nbsp;durch simples Hinzuf\u00fcgen von Nutzer.innen bzw. Nutzergruppen oder Druckern<\/li>\n<\/ul>\n","protected":false},"excerpt":{"rendered":"<p>Lege gleich los und profitiere von direktem IP-Printing ohne administrativen Aufwand Setzt man auf lokales Drucken ohne Druckserver, also direktes IP-Drucken, erkauft man sich dieses in der Regel mit einem hohen administrativen Aufwand. Nicht so bei ezeep Dash. Mit ezeep Dash k\u00f6nnen deine Anwender.innen einfach und schnell lokal drucken, w\u00e4hrend die Druckumgebung m\u00fchelos \u00fcber ein [&hellip;]<\/p>\n","protected":false},"author":4,"featured_media":0,"parent":9533,"menu_order":0,"comment_status":"closed","ping_status":"closed","template":"","meta":{"_acf_changed":false,"inline_featured_image":false,"footnotes":""},"class_list":["post-12956","page","type-page","status-publish","hentry"],"acf":[],"yoast_head":"<!-- This site is optimized with the Yoast SEO Premium plugin v23.2 (Yoast SEO v23.2) - https:\/\/yoast.com\/wordpress\/plugins\/seo\/ -->\n<title>Direktes IP-Drucken mit Druckmanagement in der Cloud<\/title>\n<meta name=\"description\" content=\"Direktes IP-Drucken ohne administrativen Aufwand: Anwender drucken lokal, die Druckumgebung wird \u00fcber ein Cloud-Portal verwaltet.\" \/>\n<meta name=\"robots\" content=\"index, follow, max-snippet:-1, max-image-preview:large, max-video-preview:-1\" \/>\n<link rel=\"canonical\" href=\"https:\/\/www.ezeep.com\/de\/loesungen\/direktes-ip-drucken\/\" \/>\n<meta property=\"og:locale\" content=\"de_DE\" \/>\n<meta property=\"og:type\" content=\"article\" \/>\n<meta property=\"og:title\" content=\"Direktes IP-Drucken\" \/>\n<meta property=\"og:description\" content=\"Direktes IP-Drucken ohne administrativen Aufwand: Anwender drucken lokal, die Druckumgebung wird \u00fcber ein Cloud-Portal verwaltet.\" \/>\n<meta property=\"og:url\" content=\"https:\/\/www.ezeep.com\/de\/loesungen\/direktes-ip-drucken\/\" \/>\n<meta property=\"og:site_name\" content=\"ezeep\" \/>\n<meta property=\"article:modified_time\" content=\"2023-05-16T08:53:40+00:00\" \/>\n<meta property=\"og:image\" content=\"http:\/\/ezeep2b.wpengine.com\/wp-content\/uploads\/ip-printing-2-1024x823.png\" \/>\n<meta name=\"twitter:card\" content=\"summary_large_image\" \/>\n<meta name=\"twitter:label1\" content=\"Gesch\u00e4tzte Lesezeit\" \/>\n\t<meta name=\"twitter:data1\" content=\"1 Minute\" \/>\n<script type=\"application\/ld+json\" class=\"yoast-schema-graph\">{\"@context\":\"https:\/\/schema.org\",\"@graph\":[{\"@type\":\"WebPage\",\"@id\":\"https:\/\/www.ezeep.com\/de\/loesungen\/direktes-ip-drucken\/\",\"url\":\"https:\/\/www.ezeep.com\/de\/loesungen\/direktes-ip-drucken\/\",\"name\":\"Direktes IP-Drucken mit Druckmanagement in der Cloud\",\"isPartOf\":{\"@id\":\"https:\/\/www.ezeep.com\/de\/#website\"},\"primaryImageOfPage\":{\"@id\":\"https:\/\/www.ezeep.com\/de\/loesungen\/direktes-ip-drucken\/#primaryimage\"},\"image\":{\"@id\":\"https:\/\/www.ezeep.com\/de\/loesungen\/direktes-ip-drucken\/#primaryimage\"},\"thumbnailUrl\":\"http:\/\/ezeep2b.wpengine.com\/wp-content\/uploads\/ip-printing-2-1024x823.png\",\"datePublished\":\"2023-05-15T13:26:55+00:00\",\"dateModified\":\"2023-05-16T08:53:40+00:00\",\"description\":\"Direktes IP-Drucken ohne administrativen Aufwand: Anwender drucken lokal, die Druckumgebung wird \u00fcber ein Cloud-Portal verwaltet.\",\"breadcrumb\":{\"@id\":\"https:\/\/www.ezeep.com\/de\/loesungen\/direktes-ip-drucken\/#breadcrumb\"},\"inLanguage\":\"de-DE\",\"potentialAction\":[{\"@type\":\"ReadAction\",\"target\":[\"https:\/\/www.ezeep.com\/de\/loesungen\/direktes-ip-drucken\/\"]}]},{\"@type\":\"ImageObject\",\"inLanguage\":\"de-DE\",\"@id\":\"https:\/\/www.ezeep.com\/de\/loesungen\/direktes-ip-drucken\/#primaryimage\",\"url\":\"http:\/\/ezeep2b.wpengine.com\/wp-content\/uploads\/ip-printing-2-1024x823.png\",\"contentUrl\":\"http:\/\/ezeep2b.wpengine.com\/wp-content\/uploads\/ip-printing-2-1024x823.png\"},{\"@type\":\"BreadcrumbList\",\"@id\":\"https:\/\/www.ezeep.com\/de\/loesungen\/direktes-ip-drucken\/#breadcrumb\",\"itemListElement\":[{\"@type\":\"ListItem\",\"position\":1,\"name\":\"Home\",\"item\":\"https:\/\/www.ezeep.com\/de\/\"},{\"@type\":\"ListItem\",\"position\":2,\"name\":\"L\u00f6sungen\",\"item\":\"https:\/\/www.ezeep.com\/de\/loesungen\/\"},{\"@type\":\"ListItem\",\"position\":3,\"name\":\"Direktes IP-Drucken\"}]},{\"@type\":\"WebSite\",\"@id\":\"https:\/\/www.ezeep.com\/de\/#website\",\"url\":\"https:\/\/www.ezeep.com\/de\/\",\"name\":\"ezeep\",\"description\":\"Easy Printing Anytime, Anywhere\",\"publisher\":{\"@id\":\"https:\/\/www.ezeep.com\/de\/#organization\"},\"potentialAction\":[{\"@type\":\"SearchAction\",\"target\":{\"@type\":\"EntryPoint\",\"urlTemplate\":\"https:\/\/www.ezeep.com\/de\/?s={search_term_string}\"},\"query-input\":\"required name=search_term_string\"}],\"inLanguage\":\"de-DE\"},{\"@type\":\"Organization\",\"@id\":\"https:\/\/www.ezeep.com\/de\/#organization\",\"name\":\"ezeep\",\"url\":\"https:\/\/www.ezeep.com\/de\/\",\"logo\":{\"@type\":\"ImageObject\",\"inLanguage\":\"de-DE\",\"@id\":\"https:\/\/www.ezeep.com\/de\/#\/schema\/logo\/image\/\",\"url\":\"https:\/\/www.ezeep.com\/wp-content\/uploads\/logo-ezeep.png\",\"contentUrl\":\"https:\/\/www.ezeep.com\/wp-content\/uploads\/logo-ezeep.png\",\"width\":290,\"height\":192,\"caption\":\"ezeep\"},\"image\":{\"@id\":\"https:\/\/www.ezeep.com\/de\/#\/schema\/logo\/image\/\"}}]}<\/script>\n<!-- \/ Yoast SEO Premium plugin. -->","yoast_head_json":{"title":"Direktes IP-Drucken mit Druckmanagement in der Cloud","description":"Direktes IP-Drucken ohne administrativen Aufwand: Anwender drucken lokal, die Druckumgebung wird \u00fcber ein Cloud-Portal verwaltet.","robots":{"index":"index","follow":"follow","max-snippet":"max-snippet:-1","max-image-preview":"max-image-preview:large","max-video-preview":"max-video-preview:-1"},"canonical":"https:\/\/www.ezeep.com\/de\/loesungen\/direktes-ip-drucken\/","og_locale":"de_DE","og_type":"article","og_title":"Direktes IP-Drucken","og_description":"Direktes IP-Drucken ohne administrativen Aufwand: Anwender drucken lokal, die Druckumgebung wird \u00fcber ein Cloud-Portal verwaltet.","og_url":"https:\/\/www.ezeep.com\/de\/loesungen\/direktes-ip-drucken\/","og_site_name":"ezeep","article_modified_time":"2023-05-16T08:53:40+00:00","og_image":[{"url":"http:\/\/ezeep2b.wpengine.com\/wp-content\/uploads\/ip-printing-2-1024x823.png"}],"twitter_card":"summary_large_image","twitter_misc":{"Gesch\u00e4tzte Lesezeit":"1 Minute"},"schema":{"@context":"https:\/\/schema.org","@graph":[{"@type":"WebPage","@id":"https:\/\/www.ezeep.com\/de\/loesungen\/direktes-ip-drucken\/","url":"https:\/\/www.ezeep.com\/de\/loesungen\/direktes-ip-drucken\/","name":"Direktes IP-Drucken mit Druckmanagement in der Cloud","isPartOf":{"@id":"https:\/\/www.ezeep.com\/de\/#website"},"primaryImageOfPage":{"@id":"https:\/\/www.ezeep.com\/de\/loesungen\/direktes-ip-drucken\/#primaryimage"},"image":{"@id":"https:\/\/www.ezeep.com\/de\/loesungen\/direktes-ip-drucken\/#primaryimage"},"thumbnailUrl":"http:\/\/ezeep2b.wpengine.com\/wp-content\/uploads\/ip-printing-2-1024x823.png","datePublished":"2023-05-15T13:26:55+00:00","dateModified":"2023-05-16T08:53:40+00:00","description":"Direktes IP-Drucken ohne administrativen Aufwand: Anwender drucken lokal, die Druckumgebung wird \u00fcber ein Cloud-Portal verwaltet.","breadcrumb":{"@id":"https:\/\/www.ezeep.com\/de\/loesungen\/direktes-ip-drucken\/#breadcrumb"},"inLanguage":"de-DE","potentialAction":[{"@type":"ReadAction","target":["https:\/\/www.ezeep.com\/de\/loesungen\/direktes-ip-drucken\/"]}]},{"@type":"ImageObject","inLanguage":"de-DE","@id":"https:\/\/www.ezeep.com\/de\/loesungen\/direktes-ip-drucken\/#primaryimage","url":"http:\/\/ezeep2b.wpengine.com\/wp-content\/uploads\/ip-printing-2-1024x823.png","contentUrl":"http:\/\/ezeep2b.wpengine.com\/wp-content\/uploads\/ip-printing-2-1024x823.png"},{"@type":"BreadcrumbList","@id":"https:\/\/www.ezeep.com\/de\/loesungen\/direktes-ip-drucken\/#breadcrumb","itemListElement":[{"@type":"ListItem","position":1,"name":"Home","item":"https:\/\/www.ezeep.com\/de\/"},{"@type":"ListItem","position":2,"name":"L\u00f6sungen","item":"https:\/\/www.ezeep.com\/de\/loesungen\/"},{"@type":"ListItem","position":3,"name":"Direktes IP-Drucken"}]},{"@type":"WebSite","@id":"https:\/\/www.ezeep.com\/de\/#website","url":"https:\/\/www.ezeep.com\/de\/","name":"ezeep","description":"Easy Printing Anytime, Anywhere","publisher":{"@id":"https:\/\/www.ezeep.com\/de\/#organization"},"potentialAction":[{"@type":"SearchAction","target":{"@type":"EntryPoint","urlTemplate":"https:\/\/www.ezeep.com\/de\/?s={search_term_string}"},"query-input":"required name=search_term_string"}],"inLanguage":"de-DE"},{"@type":"Organization","@id":"https:\/\/www.ezeep.com\/de\/#organization","name":"ezeep","url":"https:\/\/www.ezeep.com\/de\/","logo":{"@type":"ImageObject","inLanguage":"de-DE","@id":"https:\/\/www.ezeep.com\/de\/#\/schema\/logo\/image\/","url":"https:\/\/www.ezeep.com\/wp-content\/uploads\/logo-ezeep.png","contentUrl":"https:\/\/www.ezeep.com\/wp-content\/uploads\/logo-ezeep.png","width":290,"height":192,"caption":"ezeep"},"image":{"@id":"https:\/\/www.ezeep.com\/de\/#\/schema\/logo\/image\/"}}]}},"_links":{"self":[{"href":"https:\/\/www.ezeep.com\/de\/wp-json\/wp\/v2\/pages\/12956"}],"collection":[{"href":"https:\/\/www.ezeep.com\/de\/wp-json\/wp\/v2\/pages"}],"about":[{"href":"https:\/\/www.ezeep.com\/de\/wp-json\/wp\/v2\/types\/page"}],"author":[{"embeddable":true,"href":"https:\/\/www.ezeep.com\/de\/wp-json\/wp\/v2\/users\/4"}],"replies":[{"embeddable":true,"href":"https:\/\/www.ezeep.com\/de\/wp-json\/wp\/v2\/comments?post=12956"}],"version-history":[{"count":0,"href":"https:\/\/www.ezeep.com\/de\/wp-json\/wp\/v2\/pages\/12956\/revisions"}],"up":[{"embeddable":true,"href":"https:\/\/www.ezeep.com\/de\/wp-json\/wp\/v2\/pages\/9533"}],"wp:attachment":[{"href":"https:\/\/www.ezeep.com\/de\/wp-json\/wp\/v2\/media?parent=12956"}],"curies":[{"name":"wp","href":"https:\/\/api.w.org\/{rel}","templated":true}]}}