{"id":3473,"date":"2017-09-06T09:59:18","date_gmt":"2017-09-06T09:59:18","guid":{"rendered":"http:\/\/ezeep2b.wpengine.com\/?page_id=3473"},"modified":"2025-12-15T14:35:29","modified_gmt":"2025-12-15T14:35:29","slug":"kontakt","status":"publish","type":"page","link":"https:\/\/www.ezeep.com\/de\/kontakt\/","title":{"rendered":"Kontakt"},"content":{"rendered":"\n<p class=\"has-text-align-center\"><\/p>\n\n\n\n<div class=\"wp-block-group alignfull\"><div class=\"wp-block-group__inner-container is-layout-constrained wp-block-group-is-layout-constrained\">\n<div class=\"wp-block-cover alignfull\"><span aria-hidden=\"true\" class=\"wp-block-cover__background has-background-dim-0 has-background-dim\" style=\"background-color:#74bfd4\"><\/span><img loading=\"lazy\" decoding=\"async\" width=\"1000\" height=\"667\" class=\"wp-block-cover__image-background wp-image-7911\" alt=\"\" src=\"https:\/\/www.ezeep.com\/wp-content\/uploads\/ezeep-surface.png\" data-object-fit=\"cover\" srcset=\"https:\/\/www.ezeep.com\/wp-content\/uploads\/ezeep-surface.png 1000w, https:\/\/www.ezeep.com\/wp-content\/uploads\/ezeep-surface-300x200.png 300w, https:\/\/www.ezeep.com\/wp-content\/uploads\/ezeep-surface-768x512.png 768w\" sizes=\"(max-width: 1000px) 100vw, 1000px\" \/><div class=\"wp-block-cover__inner-container is-layout-flow wp-block-cover-is-layout-flow\">\n<div class=\"wp-block-group alignwide\"><div class=\"wp-block-group__inner-container is-layout-constrained wp-block-group-is-layout-constrained\">\n<div style=\"height:50px\" aria-hidden=\"true\" class=\"wp-block-spacer\"><\/div>\n\n\n\n<h1 class=\"wp-block-heading has-white-color has-text-color has-x-large-font-size\" id=\"h-tritt-mit-uns-in-kontakt\">Tritt mit uns in Kontakt<\/h1>\n\n\n\n<div style=\"height:4px\" aria-hidden=\"true\" class=\"wp-block-spacer\"><\/div>\n\n\n\n<p class=\"has-white-color has-text-color\" style=\"font-size:22px\">Hast du Fragen, m\u00f6chtest du Ideen f\u00fcr ein neues Projekt besprechen oder einfach nur Hallo sagen? Dann w\u00e4hl eine der folgenden M\u00f6glichkeiten, um mit uns in Verbindung zu treten.<\/p>\n\n\n\n<div style=\"height:15px\" aria-hidden=\"true\" class=\"wp-block-spacer\"><\/div>\n\n\n\n<div style=\"height:50px\" aria-hidden=\"true\" class=\"wp-block-spacer\"><\/div>\n<\/div><\/div>\n<\/div><\/div>\n<\/div><\/div>\n\n\n\n<p class=\"has-text-align-center\"><\/p>\n\n\n\n<div class=\"wp-block-group\"><div class=\"wp-block-group__inner-container is-layout-constrained wp-block-group-is-layout-constrained\">\n<div style=\"height:30px\" aria-hidden=\"true\" class=\"wp-block-spacer\"><\/div>\n<\/div><\/div>\n\n\n\n<div class=\"wp-block-group alignwide has-white-background-color has-background\"><div class=\"wp-block-group__inner-container is-layout-constrained wp-block-group-is-layout-constrained\">\n<div style=\"height:54px\" aria-hidden=\"true\" class=\"wp-block-spacer\"><\/div>\n\n\n\n<div style=\"height:0px\" aria-hidden=\"true\" class=\"wp-block-spacer\"><\/div>\n\n\n\n<div class=\"wp-block-columns alignwide is-layout-flex wp-container-core-columns-is-layout-1 wp-block-columns-is-layout-flex\">\n<div class=\"wp-block-column has-white-background-color has-background is-layout-flow wp-block-column-is-layout-flow\">\n<div class=\"wp-block-group\"><div class=\"wp-block-group__inner-container is-layout-constrained wp-block-group-is-layout-constrained\"><div class=\"wp-block-image is-style-rounded\">\n<figure class=\"aligncenter size-full is-resized\"><img loading=\"lazy\" decoding=\"async\" width=\"800\" height=\"800\" src=\"https:\/\/www.ezeep.com\/wp-content\/uploads\/01-icon-1.png\" alt=\"\" class=\"wp-image-31082\" style=\"width:150px;height:150px\" srcset=\"https:\/\/www.ezeep.com\/wp-content\/uploads\/01-icon-1.png 800w, https:\/\/www.ezeep.com\/wp-content\/uploads\/01-icon-1-300x300.png 300w, https:\/\/www.ezeep.com\/wp-content\/uploads\/01-icon-1-150x150.png 150w, https:\/\/www.ezeep.com\/wp-content\/uploads\/01-icon-1-768x768.png 768w\" sizes=\"(max-width: 800px) 100vw, 800px\" \/><\/figure><\/div>\n\n\n<script src=\"https:\/\/js-eu1.hsforms.net\/forms\/embed\/146638686.js\" defer><\/script>\n<div class=\"hs-form-frame\" data-region=\"eu1\" data-form-id=\"0663d34f-cad4-4f0d-ba22-01c6882ad7cd\" data-portal-id=\"146638686\"><\/div>\n\n\n\n<div class=\"wp-block-buttons is-content-justification-center is-layout-flex wp-container-core-buttons-is-layout-1 wp-block-buttons-is-layout-flex\" style=\"padding-top:var(--wp--preset--spacing--30);padding-bottom:var(--wp--preset--spacing--30)\"><\/div>\n\n\n\n<p style=\"padding-top:0;padding-right:var(--wp--preset--spacing--60);padding-bottom:0;padding-left:0\"><\/p>\n<\/div><\/div>\n<\/div>\n\n\n\n<div class=\"wp-block-column is-layout-flow wp-block-column-is-layout-flow\">\n<h2 class=\"wp-block-heading has-text-align-left\" id=\"h-weitere-kontaktmoglichkeiten\">Weitere Kontaktm\u00f6glichkeiten<\/h2>\n\n\n\n<div style=\"height:40px\" aria-hidden=\"true\" class=\"wp-block-spacer\"><\/div>\n\n\n\n<h3 class=\"wp-block-heading has-text-align-left\" id=\"h-technische-support-via-live-chat\"><em>Technische Support via Live Chat <\/em><\/h3>\n\n\n\n<p>Klicke auf die Chat-Schaltfl\u00e4che unten rechts auf deinem Bildschirm, um mit einem unserer Mitarbeiter zu sprechen und den Support zu kontaktieren.<\/p>\n\n\n\n<div style=\"height:40px\" aria-hidden=\"true\" class=\"wp-block-spacer\"><\/div>\n\n\n\n<h3 class=\"wp-block-heading\" id=\"h-telefon\"><em>Telefon<\/em><\/h3>\n\n\n\n<p>Ruf uns an:<br><a href=\"tel:+49-30-3949310\">+49-30-3949310<\/a><\/p>\n\n\n\n<p><\/p>\n\n\n\n<p><\/p>\n<\/div>\n<\/div>\n\n\n\n<div style=\"height:26px\" aria-hidden=\"true\" class=\"wp-block-spacer\"><\/div>\n<\/div><\/div>\n\n\n\n<div class=\"wp-block-group\"><div class=\"wp-block-group__inner-container is-layout-constrained wp-block-group-is-layout-constrained\">\n<div style=\"height:104px\" aria-hidden=\"true\" class=\"wp-block-spacer\"><\/div>\n<\/div><\/div>\n","protected":false},"excerpt":{"rendered":"<p>Weitere Kontaktm\u00f6glichkeiten Technische Support via Live Chat Klicke auf die Chat-Schaltfl\u00e4che unten rechts auf deinem Bildschirm, um mit einem unserer Mitarbeiter zu sprechen und den Support zu kontaktieren. Telefon Ruf uns an:+49-30-3949310<\/p>\n","protected":false},"author":14,"featured_media":0,"parent":0,"menu_order":0,"comment_status":"closed","ping_status":"closed","template":"page-gutenberg.php","meta":{"_acf_changed":false,"inline_featured_image":false,"footnotes":""},"class_list":["post-3473","page","type-page","status-publish","hentry"],"acf":[],"yoast_head":"<!-- This site is optimized with the Yoast SEO Premium plugin v23.2 (Yoast SEO v23.2) - https:\/\/yoast.com\/wordpress\/plugins\/seo\/ -->\n<title>Kontakt \u2013 ezeep<\/title>\n<meta name=\"description\" content=\"Haben Sie Fragen, wollen Sie Ideen f\u00fcr ein neues Projekt diskutieren oder einfach nur Hallo sagen? Nutzen Sie das Kontaktformular aus oder rufen Sie uns an!\" \/>\n<meta name=\"robots\" content=\"index, follow, max-snippet:-1, max-image-preview:large, max-video-preview:-1\" \/>\n<link rel=\"canonical\" href=\"https:\/\/www.ezeep.com\/de\/kontakt\/\" \/>\n<meta property=\"og:locale\" content=\"de_DE\" \/>\n<meta property=\"og:type\" content=\"article\" \/>\n<meta property=\"og:title\" content=\"Kontakt\" \/>\n<meta property=\"og:description\" content=\"Haben Sie Fragen, wollen Sie Ideen f\u00fcr ein neues Projekt diskutieren oder einfach nur Hallo sagen? Nutzen Sie das Kontaktformular aus oder rufen Sie uns an!\" \/>\n<meta property=\"og:url\" content=\"https:\/\/www.ezeep.com\/de\/kontakt\/\" \/>\n<meta property=\"og:site_name\" content=\"ezeep\" \/>\n<meta property=\"article:modified_time\" content=\"2025-12-15T14:35:29+00:00\" \/>\n<meta property=\"og:image\" content=\"https:\/\/www.ezeep.com\/wp-content\/uploads\/ezeep-surface.png\" \/>\n<meta name=\"twitter:card\" content=\"summary_large_image\" \/>\n<meta name=\"twitter:label1\" content=\"Gesch\u00e4tzte Lesezeit\" \/>\n\t<meta name=\"twitter:data1\" content=\"2 Minuten\" \/>\n<script type=\"application\/ld+json\" class=\"yoast-schema-graph\">{\"@context\":\"https:\/\/schema.org\",\"@graph\":[{\"@type\":\"WebPage\",\"@id\":\"https:\/\/www.ezeep.com\/de\/kontakt\/\",\"url\":\"https:\/\/www.ezeep.com\/de\/kontakt\/\",\"name\":\"Kontakt \u2013 ezeep\",\"isPartOf\":{\"@id\":\"https:\/\/www.ezeep.com\/de\/#website\"},\"primaryImageOfPage\":{\"@id\":\"https:\/\/www.ezeep.com\/de\/kontakt\/#primaryimage\"},\"image\":{\"@id\":\"https:\/\/www.ezeep.com\/de\/kontakt\/#primaryimage\"},\"thumbnailUrl\":\"https:\/\/www.ezeep.com\/wp-content\/uploads\/ezeep-surface.png\",\"datePublished\":\"2017-09-06T09:59:18+00:00\",\"dateModified\":\"2025-12-15T14:35:29+00:00\",\"description\":\"Haben Sie Fragen, wollen Sie Ideen f\u00fcr ein neues Projekt diskutieren oder einfach nur Hallo sagen? Nutzen Sie das Kontaktformular aus oder rufen Sie uns an!\",\"breadcrumb\":{\"@id\":\"https:\/\/www.ezeep.com\/de\/kontakt\/#breadcrumb\"},\"inLanguage\":\"de-DE\",\"potentialAction\":[{\"@type\":\"ReadAction\",\"target\":[\"https:\/\/www.ezeep.com\/de\/kontakt\/\"]}]},{\"@type\":\"ImageObject\",\"inLanguage\":\"de-DE\",\"@id\":\"https:\/\/www.ezeep.com\/de\/kontakt\/#primaryimage\",\"url\":\"https:\/\/www.ezeep.com\/wp-content\/uploads\/ezeep-surface.png\",\"contentUrl\":\"https:\/\/www.ezeep.com\/wp-content\/uploads\/ezeep-surface.png\"},{\"@type\":\"BreadcrumbList\",\"@id\":\"https:\/\/www.ezeep.com\/de\/kontakt\/#breadcrumb\",\"itemListElement\":[{\"@type\":\"ListItem\",\"position\":1,\"name\":\"Home\",\"item\":\"https:\/\/www.ezeep.com\/de\/\"},{\"@type\":\"ListItem\",\"position\":2,\"name\":\"Kontakt\"}]},{\"@type\":\"WebSite\",\"@id\":\"https:\/\/www.ezeep.com\/de\/#website\",\"url\":\"https:\/\/www.ezeep.com\/de\/\",\"name\":\"ezeep\",\"description\":\"Easy Printing Anytime, Anywhere\",\"publisher\":{\"@id\":\"https:\/\/www.ezeep.com\/de\/#organization\"},\"potentialAction\":[{\"@type\":\"SearchAction\",\"target\":{\"@type\":\"EntryPoint\",\"urlTemplate\":\"https:\/\/www.ezeep.com\/de\/?s={search_term_string}\"},\"query-input\":\"required name=search_term_string\"}],\"inLanguage\":\"de-DE\"},{\"@type\":\"Organization\",\"@id\":\"https:\/\/www.ezeep.com\/de\/#organization\",\"name\":\"ezeep\",\"url\":\"https:\/\/www.ezeep.com\/de\/\",\"logo\":{\"@type\":\"ImageObject\",\"inLanguage\":\"de-DE\",\"@id\":\"https:\/\/www.ezeep.com\/de\/#\/schema\/logo\/image\/\",\"url\":\"https:\/\/www.ezeep.com\/wp-content\/uploads\/logo-ezeep.png\",\"contentUrl\":\"https:\/\/www.ezeep.com\/wp-content\/uploads\/logo-ezeep.png\",\"width\":290,\"height\":192,\"caption\":\"ezeep\"},\"image\":{\"@id\":\"https:\/\/www.ezeep.com\/de\/#\/schema\/logo\/image\/\"}}]}<\/script>\n<!-- \/ Yoast SEO Premium plugin. -->","yoast_head_json":{"title":"Kontakt \u2013 ezeep","description":"Haben Sie Fragen, wollen Sie Ideen f\u00fcr ein neues Projekt diskutieren oder einfach nur Hallo sagen? Nutzen Sie das Kontaktformular aus oder rufen Sie uns an!","robots":{"index":"index","follow":"follow","max-snippet":"max-snippet:-1","max-image-preview":"max-image-preview:large","max-video-preview":"max-video-preview:-1"},"canonical":"https:\/\/www.ezeep.com\/de\/kontakt\/","og_locale":"de_DE","og_type":"article","og_title":"Kontakt","og_description":"Haben Sie Fragen, wollen Sie Ideen f\u00fcr ein neues Projekt diskutieren oder einfach nur Hallo sagen? Nutzen Sie das Kontaktformular aus oder rufen Sie uns an!","og_url":"https:\/\/www.ezeep.com\/de\/kontakt\/","og_site_name":"ezeep","article_modified_time":"2025-12-15T14:35:29+00:00","og_image":[{"url":"https:\/\/www.ezeep.com\/wp-content\/uploads\/ezeep-surface.png"}],"twitter_card":"summary_large_image","twitter_misc":{"Gesch\u00e4tzte Lesezeit":"2 Minuten"},"schema":{"@context":"https:\/\/schema.org","@graph":[{"@type":"WebPage","@id":"https:\/\/www.ezeep.com\/de\/kontakt\/","url":"https:\/\/www.ezeep.com\/de\/kontakt\/","name":"Kontakt \u2013 ezeep","isPartOf":{"@id":"https:\/\/www.ezeep.com\/de\/#website"},"primaryImageOfPage":{"@id":"https:\/\/www.ezeep.com\/de\/kontakt\/#primaryimage"},"image":{"@id":"https:\/\/www.ezeep.com\/de\/kontakt\/#primaryimage"},"thumbnailUrl":"https:\/\/www.ezeep.com\/wp-content\/uploads\/ezeep-surface.png","datePublished":"2017-09-06T09:59:18+00:00","dateModified":"2025-12-15T14:35:29+00:00","description":"Haben Sie Fragen, wollen Sie Ideen f\u00fcr ein neues Projekt diskutieren oder einfach nur Hallo sagen? Nutzen Sie das Kontaktformular aus oder rufen Sie uns an!","breadcrumb":{"@id":"https:\/\/www.ezeep.com\/de\/kontakt\/#breadcrumb"},"inLanguage":"de-DE","potentialAction":[{"@type":"ReadAction","target":["https:\/\/www.ezeep.com\/de\/kontakt\/"]}]},{"@type":"ImageObject","inLanguage":"de-DE","@id":"https:\/\/www.ezeep.com\/de\/kontakt\/#primaryimage","url":"https:\/\/www.ezeep.com\/wp-content\/uploads\/ezeep-surface.png","contentUrl":"https:\/\/www.ezeep.com\/wp-content\/uploads\/ezeep-surface.png"},{"@type":"BreadcrumbList","@id":"https:\/\/www.ezeep.com\/de\/kontakt\/#breadcrumb","itemListElement":[{"@type":"ListItem","position":1,"name":"Home","item":"https:\/\/www.ezeep.com\/de\/"},{"@type":"ListItem","position":2,"name":"Kontakt"}]},{"@type":"WebSite","@id":"https:\/\/www.ezeep.com\/de\/#website","url":"https:\/\/www.ezeep.com\/de\/","name":"ezeep","description":"Easy Printing Anytime, Anywhere","publisher":{"@id":"https:\/\/www.ezeep.com\/de\/#organization"},"potentialAction":[{"@type":"SearchAction","target":{"@type":"EntryPoint","urlTemplate":"https:\/\/www.ezeep.com\/de\/?s={search_term_string}"},"query-input":"required name=search_term_string"}],"inLanguage":"de-DE"},{"@type":"Organization","@id":"https:\/\/www.ezeep.com\/de\/#organization","name":"ezeep","url":"https:\/\/www.ezeep.com\/de\/","logo":{"@type":"ImageObject","inLanguage":"de-DE","@id":"https:\/\/www.ezeep.com\/de\/#\/schema\/logo\/image\/","url":"https:\/\/www.ezeep.com\/wp-content\/uploads\/logo-ezeep.png","contentUrl":"https:\/\/www.ezeep.com\/wp-content\/uploads\/logo-ezeep.png","width":290,"height":192,"caption":"ezeep"},"image":{"@id":"https:\/\/www.ezeep.com\/de\/#\/schema\/logo\/image\/"}}]}},"_links":{"self":[{"href":"https:\/\/www.ezeep.com\/de\/wp-json\/wp\/v2\/pages\/3473"}],"collection":[{"href":"https:\/\/www.ezeep.com\/de\/wp-json\/wp\/v2\/pages"}],"about":[{"href":"https:\/\/www.ezeep.com\/de\/wp-json\/wp\/v2\/types\/page"}],"author":[{"embeddable":true,"href":"https:\/\/www.ezeep.com\/de\/wp-json\/wp\/v2\/users\/14"}],"replies":[{"embeddable":true,"href":"https:\/\/www.ezeep.com\/de\/wp-json\/wp\/v2\/comments?post=3473"}],"version-history":[{"count":0,"href":"https:\/\/www.ezeep.com\/de\/wp-json\/wp\/v2\/pages\/3473\/revisions"}],"wp:attachment":[{"href":"https:\/\/www.ezeep.com\/de\/wp-json\/wp\/v2\/media?parent=3473"}],"curies":[{"name":"wp","href":"https:\/\/api.w.org\/{rel}","templated":true}]}}