{"id":4654,"date":"2018-04-26T10:50:44","date_gmt":"2018-04-26T10:50:44","guid":{"rendered":"http:\/\/www.ezeep.com\/?page_id=4654"},"modified":"2021-10-25T09:27:02","modified_gmt":"2021-10-25T09:27:02","slug":"universitaeten","status":"publish","type":"page","link":"https:\/\/www.ezeep.com\/de\/loesungen\/universitaeten\/","title":{"rendered":"Universit\u00e4ten"},"content":{"rendered":"<p class=\"emphasis\" style=\"text-align: center;\">ezeep \u2013 die intuitiv zu bedienende Software f\u00fcr mobiles und treiberloses Drucken auf dem Campus<\/p>\n\n\n<div class=\"wp-block-buttons aligncenter is-layout-flex wp-block-buttons-is-layout-flex\">\n<div class=\"wp-block-button\"><a class=\"wp-block-button__link has-background\" href=\"https:\/\/portal.ezeep.com\/\" style=\"background-color:#c5556d;border-radius:5px\" target=\"_blank\" rel=\"noreferrer noopener\">&nbsp;&nbsp;&nbsp;&nbsp;&nbsp;&nbsp;&nbsp;&nbsp;&nbsp;&nbsp;LOGIN&nbsp;&nbsp;&nbsp;&nbsp;&nbsp;&nbsp;&nbsp;&nbsp;&nbsp;&nbsp;<\/a><\/div>\n\n\n\n<div class=\"wp-block-button is-style-outline is-style-outline--09983c8a388e75168af53381a6eb7f79\"><a class=\"wp-block-button__link has-text-color\" href=\"https:\/\/accounts.ezeep.com\/auth\/signup\/\" style=\"color:#c5556d;border-radius:5px\" target=\"_blank\" rel=\"noreferrer noopener\">GRATIS TESTEN<\/a><\/div>\n<\/div>\n","protected":false},"excerpt":{"rendered":"<p>ezeep \u2013 die intuitiv zu bedienende Software f\u00fcr mobiles und treiberloses Drucken auf dem Campus<\/p>\n","protected":false},"author":4,"featured_media":0,"parent":9533,"menu_order":0,"comment_status":"closed","ping_status":"closed","template":"","meta":{"_acf_changed":false,"inline_featured_image":false,"footnotes":""},"class_list":["post-4654","page","type-page","status-publish","hentry"],"acf":[],"yoast_head":"<!-- This site is optimized with the Yoast SEO Premium plugin v23.2 (Yoast SEO v23.2) - https:\/\/yoast.com\/wordpress\/plugins\/seo\/ -->\n<title>Die Druckl\u00f6sung f\u00fcr Universit\u00e4ten &amp; andere Bildungseinrichtungen | ezeep<\/title>\n<meta name=\"description\" content=\"ezeep ist die benutzerfreundliche Software f\u00fcr mobiles Drucken und treiberloses Drucken f\u00fcr Universit\u00e4ten und andere Bildungseinrichtungen. Mitarbeiter und Studenten drucken intuitiv von ihren Laptops, Tablets und Smartphones.\" \/>\n<meta name=\"robots\" content=\"index, follow, max-snippet:-1, max-image-preview:large, max-video-preview:-1\" \/>\n<link rel=\"canonical\" href=\"https:\/\/www.ezeep.com\/de\/loesungen\/universitaeten\/\" \/>\n<meta property=\"og:locale\" content=\"de_DE\" \/>\n<meta property=\"og:type\" content=\"article\" \/>\n<meta property=\"og:title\" content=\"Universit\u00e4ten\" \/>\n<meta property=\"og:description\" content=\"ezeep ist die benutzerfreundliche Software f\u00fcr mobiles Drucken und treiberloses Drucken f\u00fcr Universit\u00e4ten und andere Bildungseinrichtungen. Mitarbeiter und Studenten drucken intuitiv von ihren Laptops, Tablets und Smartphones.\" \/>\n<meta property=\"og:url\" content=\"https:\/\/www.ezeep.com\/de\/loesungen\/universitaeten\/\" \/>\n<meta property=\"og:site_name\" content=\"ezeep\" \/>\n<meta property=\"article:modified_time\" content=\"2021-10-25T09:27:02+00:00\" \/>\n<meta name=\"twitter:card\" content=\"summary_large_image\" \/>\n<script type=\"application\/ld+json\" class=\"yoast-schema-graph\">{\"@context\":\"https:\/\/schema.org\",\"@graph\":[{\"@type\":\"WebPage\",\"@id\":\"https:\/\/www.ezeep.com\/de\/loesungen\/universitaeten\/\",\"url\":\"https:\/\/www.ezeep.com\/de\/loesungen\/universitaeten\/\",\"name\":\"Die Druckl\u00f6sung f\u00fcr Universit\u00e4ten & andere Bildungseinrichtungen | ezeep\",\"isPartOf\":{\"@id\":\"https:\/\/www.ezeep.com\/de\/#website\"},\"datePublished\":\"2018-04-26T10:50:44+00:00\",\"dateModified\":\"2021-10-25T09:27:02+00:00\",\"description\":\"ezeep ist die benutzerfreundliche Software f\u00fcr mobiles Drucken und treiberloses Drucken f\u00fcr Universit\u00e4ten und andere Bildungseinrichtungen. Mitarbeiter und Studenten drucken intuitiv von ihren Laptops, Tablets und Smartphones.\",\"breadcrumb\":{\"@id\":\"https:\/\/www.ezeep.com\/de\/loesungen\/universitaeten\/#breadcrumb\"},\"inLanguage\":\"de-DE\",\"potentialAction\":[{\"@type\":\"ReadAction\",\"target\":[\"https:\/\/www.ezeep.com\/de\/loesungen\/universitaeten\/\"]}]},{\"@type\":\"BreadcrumbList\",\"@id\":\"https:\/\/www.ezeep.com\/de\/loesungen\/universitaeten\/#breadcrumb\",\"itemListElement\":[{\"@type\":\"ListItem\",\"position\":1,\"name\":\"Home\",\"item\":\"https:\/\/www.ezeep.com\/de\/\"},{\"@type\":\"ListItem\",\"position\":2,\"name\":\"L\u00f6sungen\",\"item\":\"https:\/\/www.ezeep.com\/de\/loesungen\/\"},{\"@type\":\"ListItem\",\"position\":3,\"name\":\"Universit\u00e4ten\"}]},{\"@type\":\"WebSite\",\"@id\":\"https:\/\/www.ezeep.com\/de\/#website\",\"url\":\"https:\/\/www.ezeep.com\/de\/\",\"name\":\"ezeep\",\"description\":\"Easy Printing Anytime, Anywhere\",\"publisher\":{\"@id\":\"https:\/\/www.ezeep.com\/de\/#organization\"},\"potentialAction\":[{\"@type\":\"SearchAction\",\"target\":{\"@type\":\"EntryPoint\",\"urlTemplate\":\"https:\/\/www.ezeep.com\/de\/?s={search_term_string}\"},\"query-input\":\"required name=search_term_string\"}],\"inLanguage\":\"de-DE\"},{\"@type\":\"Organization\",\"@id\":\"https:\/\/www.ezeep.com\/de\/#organization\",\"name\":\"ezeep\",\"url\":\"https:\/\/www.ezeep.com\/de\/\",\"logo\":{\"@type\":\"ImageObject\",\"inLanguage\":\"de-DE\",\"@id\":\"https:\/\/www.ezeep.com\/de\/#\/schema\/logo\/image\/\",\"url\":\"https:\/\/www.ezeep.com\/wp-content\/uploads\/logo-ezeep.png\",\"contentUrl\":\"https:\/\/www.ezeep.com\/wp-content\/uploads\/logo-ezeep.png\",\"width\":290,\"height\":192,\"caption\":\"ezeep\"},\"image\":{\"@id\":\"https:\/\/www.ezeep.com\/de\/#\/schema\/logo\/image\/\"}}]}<\/script>\n<!-- \/ Yoast SEO Premium plugin. -->","yoast_head_json":{"title":"Die Druckl\u00f6sung f\u00fcr Universit\u00e4ten & andere Bildungseinrichtungen | ezeep","description":"ezeep ist die benutzerfreundliche Software f\u00fcr mobiles Drucken und treiberloses Drucken f\u00fcr Universit\u00e4ten und andere Bildungseinrichtungen. Mitarbeiter und Studenten drucken intuitiv von ihren Laptops, Tablets und Smartphones.","robots":{"index":"index","follow":"follow","max-snippet":"max-snippet:-1","max-image-preview":"max-image-preview:large","max-video-preview":"max-video-preview:-1"},"canonical":"https:\/\/www.ezeep.com\/de\/loesungen\/universitaeten\/","og_locale":"de_DE","og_type":"article","og_title":"Universit\u00e4ten","og_description":"ezeep ist die benutzerfreundliche Software f\u00fcr mobiles Drucken und treiberloses Drucken f\u00fcr Universit\u00e4ten und andere Bildungseinrichtungen. Mitarbeiter und Studenten drucken intuitiv von ihren Laptops, Tablets und Smartphones.","og_url":"https:\/\/www.ezeep.com\/de\/loesungen\/universitaeten\/","og_site_name":"ezeep","article_modified_time":"2021-10-25T09:27:02+00:00","twitter_card":"summary_large_image","schema":{"@context":"https:\/\/schema.org","@graph":[{"@type":"WebPage","@id":"https:\/\/www.ezeep.com\/de\/loesungen\/universitaeten\/","url":"https:\/\/www.ezeep.com\/de\/loesungen\/universitaeten\/","name":"Die Druckl\u00f6sung f\u00fcr Universit\u00e4ten & andere Bildungseinrichtungen | ezeep","isPartOf":{"@id":"https:\/\/www.ezeep.com\/de\/#website"},"datePublished":"2018-04-26T10:50:44+00:00","dateModified":"2021-10-25T09:27:02+00:00","description":"ezeep ist die benutzerfreundliche Software f\u00fcr mobiles Drucken und treiberloses Drucken f\u00fcr Universit\u00e4ten und andere Bildungseinrichtungen. Mitarbeiter und Studenten drucken intuitiv von ihren Laptops, Tablets und Smartphones.","breadcrumb":{"@id":"https:\/\/www.ezeep.com\/de\/loesungen\/universitaeten\/#breadcrumb"},"inLanguage":"de-DE","potentialAction":[{"@type":"ReadAction","target":["https:\/\/www.ezeep.com\/de\/loesungen\/universitaeten\/"]}]},{"@type":"BreadcrumbList","@id":"https:\/\/www.ezeep.com\/de\/loesungen\/universitaeten\/#breadcrumb","itemListElement":[{"@type":"ListItem","position":1,"name":"Home","item":"https:\/\/www.ezeep.com\/de\/"},{"@type":"ListItem","position":2,"name":"L\u00f6sungen","item":"https:\/\/www.ezeep.com\/de\/loesungen\/"},{"@type":"ListItem","position":3,"name":"Universit\u00e4ten"}]},{"@type":"WebSite","@id":"https:\/\/www.ezeep.com\/de\/#website","url":"https:\/\/www.ezeep.com\/de\/","name":"ezeep","description":"Easy Printing Anytime, Anywhere","publisher":{"@id":"https:\/\/www.ezeep.com\/de\/#organization"},"potentialAction":[{"@type":"SearchAction","target":{"@type":"EntryPoint","urlTemplate":"https:\/\/www.ezeep.com\/de\/?s={search_term_string}"},"query-input":"required name=search_term_string"}],"inLanguage":"de-DE"},{"@type":"Organization","@id":"https:\/\/www.ezeep.com\/de\/#organization","name":"ezeep","url":"https:\/\/www.ezeep.com\/de\/","logo":{"@type":"ImageObject","inLanguage":"de-DE","@id":"https:\/\/www.ezeep.com\/de\/#\/schema\/logo\/image\/","url":"https:\/\/www.ezeep.com\/wp-content\/uploads\/logo-ezeep.png","contentUrl":"https:\/\/www.ezeep.com\/wp-content\/uploads\/logo-ezeep.png","width":290,"height":192,"caption":"ezeep"},"image":{"@id":"https:\/\/www.ezeep.com\/de\/#\/schema\/logo\/image\/"}}]}},"_links":{"self":[{"href":"https:\/\/www.ezeep.com\/de\/wp-json\/wp\/v2\/pages\/4654"}],"collection":[{"href":"https:\/\/www.ezeep.com\/de\/wp-json\/wp\/v2\/pages"}],"about":[{"href":"https:\/\/www.ezeep.com\/de\/wp-json\/wp\/v2\/types\/page"}],"author":[{"embeddable":true,"href":"https:\/\/www.ezeep.com\/de\/wp-json\/wp\/v2\/users\/4"}],"replies":[{"embeddable":true,"href":"https:\/\/www.ezeep.com\/de\/wp-json\/wp\/v2\/comments?post=4654"}],"version-history":[{"count":0,"href":"https:\/\/www.ezeep.com\/de\/wp-json\/wp\/v2\/pages\/4654\/revisions"}],"up":[{"embeddable":true,"href":"https:\/\/www.ezeep.com\/de\/wp-json\/wp\/v2\/pages\/9533"}],"wp:attachment":[{"href":"https:\/\/www.ezeep.com\/de\/wp-json\/wp\/v2\/media?parent=4654"}],"curies":[{"name":"wp","href":"https:\/\/api.w.org\/{rel}","templated":true}]}}