{"id":5176,"date":"2018-05-22T16:18:46","date_gmt":"2018-05-22T16:18:46","guid":{"rendered":"http:\/\/www.ezeep.com\/?page_id=5176"},"modified":"2020-03-09T14:52:16","modified_gmt":"2020-03-09T14:52:16","slug":"erleben-sie-das-interface","status":"publish","type":"page","link":"https:\/\/www.ezeep.com\/de\/erleben-sie-das-interface\/","title":{"rendered":"Erlebe das Interface"},"content":{"rendered":"<p>Starte die Demo-Oberfl\u00e4che, um direkt von Deinem Browser aus ein Gef\u00fchl f\u00fcr unser Produkt zu bekommen. Mit simulierten Druckern, Druckvorg\u00e4ngen und Benutzern kannst Du die Leistungsf\u00e4higkeit des Cloud-Druckmanagements erleben.<\/p>\n","protected":false},"excerpt":{"rendered":"<p>Starte die Demo-Oberfl\u00e4che, um direkt von Deinem Browser aus ein Gef\u00fchl f\u00fcr unser Produkt zu bekommen. Mit simulierten Druckern, Druckvorg\u00e4ngen und Benutzern kannst Du die Leistungsf\u00e4higkeit des Cloud-Druckmanagements erleben.<\/p>\n","protected":false},"author":14,"featured_media":0,"parent":0,"menu_order":0,"comment_status":"closed","ping_status":"closed","template":"","meta":{"_acf_changed":false,"inline_featured_image":false,"footnotes":""},"class_list":["post-5176","page","type-page","status-publish","hentry"],"acf":[],"yoast_head":"<!-- This site is optimized with the Yoast SEO Premium plugin v23.2 (Yoast SEO v23.2) - https:\/\/yoast.com\/wordpress\/plugins\/seo\/ -->\n<title>Erlebe das Interface - ezeep<\/title>\n<meta name=\"robots\" content=\"noindex, nofollow\" \/>\n<meta property=\"og:locale\" content=\"de_DE\" \/>\n<meta property=\"og:type\" content=\"article\" \/>\n<meta property=\"og:title\" content=\"Erlebe das Interface\" \/>\n<meta property=\"og:description\" content=\"Starte die Demo-Oberfl\u00e4che, um direkt von Deinem Browser aus ein Gef\u00fchl f\u00fcr unser Produkt zu bekommen. Mit simulierten Druckern, Druckvorg\u00e4ngen und Benutzern kannst Du die Leistungsf\u00e4higkeit des Cloud-Druckmanagements erleben.\" \/>\n<meta property=\"og:url\" content=\"https:\/\/www.ezeep.com\/de\/erleben-sie-das-interface\/\" \/>\n<meta property=\"og:site_name\" content=\"ezeep\" \/>\n<meta property=\"article:modified_time\" content=\"2020-03-09T14:52:16+00:00\" \/>\n<meta name=\"twitter:card\" content=\"summary_large_image\" \/>\n<script type=\"application\/ld+json\" class=\"yoast-schema-graph\">{\"@context\":\"https:\/\/schema.org\",\"@graph\":[{\"@type\":\"WebPage\",\"@id\":\"https:\/\/www.ezeep.com\/de\/erleben-sie-das-interface\/\",\"url\":\"https:\/\/www.ezeep.com\/de\/erleben-sie-das-interface\/\",\"name\":\"Erlebe das Interface - ezeep\",\"isPartOf\":{\"@id\":\"https:\/\/www.ezeep.com\/de\/#website\"},\"datePublished\":\"2018-05-22T16:18:46+00:00\",\"dateModified\":\"2020-03-09T14:52:16+00:00\",\"breadcrumb\":{\"@id\":\"https:\/\/www.ezeep.com\/de\/erleben-sie-das-interface\/#breadcrumb\"},\"inLanguage\":\"de-DE\",\"potentialAction\":[{\"@type\":\"ReadAction\",\"target\":[\"https:\/\/www.ezeep.com\/de\/erleben-sie-das-interface\/\"]}]},{\"@type\":\"BreadcrumbList\",\"@id\":\"https:\/\/www.ezeep.com\/de\/erleben-sie-das-interface\/#breadcrumb\",\"itemListElement\":[{\"@type\":\"ListItem\",\"position\":1,\"name\":\"Home\",\"item\":\"https:\/\/www.ezeep.com\/de\/\"},{\"@type\":\"ListItem\",\"position\":2,\"name\":\"Erlebe das Interface\"}]},{\"@type\":\"WebSite\",\"@id\":\"https:\/\/www.ezeep.com\/de\/#website\",\"url\":\"https:\/\/www.ezeep.com\/de\/\",\"name\":\"ezeep\",\"description\":\"Easy Printing Anytime, Anywhere\",\"publisher\":{\"@id\":\"https:\/\/www.ezeep.com\/de\/#organization\"},\"potentialAction\":[{\"@type\":\"SearchAction\",\"target\":{\"@type\":\"EntryPoint\",\"urlTemplate\":\"https:\/\/www.ezeep.com\/de\/?s={search_term_string}\"},\"query-input\":\"required name=search_term_string\"}],\"inLanguage\":\"de-DE\"},{\"@type\":\"Organization\",\"@id\":\"https:\/\/www.ezeep.com\/de\/#organization\",\"name\":\"ezeep\",\"url\":\"https:\/\/www.ezeep.com\/de\/\",\"logo\":{\"@type\":\"ImageObject\",\"inLanguage\":\"de-DE\",\"@id\":\"https:\/\/www.ezeep.com\/de\/#\/schema\/logo\/image\/\",\"url\":\"https:\/\/www.ezeep.com\/wp-content\/uploads\/logo-ezeep.png\",\"contentUrl\":\"https:\/\/www.ezeep.com\/wp-content\/uploads\/logo-ezeep.png\",\"width\":290,\"height\":192,\"caption\":\"ezeep\"},\"image\":{\"@id\":\"https:\/\/www.ezeep.com\/de\/#\/schema\/logo\/image\/\"}}]}<\/script>\n<!-- \/ Yoast SEO Premium plugin. -->","yoast_head_json":{"title":"Erlebe das Interface - ezeep","robots":{"index":"noindex","follow":"nofollow"},"og_locale":"de_DE","og_type":"article","og_title":"Erlebe das Interface","og_description":"Starte die Demo-Oberfl\u00e4che, um direkt von Deinem Browser aus ein Gef\u00fchl f\u00fcr unser Produkt zu bekommen. Mit simulierten Druckern, Druckvorg\u00e4ngen und Benutzern kannst Du die Leistungsf\u00e4higkeit des Cloud-Druckmanagements erleben.","og_url":"https:\/\/www.ezeep.com\/de\/erleben-sie-das-interface\/","og_site_name":"ezeep","article_modified_time":"2020-03-09T14:52:16+00:00","twitter_card":"summary_large_image","schema":{"@context":"https:\/\/schema.org","@graph":[{"@type":"WebPage","@id":"https:\/\/www.ezeep.com\/de\/erleben-sie-das-interface\/","url":"https:\/\/www.ezeep.com\/de\/erleben-sie-das-interface\/","name":"Erlebe das Interface - ezeep","isPartOf":{"@id":"https:\/\/www.ezeep.com\/de\/#website"},"datePublished":"2018-05-22T16:18:46+00:00","dateModified":"2020-03-09T14:52:16+00:00","breadcrumb":{"@id":"https:\/\/www.ezeep.com\/de\/erleben-sie-das-interface\/#breadcrumb"},"inLanguage":"de-DE","potentialAction":[{"@type":"ReadAction","target":["https:\/\/www.ezeep.com\/de\/erleben-sie-das-interface\/"]}]},{"@type":"BreadcrumbList","@id":"https:\/\/www.ezeep.com\/de\/erleben-sie-das-interface\/#breadcrumb","itemListElement":[{"@type":"ListItem","position":1,"name":"Home","item":"https:\/\/www.ezeep.com\/de\/"},{"@type":"ListItem","position":2,"name":"Erlebe das Interface"}]},{"@type":"WebSite","@id":"https:\/\/www.ezeep.com\/de\/#website","url":"https:\/\/www.ezeep.com\/de\/","name":"ezeep","description":"Easy Printing Anytime, Anywhere","publisher":{"@id":"https:\/\/www.ezeep.com\/de\/#organization"},"potentialAction":[{"@type":"SearchAction","target":{"@type":"EntryPoint","urlTemplate":"https:\/\/www.ezeep.com\/de\/?s={search_term_string}"},"query-input":"required name=search_term_string"}],"inLanguage":"de-DE"},{"@type":"Organization","@id":"https:\/\/www.ezeep.com\/de\/#organization","name":"ezeep","url":"https:\/\/www.ezeep.com\/de\/","logo":{"@type":"ImageObject","inLanguage":"de-DE","@id":"https:\/\/www.ezeep.com\/de\/#\/schema\/logo\/image\/","url":"https:\/\/www.ezeep.com\/wp-content\/uploads\/logo-ezeep.png","contentUrl":"https:\/\/www.ezeep.com\/wp-content\/uploads\/logo-ezeep.png","width":290,"height":192,"caption":"ezeep"},"image":{"@id":"https:\/\/www.ezeep.com\/de\/#\/schema\/logo\/image\/"}}]}},"_links":{"self":[{"href":"https:\/\/www.ezeep.com\/de\/wp-json\/wp\/v2\/pages\/5176"}],"collection":[{"href":"https:\/\/www.ezeep.com\/de\/wp-json\/wp\/v2\/pages"}],"about":[{"href":"https:\/\/www.ezeep.com\/de\/wp-json\/wp\/v2\/types\/page"}],"author":[{"embeddable":true,"href":"https:\/\/www.ezeep.com\/de\/wp-json\/wp\/v2\/users\/14"}],"replies":[{"embeddable":true,"href":"https:\/\/www.ezeep.com\/de\/wp-json\/wp\/v2\/comments?post=5176"}],"version-history":[{"count":0,"href":"https:\/\/www.ezeep.com\/de\/wp-json\/wp\/v2\/pages\/5176\/revisions"}],"wp:attachment":[{"href":"https:\/\/www.ezeep.com\/de\/wp-json\/wp\/v2\/media?parent=5176"}],"curies":[{"name":"wp","href":"https:\/\/api.w.org\/{rel}","templated":true}]}}