{"id":6345,"date":"2019-09-16T07:54:09","date_gmt":"2019-09-16T07:54:09","guid":{"rendered":"http:\/\/www.ezeep.com\/?page_id=6345"},"modified":"2025-11-17T11:42:24","modified_gmt":"2025-11-17T11:42:24","slug":"test","status":"publish","type":"page","link":"https:\/\/www.ezeep.com\/de\/test\/","title":{"rendered":"Kostenlos testen"},"content":{"rendered":"\n<div class=\"wp-block-group\"><div class=\"wp-block-group__inner-container is-layout-constrained wp-block-group-is-layout-constrained\">\n<div class=\"wp-block-group\" style=\"padding-top:var(--wp--preset--spacing--70);padding-right:0;padding-bottom:var(--wp--preset--spacing--50)\"><div class=\"wp-block-group__inner-container is-layout-constrained wp-container-core-group-is-layout-1 wp-block-group-is-layout-constrained\">\n<h1 class=\"wp-block-heading has-text-align-center\" id=\"h-jetzt-kostenlos-starten\">Jetzt kostenlos starten<\/h1>\n<\/div><\/div>\n\n\n<div data-cpd-default-content data-cpd-operating-systems=\"ios,android\"><\/p>\n\n\n\n<div class=\"wp-block-group ticss-02a39ca8\" style=\"padding-top:var(--wp--preset--spacing--60);padding-right:var(--wp--preset--spacing--40);padding-bottom:var(--wp--preset--spacing--60);padding-left:var(--wp--preset--spacing--40)\"><div class=\"wp-block-group__inner-container is-layout-constrained wp-container-core-group-is-layout-6 wp-block-group-is-layout-constrained\">\n<h2 class=\"wp-block-heading has-text-align-center\" id=\"h-erstelle-ein-neues-konto-fur-bis-zu-10-anwender-dauerhaft-kostenlos\" style=\"font-size:24px;font-style:normal;font-weight:600\">Erstelle ein neues Konto: <br>F\u00fcr bis zu 10 Anwender dauerhaft kostenlos<\/h2>\n\n\n\n<div class=\"wp-block-group\"><div class=\"wp-block-group__inner-container is-layout-constrained wp-block-group-is-layout-constrained\">\n<script src=\"https:\/\/js-eu1.hsforms.net\/forms\/embed\/developer\/146638686.js\" defer><\/script>\n<div class=\"hs-form-html\" data-region=\"eu1\" data-form-id=\"1a8b2e96-4a81-413a-be73-646570ef063b\" data-portal-id=\"146638686\"><\/div>\n<\/div><\/div>\n\n\n\n<div class=\"wp-block-columns is-layout-flex wp-container-core-columns-is-layout-1 wp-block-columns-is-layout-flex\" style=\"padding-top:9px\">\n<div class=\"wp-block-column is-layout-flow wp-block-column-is-layout-flow\" style=\"margin-top:0;margin-right:0;margin-bottom:0;margin-left:0;padding-top:0;padding-right:0;padding-bottom:0;padding-left:0\">\n<div class=\"wp-block-group has-border-color has-white-background-color has-background\" style=\"border-color:#0000001a;border-width:1px;border-radius:8px;min-height:100%;padding-top:var(--wp--preset--spacing--50);padding-right:var(--wp--preset--spacing--50);padding-bottom:var(--wp--preset--spacing--50);padding-left:var(--wp--preset--spacing--50)\"><div class=\"wp-block-group__inner-container is-layout-constrained wp-container-core-group-is-layout-3 wp-block-group-is-layout-constrained\"><div class=\"wp-block-image\">\n<figure class=\"aligncenter size-full is-resized\"><img loading=\"lazy\" decoding=\"async\" width=\"48\" height=\"48\" src=\"https:\/\/www.ezeep.com\/wp-content\/uploads\/onboarding-icon-star.svg\" alt=\"\" class=\"wp-image-32516\" style=\"aspect-ratio:1;object-fit:cover;width:48px\"\/><\/figure><\/div>\n\n\n<p class=\"has-text-align-center\" style=\"margin-top:var(--wp--preset--spacing--30);margin-right:0;margin-bottom:0;margin-left:0;font-size:16px\">Die Nutzung ist v\u00f6llig kostenlos. Erstelle einfach ein Konto, um loszulegen.<\/p>\n<\/div><\/div>\n<\/div>\n\n\n\n<div class=\"wp-block-column is-layout-flow wp-block-column-is-layout-flow\" style=\"padding-top:0;padding-right:0;padding-bottom:0;padding-left:0\">\n<div class=\"wp-block-group has-border-color has-white-background-color has-background\" style=\"border-color:#0000001a;border-width:1px;border-radius:8px;min-height:100%;padding-top:var(--wp--preset--spacing--50);padding-right:var(--wp--preset--spacing--50);padding-bottom:var(--wp--preset--spacing--50);padding-left:var(--wp--preset--spacing--50)\"><div class=\"wp-block-group__inner-container is-layout-constrained wp-container-core-group-is-layout-4 wp-block-group-is-layout-constrained\"><div class=\"wp-block-image\">\n<figure class=\"aligncenter size-full is-resized\"><img loading=\"lazy\" decoding=\"async\" width=\"48\" height=\"48\" src=\"https:\/\/www.ezeep.com\/wp-content\/uploads\/onboarding-icon-play.svg\" alt=\"\" class=\"wp-image-32510\" style=\"aspect-ratio:1;object-fit:cover;width:48px\"\/><\/figure><\/div>\n\n\n<p class=\"has-text-align-center\" style=\"margin-top:var(--wp--preset--spacing--30);margin-bottom:0;font-size:16px\">Drucke von fast jedem Drucker, alt oder neu, auch wenn dieser normalerweise nicht mit Android\/iOS kompatibel ist.<\/p>\n<\/div><\/div>\n<\/div>\n\n\n\n<div class=\"wp-block-column is-layout-flow wp-block-column-is-layout-flow\" style=\"padding-top:0;padding-right:0;padding-bottom:0;padding-left:0\">\n<div class=\"wp-block-group has-border-color has-white-background-color has-background\" style=\"border-color:#0000001a;border-width:1px;border-radius:8px;min-height:100%;padding-top:var(--wp--preset--spacing--50);padding-right:var(--wp--preset--spacing--50);padding-bottom:var(--wp--preset--spacing--50);padding-left:var(--wp--preset--spacing--50)\"><div class=\"wp-block-group__inner-container is-layout-constrained wp-container-core-group-is-layout-5 wp-block-group-is-layout-constrained\"><div class=\"wp-block-image\">\n<figure class=\"aligncenter size-full is-resized\"><img loading=\"lazy\" decoding=\"async\" width=\"48\" height=\"48\" src=\"https:\/\/www.ezeep.com\/wp-content\/uploads\/onboarding-icon-dashboard.svg\" alt=\"\" class=\"wp-image-32498\" style=\"aspect-ratio:1;object-fit:cover;width:48px\"\/><\/figure><\/div>\n\n\n<p class=\"has-text-align-center\" style=\"margin-top:var(--wp--preset--spacing--30);margin-bottom:0;font-size:16px\">Drucke direkt aus mobilen Apps auf Remote-Drucker und passe deine Druckeinstellungen an.<\/p>\n<\/div><\/div>\n<\/div>\n<\/div>\n<\/div><\/div>\n\n\n<p><\/div>\n\n\n<div data-cpd-alternate-content data-cpd-operating-systems=\"ios,android\"><\/p>\n\n\n\n<div class=\"wp-block-group\" style=\"padding-top:var(--wp--preset--spacing--60);padding-bottom:var(--wp--preset--spacing--60)\"><div class=\"wp-block-group__inner-container is-layout-constrained wp-block-group-is-layout-constrained\">\n<div class=\"wp-block-columns alignwide is-layout-flex wp-container-core-columns-is-layout-3 wp-block-columns-is-layout-flex\">\n<div class=\"wp-block-column is-layout-flow wp-block-column-is-layout-flow\" style=\"padding-top:var(--wp--preset--spacing--60);padding-bottom:var(--wp--preset--spacing--60);flex-basis:66.66%\">\n<h2 class=\"wp-block-heading has-text-align-center\" id=\"h-lade-die-ezeep-print-app-aus-deinem-app-store-herunter\" style=\"font-size:24px;font-style:normal;font-weight:600\">Lade die ezeep Print App aus deinem App Store herunter!<\/h2>\n\n\n\n<p class=\"has-text-align-center has-medium-font-size\" style=\"margin-top:var(--wp--preset--spacing--50);margin-bottom:0\">Der einfachste Weg, von iOS und Android zu drucken<\/p>\n\n\n\n<div class=\"wp-block-group is-content-justification-center is-nowrap is-layout-flex wp-container-core-group-is-layout-7 wp-block-group-is-layout-flex\"><div class=\"wp-block-image\">\n<figure class=\"aligncenter size-full is-resized\"><a href=\"https:\/\/apps.apple.com\/app\/ezeep-blue-printer-app\/id1527249451?l=en\"><img decoding=\"async\" src=\"https:\/\/www.ezeep.com\/wp-content\/uploads\/app-store-apple.svg\" alt=\"\" class=\"wp-image-32525\" style=\"width:171px;height:auto\"\/><\/a><\/figure><\/div>\n\n<div class=\"wp-block-image\">\n<figure class=\"aligncenter size-full is-resized\"><a href=\"https:\/\/play.google.com\/store\/apps\/details?id=com.thinprint.ezeep\"><img decoding=\"async\" src=\"https:\/\/www.ezeep.com\/wp-content\/uploads\/app-store-google.svg\" alt=\"\" class=\"wp-image-32531\" style=\"width:175px;height:auto\"\/><\/a><\/figure><\/div><\/div>\n\n\n\n<div class=\"wp-block-columns is-layout-flex wp-container-core-columns-is-layout-2 wp-block-columns-is-layout-flex\">\n<div class=\"wp-block-column is-layout-flow wp-block-column-is-layout-flow\" style=\"margin-top:0;margin-right:0;margin-bottom:0;margin-left:0;padding-top:0;padding-right:0;padding-bottom:0;padding-left:0\">\n<div class=\"wp-block-group has-border-color has-white-background-color has-background\" style=\"border-color:#0000001a;border-width:1px;border-radius:8px;min-height:100%;padding-top:var(--wp--preset--spacing--50);padding-right:var(--wp--preset--spacing--50);padding-bottom:var(--wp--preset--spacing--50);padding-left:var(--wp--preset--spacing--50)\"><div class=\"wp-block-group__inner-container is-layout-constrained wp-container-core-group-is-layout-8 wp-block-group-is-layout-constrained\"><div class=\"wp-block-image\">\n<figure class=\"aligncenter size-full is-resized\"><img loading=\"lazy\" decoding=\"async\" width=\"48\" height=\"48\" src=\"https:\/\/www.ezeep.com\/wp-content\/uploads\/onboarding-icon-star.svg\" alt=\"\" class=\"wp-image-32516\" style=\"aspect-ratio:1;object-fit:cover;width:48px\"\/><\/figure><\/div>\n\n\n<p class=\"has-text-align-center\" style=\"margin-top:var(--wp--preset--spacing--30);margin-right:0;margin-bottom:0;margin-left:0;font-size:16px\">Die Nutzung ist v\u00f6llig kostenlos. Erstelle einfach ein Konto, um loszulegen.<\/p>\n<\/div><\/div>\n<\/div>\n\n\n\n<div class=\"wp-block-column is-layout-flow wp-block-column-is-layout-flow\" style=\"padding-top:0;padding-right:0;padding-bottom:0;padding-left:0\">\n<div class=\"wp-block-group has-border-color has-white-background-color has-background\" style=\"border-color:#0000001a;border-width:1px;border-radius:8px;min-height:100%;padding-top:var(--wp--preset--spacing--50);padding-right:var(--wp--preset--spacing--50);padding-bottom:var(--wp--preset--spacing--50);padding-left:var(--wp--preset--spacing--50)\"><div class=\"wp-block-group__inner-container is-layout-constrained wp-container-core-group-is-layout-9 wp-block-group-is-layout-constrained\"><div class=\"wp-block-image\">\n<figure class=\"aligncenter size-full is-resized\"><img loading=\"lazy\" decoding=\"async\" width=\"48\" height=\"48\" src=\"https:\/\/www.ezeep.com\/wp-content\/uploads\/onboarding-icon-play.svg\" alt=\"\" class=\"wp-image-32510\" style=\"aspect-ratio:1;object-fit:cover;width:48px\"\/><\/figure><\/div>\n\n\n<p class=\"has-text-align-center\" style=\"margin-top:var(--wp--preset--spacing--30);margin-bottom:0;font-size:16px\">Drucke von fast jedem Drucker, alt oder neu, auch wenn dieser normalerweise nicht mit Android\/iOS kompatibel ist.<\/p>\n<\/div><\/div>\n<\/div>\n\n\n\n<div class=\"wp-block-column is-layout-flow wp-block-column-is-layout-flow\" style=\"padding-top:0;padding-right:0;padding-bottom:0;padding-left:0\">\n<div class=\"wp-block-group has-border-color has-white-background-color has-background\" style=\"border-color:#0000001a;border-width:1px;border-radius:8px;min-height:100%;padding-top:var(--wp--preset--spacing--50);padding-right:var(--wp--preset--spacing--50);padding-bottom:var(--wp--preset--spacing--50);padding-left:var(--wp--preset--spacing--50)\"><div class=\"wp-block-group__inner-container is-layout-constrained wp-container-core-group-is-layout-10 wp-block-group-is-layout-constrained\"><div class=\"wp-block-image\">\n<figure class=\"aligncenter size-full is-resized\"><img loading=\"lazy\" decoding=\"async\" width=\"48\" height=\"48\" src=\"https:\/\/www.ezeep.com\/wp-content\/uploads\/onboarding-icon-dashboard.svg\" alt=\"\" class=\"wp-image-32498\" style=\"aspect-ratio:1;object-fit:cover;width:48px\"\/><\/figure><\/div>\n\n\n<p class=\"has-text-align-center\" style=\"margin-top:var(--wp--preset--spacing--30);margin-bottom:0;font-size:16px\">Drucke direkt aus mobilen Apps auf Remote-Drucker und passe deine Druckeinstellungen an.<\/p>\n<\/div><\/div>\n<\/div>\n<\/div>\n<\/div>\n\n\n\n<div class=\"wp-block-column is-layout-flow wp-block-column-is-layout-flow\" style=\"padding-top:0;padding-right:0;padding-bottom:0;padding-left:0;flex-basis:33.33%\">\n<div class=\"wp-block-group has-background\" style=\"border-radius:8px;background-color:#2730350d;padding-top:var(--wp--preset--spacing--60);padding-right:var(--wp--preset--spacing--60);padding-bottom:var(--wp--preset--spacing--60);padding-left:var(--wp--preset--spacing--60)\"><div class=\"wp-block-group__inner-container is-layout-constrained wp-container-core-group-is-layout-12 wp-block-group-is-layout-constrained\">\n<h2 class=\"wp-block-heading has-text-align-center\" id=\"h-trete-einem-bestehenden-konto-bei\" style=\"font-size:24px;font-style:normal;font-weight:600\">Trete einem bestehenden Konto bei<\/h2>\n\n\n\n<p class=\"has-text-align-center has-medium-font-size\" style=\"margin-top:var(--wp--preset--spacing--50);margin-bottom:0;padding-top:0;padding-bottom:0\">Does your workspace already have an ezeep account?<\/p>\n\n\n\n<div class=\"wp-block-group has-border-color has-white-background-color has-background\" style=\"border-color:#0000001a;border-width:1px;border-radius:8px;min-height:px;padding-top:var(--wp--preset--spacing--50);padding-right:var(--wp--preset--spacing--50);padding-bottom:var(--wp--preset--spacing--50);padding-left:var(--wp--preset--spacing--50)\"><div class=\"wp-block-group__inner-container is-layout-constrained wp-container-core-group-is-layout-11 wp-block-group-is-layout-constrained\"><div class=\"wp-block-image\">\n<figure class=\"aligncenter size-full is-resized\"><img loading=\"lazy\" decoding=\"async\" width=\"48\" height=\"48\" src=\"https:\/\/www.ezeep.com\/wp-content\/uploads\/onboarding-icon-lightbulb.svg\" alt=\"\" class=\"wp-image-32504\" style=\"aspect-ratio:1;object-fit:cover;width:48px\"\/><\/figure><\/div>\n\n\n<p class=\"has-text-align-center\" style=\"margin-top:var(--wp--preset--spacing--30);margin-bottom:0;font-size:16px\">Bitte den Kontoinhaber, dich zur ezeep-Organisation einzuladen<\/p>\n<\/div><\/div>\n<\/div><\/div>\n<\/div>\n<\/div>\n\n\n\n<div class=\"wp-block-group alignwide\" style=\"margin-top:var(--wp--preset--spacing--40)\"><div class=\"wp-block-group__inner-container is-layout-constrained wp-block-group-is-layout-constrained\">\n<div class=\"wp-block-group is-content-justification-center is-nowrap is-layout-flex wp-container-core-group-is-layout-13 wp-block-group-is-layout-flex\" style=\"border-top-color:#0000001a;border-top-width:1px;padding-top:var(--wp--preset--spacing--60)\">\n<p class=\"has-text-align-center\" style=\"font-size:14px\"><strong>Hinweis<\/strong>: Du scheinst unsere Website mit einem iOS- oder Android-Ger\u00e4t zu besuchen. Wenn du ezeep Blue f\u00fcr die Verwaltung mehrerer Drucker einrichten oder einen Drucker manuell mit der Cloud verbinden m\u00f6chtest, besuche unsere Website bitte auf deinem Desktop oder Laptop.<\/p>\n<\/div>\n<\/div><\/div>\n<\/div><\/div>\n\n\n<p><\/div>\n<\/div><\/div>\n","protected":false},"excerpt":{"rendered":"<p>Jetzt kostenlos starten<\/p>\n","protected":false},"author":14,"featured_media":15892,"parent":0,"menu_order":0,"comment_status":"closed","ping_status":"closed","template":"page-gutenberg-headless.php","meta":{"_acf_changed":false,"inline_featured_image":false,"footnotes":""},"class_list":["post-6345","page","type-page","status-publish","has-post-thumbnail","hentry"],"acf":[],"yoast_head":"<!-- This site is optimized with the Yoast SEO Premium plugin v23.2 (Yoast SEO v23.2) - https:\/\/yoast.com\/wordpress\/plugins\/seo\/ -->\n<title>ezeep Blue \u2013 Jetzt kostenlos starten<\/title>\n<meta name=\"description\" content=\"ezeep Blue ist f\u00fcr bis zu 10 Anwender dauerhaft kostenlos. Einfach anmelden und loslegen!\" \/>\n<meta name=\"robots\" content=\"index, follow, max-snippet:-1, max-image-preview:large, max-video-preview:-1\" \/>\n<link rel=\"canonical\" href=\"https:\/\/www.ezeep.com\/de\/test\/\" \/>\n<meta property=\"og:locale\" content=\"de_DE\" \/>\n<meta property=\"og:type\" content=\"article\" \/>\n<meta property=\"og:title\" content=\"Kostenlos testen\" \/>\n<meta property=\"og:description\" content=\"ezeep Blue ist f\u00fcr bis zu 10 Anwender dauerhaft kostenlos. Einfach anmelden und loslegen!\" \/>\n<meta property=\"og:url\" content=\"https:\/\/www.ezeep.com\/de\/test\/\" \/>\n<meta property=\"og:site_name\" content=\"ezeep\" \/>\n<meta property=\"article:modified_time\" content=\"2025-11-17T11:42:24+00:00\" \/>\n<meta property=\"og:image\" content=\"https:\/\/www.ezeep.com\/wp-content\/uploads\/fi-print-with-smile.png\" \/>\n\t<meta property=\"og:image:width\" content=\"600\" \/>\n\t<meta property=\"og:image:height\" content=\"446\" \/>\n\t<meta property=\"og:image:type\" content=\"image\/png\" \/>\n<meta name=\"twitter:card\" content=\"summary_large_image\" \/>\n<meta name=\"twitter:label1\" content=\"Gesch\u00e4tzte Lesezeit\" \/>\n\t<meta name=\"twitter:data1\" content=\"3 Minuten\" \/>\n<script type=\"application\/ld+json\" class=\"yoast-schema-graph\">{\"@context\":\"https:\/\/schema.org\",\"@graph\":[{\"@type\":\"WebPage\",\"@id\":\"https:\/\/www.ezeep.com\/de\/test\/\",\"url\":\"https:\/\/www.ezeep.com\/de\/test\/\",\"name\":\"ezeep Blue \u2013 Jetzt kostenlos starten\",\"isPartOf\":{\"@id\":\"https:\/\/www.ezeep.com\/de\/#website\"},\"primaryImageOfPage\":{\"@id\":\"https:\/\/www.ezeep.com\/de\/test\/#primaryimage\"},\"image\":{\"@id\":\"https:\/\/www.ezeep.com\/de\/test\/#primaryimage\"},\"thumbnailUrl\":\"https:\/\/www.ezeep.com\/wp-content\/uploads\/fi-print-with-smile.png\",\"datePublished\":\"2019-09-16T07:54:09+00:00\",\"dateModified\":\"2025-11-17T11:42:24+00:00\",\"description\":\"ezeep Blue ist f\u00fcr bis zu 10 Anwender dauerhaft kostenlos. Einfach anmelden und loslegen!\",\"breadcrumb\":{\"@id\":\"https:\/\/www.ezeep.com\/de\/test\/#breadcrumb\"},\"inLanguage\":\"de-DE\",\"potentialAction\":[{\"@type\":\"ReadAction\",\"target\":[\"https:\/\/www.ezeep.com\/de\/test\/\"]}]},{\"@type\":\"ImageObject\",\"inLanguage\":\"de-DE\",\"@id\":\"https:\/\/www.ezeep.com\/de\/test\/#primaryimage\",\"url\":\"https:\/\/www.ezeep.com\/wp-content\/uploads\/fi-print-with-smile.png\",\"contentUrl\":\"https:\/\/www.ezeep.com\/wp-content\/uploads\/fi-print-with-smile.png\",\"width\":600,\"height\":446},{\"@type\":\"BreadcrumbList\",\"@id\":\"https:\/\/www.ezeep.com\/de\/test\/#breadcrumb\",\"itemListElement\":[{\"@type\":\"ListItem\",\"position\":1,\"name\":\"Home\",\"item\":\"https:\/\/www.ezeep.com\/de\/\"},{\"@type\":\"ListItem\",\"position\":2,\"name\":\"Kostenlos testen\"}]},{\"@type\":\"WebSite\",\"@id\":\"https:\/\/www.ezeep.com\/de\/#website\",\"url\":\"https:\/\/www.ezeep.com\/de\/\",\"name\":\"ezeep\",\"description\":\"Easy Printing Anytime, Anywhere\",\"publisher\":{\"@id\":\"https:\/\/www.ezeep.com\/de\/#organization\"},\"potentialAction\":[{\"@type\":\"SearchAction\",\"target\":{\"@type\":\"EntryPoint\",\"urlTemplate\":\"https:\/\/www.ezeep.com\/de\/?s={search_term_string}\"},\"query-input\":\"required name=search_term_string\"}],\"inLanguage\":\"de-DE\"},{\"@type\":\"Organization\",\"@id\":\"https:\/\/www.ezeep.com\/de\/#organization\",\"name\":\"ezeep\",\"url\":\"https:\/\/www.ezeep.com\/de\/\",\"logo\":{\"@type\":\"ImageObject\",\"inLanguage\":\"de-DE\",\"@id\":\"https:\/\/www.ezeep.com\/de\/#\/schema\/logo\/image\/\",\"url\":\"https:\/\/www.ezeep.com\/wp-content\/uploads\/logo-ezeep.png\",\"contentUrl\":\"https:\/\/www.ezeep.com\/wp-content\/uploads\/logo-ezeep.png\",\"width\":290,\"height\":192,\"caption\":\"ezeep\"},\"image\":{\"@id\":\"https:\/\/www.ezeep.com\/de\/#\/schema\/logo\/image\/\"}}]}<\/script>\n<!-- \/ Yoast SEO Premium plugin. -->","yoast_head_json":{"title":"ezeep Blue \u2013 Jetzt kostenlos starten","description":"ezeep Blue ist f\u00fcr bis zu 10 Anwender dauerhaft kostenlos. Einfach anmelden und loslegen!","robots":{"index":"index","follow":"follow","max-snippet":"max-snippet:-1","max-image-preview":"max-image-preview:large","max-video-preview":"max-video-preview:-1"},"canonical":"https:\/\/www.ezeep.com\/de\/test\/","og_locale":"de_DE","og_type":"article","og_title":"Kostenlos testen","og_description":"ezeep Blue ist f\u00fcr bis zu 10 Anwender dauerhaft kostenlos. Einfach anmelden und loslegen!","og_url":"https:\/\/www.ezeep.com\/de\/test\/","og_site_name":"ezeep","article_modified_time":"2025-11-17T11:42:24+00:00","og_image":[{"width":600,"height":446,"url":"https:\/\/www.ezeep.com\/wp-content\/uploads\/fi-print-with-smile.png","type":"image\/png"}],"twitter_card":"summary_large_image","twitter_misc":{"Gesch\u00e4tzte Lesezeit":"3 Minuten"},"schema":{"@context":"https:\/\/schema.org","@graph":[{"@type":"WebPage","@id":"https:\/\/www.ezeep.com\/de\/test\/","url":"https:\/\/www.ezeep.com\/de\/test\/","name":"ezeep Blue \u2013 Jetzt kostenlos starten","isPartOf":{"@id":"https:\/\/www.ezeep.com\/de\/#website"},"primaryImageOfPage":{"@id":"https:\/\/www.ezeep.com\/de\/test\/#primaryimage"},"image":{"@id":"https:\/\/www.ezeep.com\/de\/test\/#primaryimage"},"thumbnailUrl":"https:\/\/www.ezeep.com\/wp-content\/uploads\/fi-print-with-smile.png","datePublished":"2019-09-16T07:54:09+00:00","dateModified":"2025-11-17T11:42:24+00:00","description":"ezeep Blue ist f\u00fcr bis zu 10 Anwender dauerhaft kostenlos. Einfach anmelden und loslegen!","breadcrumb":{"@id":"https:\/\/www.ezeep.com\/de\/test\/#breadcrumb"},"inLanguage":"de-DE","potentialAction":[{"@type":"ReadAction","target":["https:\/\/www.ezeep.com\/de\/test\/"]}]},{"@type":"ImageObject","inLanguage":"de-DE","@id":"https:\/\/www.ezeep.com\/de\/test\/#primaryimage","url":"https:\/\/www.ezeep.com\/wp-content\/uploads\/fi-print-with-smile.png","contentUrl":"https:\/\/www.ezeep.com\/wp-content\/uploads\/fi-print-with-smile.png","width":600,"height":446},{"@type":"BreadcrumbList","@id":"https:\/\/www.ezeep.com\/de\/test\/#breadcrumb","itemListElement":[{"@type":"ListItem","position":1,"name":"Home","item":"https:\/\/www.ezeep.com\/de\/"},{"@type":"ListItem","position":2,"name":"Kostenlos testen"}]},{"@type":"WebSite","@id":"https:\/\/www.ezeep.com\/de\/#website","url":"https:\/\/www.ezeep.com\/de\/","name":"ezeep","description":"Easy Printing Anytime, Anywhere","publisher":{"@id":"https:\/\/www.ezeep.com\/de\/#organization"},"potentialAction":[{"@type":"SearchAction","target":{"@type":"EntryPoint","urlTemplate":"https:\/\/www.ezeep.com\/de\/?s={search_term_string}"},"query-input":"required name=search_term_string"}],"inLanguage":"de-DE"},{"@type":"Organization","@id":"https:\/\/www.ezeep.com\/de\/#organization","name":"ezeep","url":"https:\/\/www.ezeep.com\/de\/","logo":{"@type":"ImageObject","inLanguage":"de-DE","@id":"https:\/\/www.ezeep.com\/de\/#\/schema\/logo\/image\/","url":"https:\/\/www.ezeep.com\/wp-content\/uploads\/logo-ezeep.png","contentUrl":"https:\/\/www.ezeep.com\/wp-content\/uploads\/logo-ezeep.png","width":290,"height":192,"caption":"ezeep"},"image":{"@id":"https:\/\/www.ezeep.com\/de\/#\/schema\/logo\/image\/"}}]}},"_links":{"self":[{"href":"https:\/\/www.ezeep.com\/de\/wp-json\/wp\/v2\/pages\/6345"}],"collection":[{"href":"https:\/\/www.ezeep.com\/de\/wp-json\/wp\/v2\/pages"}],"about":[{"href":"https:\/\/www.ezeep.com\/de\/wp-json\/wp\/v2\/types\/page"}],"author":[{"embeddable":true,"href":"https:\/\/www.ezeep.com\/de\/wp-json\/wp\/v2\/users\/14"}],"replies":[{"embeddable":true,"href":"https:\/\/www.ezeep.com\/de\/wp-json\/wp\/v2\/comments?post=6345"}],"version-history":[{"count":0,"href":"https:\/\/www.ezeep.com\/de\/wp-json\/wp\/v2\/pages\/6345\/revisions"}],"wp:featuredmedia":[{"embeddable":true,"href":"https:\/\/www.ezeep.com\/de\/wp-json\/wp\/v2\/media\/15892"}],"wp:attachment":[{"href":"https:\/\/www.ezeep.com\/de\/wp-json\/wp\/v2\/media?parent=6345"}],"curies":[{"name":"wp","href":"https:\/\/api.w.org\/{rel}","templated":true}]}}