{"id":6577,"date":"2019-11-15T13:42:25","date_gmt":"2019-11-15T13:42:25","guid":{"rendered":"http:\/\/www.ezeep.com\/?page_id=6577"},"modified":"2026-01-27T12:53:44","modified_gmt":"2026-01-27T12:53:44","slug":"co2-neutral-drucken","status":"publish","type":"page","link":"https:\/\/www.ezeep.com\/de\/co2-neutral-drucken\/","title":{"rendered":"CO2-neutrales Drucken"},"content":{"rendered":"","protected":false},"excerpt":{"rendered":"","protected":false},"author":14,"featured_media":9121,"parent":0,"menu_order":0,"comment_status":"closed","ping_status":"closed","template":"","meta":{"_acf_changed":true,"inline_featured_image":false,"footnotes":""},"class_list":["post-6577","page","type-page","status-publish","has-post-thumbnail","hentry"],"acf":[],"yoast_head":"<!-- This site is optimized with the Yoast SEO Premium plugin v23.2 (Yoast SEO v23.2) - https:\/\/yoast.com\/wordpress\/plugins\/seo\/ -->\n<title>CO2-neutrales Drucken \u2013 ezeep<\/title>\n<meta name=\"description\" content=\"ezeep kompensiert das durch das Drucken unserer Kunden verursachte CO2 durch Unterst\u00fctzung von JUSTDIGGIT. Die Initiative setzt sich daf\u00fcr ein, ver\u00f6dete Landschaften in Afrika wieder zu begr\u00fcnen.\" \/>\n<meta name=\"robots\" content=\"index, follow, max-snippet:-1, max-image-preview:large, max-video-preview:-1\" \/>\n<link rel=\"canonical\" href=\"https:\/\/www.ezeep.com\/de\/co2-neutral-drucken\/\" \/>\n<meta property=\"og:locale\" content=\"de_DE\" \/>\n<meta property=\"og:type\" content=\"article\" \/>\n<meta property=\"og:title\" content=\"CO2-neutrales Drucken\" \/>\n<meta property=\"og:description\" content=\"ezeep kompensiert das durch das Drucken unserer Kunden verursachte CO2 durch Unterst\u00fctzung von JUSTDIGGIT. Die Initiative setzt sich daf\u00fcr ein, ver\u00f6dete Landschaften in Afrika wieder zu begr\u00fcnen.\" \/>\n<meta property=\"og:url\" content=\"https:\/\/www.ezeep.com\/de\/co2-neutral-drucken\/\" \/>\n<meta property=\"og:site_name\" content=\"ezeep\" \/>\n<meta property=\"article:modified_time\" content=\"2026-01-27T12:53:44+00:00\" \/>\n<meta property=\"og:image\" content=\"https:\/\/www.ezeep.com\/wp-content\/uploads\/justdiggit-billboard-1.png\" \/>\n\t<meta property=\"og:image:width\" content=\"1024\" \/>\n\t<meta property=\"og:image:height\" content=\"729\" \/>\n\t<meta property=\"og:image:type\" content=\"image\/png\" \/>\n<meta name=\"twitter:card\" content=\"summary_large_image\" \/>\n<meta name=\"twitter:label1\" content=\"Gesch\u00e4tzte Lesezeit\" \/>\n\t<meta name=\"twitter:data1\" content=\"1 Minute\" \/>\n<script type=\"application\/ld+json\" class=\"yoast-schema-graph\">{\"@context\":\"https:\/\/schema.org\",\"@graph\":[{\"@type\":\"WebPage\",\"@id\":\"https:\/\/www.ezeep.com\/de\/co2-neutral-drucken\/\",\"url\":\"https:\/\/www.ezeep.com\/de\/co2-neutral-drucken\/\",\"name\":\"CO2-neutrales Drucken \u2013 ezeep\",\"isPartOf\":{\"@id\":\"https:\/\/www.ezeep.com\/de\/#website\"},\"primaryImageOfPage\":{\"@id\":\"https:\/\/www.ezeep.com\/de\/co2-neutral-drucken\/#primaryimage\"},\"image\":{\"@id\":\"https:\/\/www.ezeep.com\/de\/co2-neutral-drucken\/#primaryimage\"},\"thumbnailUrl\":\"https:\/\/www.ezeep.com\/wp-content\/uploads\/justdiggit-billboard-1.png\",\"datePublished\":\"2019-11-15T13:42:25+00:00\",\"dateModified\":\"2026-01-27T12:53:44+00:00\",\"description\":\"ezeep kompensiert das durch das Drucken unserer Kunden verursachte CO2 durch Unterst\u00fctzung von JUSTDIGGIT. Die Initiative setzt sich daf\u00fcr ein, ver\u00f6dete Landschaften in Afrika wieder zu begr\u00fcnen.\",\"breadcrumb\":{\"@id\":\"https:\/\/www.ezeep.com\/de\/co2-neutral-drucken\/#breadcrumb\"},\"inLanguage\":\"de-DE\",\"potentialAction\":[{\"@type\":\"ReadAction\",\"target\":[\"https:\/\/www.ezeep.com\/de\/co2-neutral-drucken\/\"]}]},{\"@type\":\"ImageObject\",\"inLanguage\":\"de-DE\",\"@id\":\"https:\/\/www.ezeep.com\/de\/co2-neutral-drucken\/#primaryimage\",\"url\":\"https:\/\/www.ezeep.com\/wp-content\/uploads\/justdiggit-billboard-1.png\",\"contentUrl\":\"https:\/\/www.ezeep.com\/wp-content\/uploads\/justdiggit-billboard-1.png\",\"width\":1024,\"height\":729,\"caption\":\"Justdiggit.org Billboard\"},{\"@type\":\"BreadcrumbList\",\"@id\":\"https:\/\/www.ezeep.com\/de\/co2-neutral-drucken\/#breadcrumb\",\"itemListElement\":[{\"@type\":\"ListItem\",\"position\":1,\"name\":\"Home\",\"item\":\"https:\/\/www.ezeep.com\/de\/\"},{\"@type\":\"ListItem\",\"position\":2,\"name\":\"CO2-neutrales Drucken\"}]},{\"@type\":\"WebSite\",\"@id\":\"https:\/\/www.ezeep.com\/de\/#website\",\"url\":\"https:\/\/www.ezeep.com\/de\/\",\"name\":\"ezeep\",\"description\":\"Easy Printing Anytime, Anywhere\",\"publisher\":{\"@id\":\"https:\/\/www.ezeep.com\/de\/#organization\"},\"potentialAction\":[{\"@type\":\"SearchAction\",\"target\":{\"@type\":\"EntryPoint\",\"urlTemplate\":\"https:\/\/www.ezeep.com\/de\/?s={search_term_string}\"},\"query-input\":\"required name=search_term_string\"}],\"inLanguage\":\"de-DE\"},{\"@type\":\"Organization\",\"@id\":\"https:\/\/www.ezeep.com\/de\/#organization\",\"name\":\"ezeep\",\"url\":\"https:\/\/www.ezeep.com\/de\/\",\"logo\":{\"@type\":\"ImageObject\",\"inLanguage\":\"de-DE\",\"@id\":\"https:\/\/www.ezeep.com\/de\/#\/schema\/logo\/image\/\",\"url\":\"https:\/\/www.ezeep.com\/wp-content\/uploads\/logo-ezeep.png\",\"contentUrl\":\"https:\/\/www.ezeep.com\/wp-content\/uploads\/logo-ezeep.png\",\"width\":290,\"height\":192,\"caption\":\"ezeep\"},\"image\":{\"@id\":\"https:\/\/www.ezeep.com\/de\/#\/schema\/logo\/image\/\"}}]}<\/script>\n<!-- \/ Yoast SEO Premium plugin. -->","yoast_head_json":{"title":"CO2-neutrales Drucken \u2013 ezeep","description":"ezeep kompensiert das durch das Drucken unserer Kunden verursachte CO2 durch Unterst\u00fctzung von JUSTDIGGIT. Die Initiative setzt sich daf\u00fcr ein, ver\u00f6dete Landschaften in Afrika wieder zu begr\u00fcnen.","robots":{"index":"index","follow":"follow","max-snippet":"max-snippet:-1","max-image-preview":"max-image-preview:large","max-video-preview":"max-video-preview:-1"},"canonical":"https:\/\/www.ezeep.com\/de\/co2-neutral-drucken\/","og_locale":"de_DE","og_type":"article","og_title":"CO2-neutrales Drucken","og_description":"ezeep kompensiert das durch das Drucken unserer Kunden verursachte CO2 durch Unterst\u00fctzung von JUSTDIGGIT. Die Initiative setzt sich daf\u00fcr ein, ver\u00f6dete Landschaften in Afrika wieder zu begr\u00fcnen.","og_url":"https:\/\/www.ezeep.com\/de\/co2-neutral-drucken\/","og_site_name":"ezeep","article_modified_time":"2026-01-27T12:53:44+00:00","og_image":[{"width":1024,"height":729,"url":"https:\/\/www.ezeep.com\/wp-content\/uploads\/justdiggit-billboard-1.png","type":"image\/png"}],"twitter_card":"summary_large_image","twitter_misc":{"Gesch\u00e4tzte Lesezeit":"1 Minute"},"schema":{"@context":"https:\/\/schema.org","@graph":[{"@type":"WebPage","@id":"https:\/\/www.ezeep.com\/de\/co2-neutral-drucken\/","url":"https:\/\/www.ezeep.com\/de\/co2-neutral-drucken\/","name":"CO2-neutrales Drucken \u2013 ezeep","isPartOf":{"@id":"https:\/\/www.ezeep.com\/de\/#website"},"primaryImageOfPage":{"@id":"https:\/\/www.ezeep.com\/de\/co2-neutral-drucken\/#primaryimage"},"image":{"@id":"https:\/\/www.ezeep.com\/de\/co2-neutral-drucken\/#primaryimage"},"thumbnailUrl":"https:\/\/www.ezeep.com\/wp-content\/uploads\/justdiggit-billboard-1.png","datePublished":"2019-11-15T13:42:25+00:00","dateModified":"2026-01-27T12:53:44+00:00","description":"ezeep kompensiert das durch das Drucken unserer Kunden verursachte CO2 durch Unterst\u00fctzung von JUSTDIGGIT. Die Initiative setzt sich daf\u00fcr ein, ver\u00f6dete Landschaften in Afrika wieder zu begr\u00fcnen.","breadcrumb":{"@id":"https:\/\/www.ezeep.com\/de\/co2-neutral-drucken\/#breadcrumb"},"inLanguage":"de-DE","potentialAction":[{"@type":"ReadAction","target":["https:\/\/www.ezeep.com\/de\/co2-neutral-drucken\/"]}]},{"@type":"ImageObject","inLanguage":"de-DE","@id":"https:\/\/www.ezeep.com\/de\/co2-neutral-drucken\/#primaryimage","url":"https:\/\/www.ezeep.com\/wp-content\/uploads\/justdiggit-billboard-1.png","contentUrl":"https:\/\/www.ezeep.com\/wp-content\/uploads\/justdiggit-billboard-1.png","width":1024,"height":729,"caption":"Justdiggit.org Billboard"},{"@type":"BreadcrumbList","@id":"https:\/\/www.ezeep.com\/de\/co2-neutral-drucken\/#breadcrumb","itemListElement":[{"@type":"ListItem","position":1,"name":"Home","item":"https:\/\/www.ezeep.com\/de\/"},{"@type":"ListItem","position":2,"name":"CO2-neutrales Drucken"}]},{"@type":"WebSite","@id":"https:\/\/www.ezeep.com\/de\/#website","url":"https:\/\/www.ezeep.com\/de\/","name":"ezeep","description":"Easy Printing Anytime, Anywhere","publisher":{"@id":"https:\/\/www.ezeep.com\/de\/#organization"},"potentialAction":[{"@type":"SearchAction","target":{"@type":"EntryPoint","urlTemplate":"https:\/\/www.ezeep.com\/de\/?s={search_term_string}"},"query-input":"required name=search_term_string"}],"inLanguage":"de-DE"},{"@type":"Organization","@id":"https:\/\/www.ezeep.com\/de\/#organization","name":"ezeep","url":"https:\/\/www.ezeep.com\/de\/","logo":{"@type":"ImageObject","inLanguage":"de-DE","@id":"https:\/\/www.ezeep.com\/de\/#\/schema\/logo\/image\/","url":"https:\/\/www.ezeep.com\/wp-content\/uploads\/logo-ezeep.png","contentUrl":"https:\/\/www.ezeep.com\/wp-content\/uploads\/logo-ezeep.png","width":290,"height":192,"caption":"ezeep"},"image":{"@id":"https:\/\/www.ezeep.com\/de\/#\/schema\/logo\/image\/"}}]}},"_links":{"self":[{"href":"https:\/\/www.ezeep.com\/de\/wp-json\/wp\/v2\/pages\/6577"}],"collection":[{"href":"https:\/\/www.ezeep.com\/de\/wp-json\/wp\/v2\/pages"}],"about":[{"href":"https:\/\/www.ezeep.com\/de\/wp-json\/wp\/v2\/types\/page"}],"author":[{"embeddable":true,"href":"https:\/\/www.ezeep.com\/de\/wp-json\/wp\/v2\/users\/14"}],"replies":[{"embeddable":true,"href":"https:\/\/www.ezeep.com\/de\/wp-json\/wp\/v2\/comments?post=6577"}],"version-history":[{"count":0,"href":"https:\/\/www.ezeep.com\/de\/wp-json\/wp\/v2\/pages\/6577\/revisions"}],"wp:featuredmedia":[{"embeddable":true,"href":"https:\/\/www.ezeep.com\/de\/wp-json\/wp\/v2\/media\/9121"}],"wp:attachment":[{"href":"https:\/\/www.ezeep.com\/de\/wp-json\/wp\/v2\/media?parent=6577"}],"curies":[{"name":"wp","href":"https:\/\/api.w.org\/{rel}","templated":true}]}}