{"id":7052,"date":"2020-01-24T12:04:38","date_gmt":"2020-01-24T12:04:38","guid":{"rendered":"http:\/\/www.ezeep.com\/?page_id=7052"},"modified":"2024-02-23T11:03:55","modified_gmt":"2024-02-23T11:03:55","slug":"presse","status":"publish","type":"page","link":"https:\/\/www.ezeep.com\/de\/presse\/","title":{"rendered":"Presse"},"content":{"rendered":"\n<p class=\"has-text-align-center\">Hier findest Du aktuelle Pressemitteilungen sowie Ressourcen f\u00fcr Journalisten und Blog-Autoren, die \u00fcber ezeep schreiben m\u00f6chten. Wenn Du Fragen hast oder etwas ben\u00f6tigst, das Du nicht auf dieser Seite findest, setze Dich bitte mit uns in Verbindung.<\/p>\n\n\n\n<div style=\"height:25px\" aria-hidden=\"true\" class=\"wp-block-spacer\"><\/div>\n\n\n\n<p style=\"color:#ffffff;text-align:center\" class=\"has-text-color\"><a href=\"#media-contact\" class=\"Button Button--alpha Button--md Button--alpha--main\">Presse-Kontakt<\/a><\/p>\n\n\n\n<div style=\"height:75px\" aria-hidden=\"true\" class=\"wp-block-spacer\"><\/div>\n\n\n\n<h2 class=\"wp-block-heading\" id=\"h-aktuelle-presseinformationen\">Aktuelle Presseinformationen<\/h2>\n\n\n<ul class=\"wp-block-latest-posts__list has-dates wp-block-latest-posts\"><li><a class=\"wp-block-latest-posts__post-title\" href=\"https:\/\/www.ezeep.com\/de\/ezeep-hub-erweitert-microsoft-365-link-um-druckfunktion\/\">ezeep Hub erweitert Microsoft 365 Link um Druckfunktion f\u00fcr den modernen Zero-Trust-Arbeitsplatz<\/a><time datetime=\"2024-12-03T09:33:51+00:00\" class=\"wp-block-latest-posts__post-date\">Dezember 3, 2024<\/time><div class=\"wp-block-latest-posts__post-excerpt\">Druckfunktion f\u00fcr Microsoft 365 Link: ezeep Hub erweitert Microsofts L\u00f6sung um eine nahtlose, sichere, einfach zu verwaltende Druckfunktion.<\/div><\/li>\n<li><a class=\"wp-block-latest-posts__post-title\" href=\"https:\/\/www.ezeep.com\/de\/ezeep-blue-jetzt-im-microsoft-azure-marketplace-verfuegbar\/\">ezeep Blue jetzt im Microsoft Azure Marketplace verf\u00fcgbar<\/a><time datetime=\"2024-10-01T08:58:36+00:00\" class=\"wp-block-latest-posts__post-date\">Oktober 1, 2024<\/time><div class=\"wp-block-latest-posts__post-excerpt\">ezeep Blue mit seinem Printer Profiles-Feature ist ab sofort weltweit im Microsoft Azure Marketplace verf\u00fcgbar. <\/div><\/li>\n<li><a class=\"wp-block-latest-posts__post-title\" href=\"https:\/\/www.ezeep.com\/de\/ezeep-blue-app-fuer-lexmark-drucker\/\">Jetzt verf\u00fcgbar: ezeep Blue Cloudprinting f\u00fcr Lexmark- Drucker\u00a0\u00a0\u00a0<\/a><time datetime=\"2024-08-28T09:07:37+00:00\" class=\"wp-block-latest-posts__post-date\">August 28, 2024<\/time><div class=\"wp-block-latest-posts__post-excerpt\">Dank Integration der ezeep-Blue App k\u00f6nnen Lexmark-Drucker in Unternehmensumgebungen noch einfacher und effizienter drucken\u00a0\u00a0<\/div><\/li>\n<\/ul>\n\n\n<div style=\"height:25px\" aria-hidden=\"true\" class=\"wp-block-spacer\"><\/div>\n\n\n\n<p style=\"color:#ffffff;\" class=\"has-text-color\"><a href=\"\/de\/category\/presseinformationen\/\" class=\"Button Button--alpha Button--md Button--alpha--main\">Alle Presseinformationen<\/a><\/p>\n","protected":false},"excerpt":{"rendered":"<p>Hier findest Du aktuelle Pressemitteilungen sowie Ressourcen f\u00fcr Journalisten und Blog-Autoren, die \u00fcber ezeep schreiben m\u00f6chten. Wenn Du Fragen hast oder etwas ben\u00f6tigst, das Du nicht auf dieser Seite findest, setze Dich bitte mit uns in Verbindung. Presse-Kontakt Aktuelle Presseinformationen Alle Presseinformationen<\/p>\n","protected":false},"author":14,"featured_media":0,"parent":0,"menu_order":0,"comment_status":"closed","ping_status":"closed","template":"","meta":{"_acf_changed":false,"inline_featured_image":false,"footnotes":""},"class_list":["post-7052","page","type-page","status-publish","hentry"],"acf":[],"yoast_head":"<!-- This site is optimized with the Yoast SEO Premium plugin v23.2 (Yoast SEO v23.2) - https:\/\/yoast.com\/wordpress\/plugins\/seo\/ -->\n<title>Presse: Mitteilungen, Informationen &amp; Ressourcen | ezeep<\/title>\n<meta name=\"description\" content=\"Im Presse-Bereich finden Sie aktuelle Pressemitteilungen, Informationen und Ressourcen f\u00fcr Journalisten und Blog-Autoren, die \u00fcber ezeep schreiben m\u00f6chten.\" \/>\n<meta name=\"robots\" content=\"index, follow, max-snippet:-1, max-image-preview:large, max-video-preview:-1\" \/>\n<link rel=\"canonical\" href=\"https:\/\/www.ezeep.com\/de\/presse\/\" \/>\n<meta property=\"og:locale\" content=\"de_DE\" \/>\n<meta property=\"og:type\" content=\"article\" \/>\n<meta property=\"og:title\" content=\"Presse\" \/>\n<meta property=\"og:description\" content=\"Im Presse-Bereich finden Sie aktuelle Pressemitteilungen, Informationen und Ressourcen f\u00fcr Journalisten und Blog-Autoren, die \u00fcber ezeep schreiben m\u00f6chten.\" \/>\n<meta property=\"og:url\" content=\"https:\/\/www.ezeep.com\/de\/presse\/\" \/>\n<meta property=\"og:site_name\" content=\"ezeep\" \/>\n<meta property=\"article:modified_time\" content=\"2024-02-23T11:03:55+00:00\" \/>\n<meta name=\"twitter:card\" content=\"summary_large_image\" \/>\n<meta name=\"twitter:label1\" content=\"Gesch\u00e4tzte Lesezeit\" \/>\n\t<meta name=\"twitter:data1\" content=\"1 Minute\" \/>\n<script type=\"application\/ld+json\" class=\"yoast-schema-graph\">{\"@context\":\"https:\/\/schema.org\",\"@graph\":[{\"@type\":\"WebPage\",\"@id\":\"https:\/\/www.ezeep.com\/de\/presse\/\",\"url\":\"https:\/\/www.ezeep.com\/de\/presse\/\",\"name\":\"Presse: Mitteilungen, Informationen & Ressourcen | ezeep\",\"isPartOf\":{\"@id\":\"https:\/\/www.ezeep.com\/de\/#website\"},\"datePublished\":\"2020-01-24T12:04:38+00:00\",\"dateModified\":\"2024-02-23T11:03:55+00:00\",\"description\":\"Im Presse-Bereich finden Sie aktuelle Pressemitteilungen, Informationen und Ressourcen f\u00fcr Journalisten und Blog-Autoren, die \u00fcber ezeep schreiben m\u00f6chten.\",\"breadcrumb\":{\"@id\":\"https:\/\/www.ezeep.com\/de\/presse\/#breadcrumb\"},\"inLanguage\":\"de-DE\",\"potentialAction\":[{\"@type\":\"ReadAction\",\"target\":[\"https:\/\/www.ezeep.com\/de\/presse\/\"]}]},{\"@type\":\"BreadcrumbList\",\"@id\":\"https:\/\/www.ezeep.com\/de\/presse\/#breadcrumb\",\"itemListElement\":[{\"@type\":\"ListItem\",\"position\":1,\"name\":\"Home\",\"item\":\"https:\/\/www.ezeep.com\/de\/\"},{\"@type\":\"ListItem\",\"position\":2,\"name\":\"Presse\"}]},{\"@type\":\"WebSite\",\"@id\":\"https:\/\/www.ezeep.com\/de\/#website\",\"url\":\"https:\/\/www.ezeep.com\/de\/\",\"name\":\"ezeep\",\"description\":\"Easy Printing Anytime, Anywhere\",\"publisher\":{\"@id\":\"https:\/\/www.ezeep.com\/de\/#organization\"},\"potentialAction\":[{\"@type\":\"SearchAction\",\"target\":{\"@type\":\"EntryPoint\",\"urlTemplate\":\"https:\/\/www.ezeep.com\/de\/?s={search_term_string}\"},\"query-input\":\"required name=search_term_string\"}],\"inLanguage\":\"de-DE\"},{\"@type\":\"Organization\",\"@id\":\"https:\/\/www.ezeep.com\/de\/#organization\",\"name\":\"ezeep\",\"url\":\"https:\/\/www.ezeep.com\/de\/\",\"logo\":{\"@type\":\"ImageObject\",\"inLanguage\":\"de-DE\",\"@id\":\"https:\/\/www.ezeep.com\/de\/#\/schema\/logo\/image\/\",\"url\":\"https:\/\/www.ezeep.com\/wp-content\/uploads\/logo-ezeep.png\",\"contentUrl\":\"https:\/\/www.ezeep.com\/wp-content\/uploads\/logo-ezeep.png\",\"width\":290,\"height\":192,\"caption\":\"ezeep\"},\"image\":{\"@id\":\"https:\/\/www.ezeep.com\/de\/#\/schema\/logo\/image\/\"}}]}<\/script>\n<!-- \/ Yoast SEO Premium plugin. -->","yoast_head_json":{"title":"Presse: Mitteilungen, Informationen & Ressourcen | ezeep","description":"Im Presse-Bereich finden Sie aktuelle Pressemitteilungen, Informationen und Ressourcen f\u00fcr Journalisten und Blog-Autoren, die \u00fcber ezeep schreiben m\u00f6chten.","robots":{"index":"index","follow":"follow","max-snippet":"max-snippet:-1","max-image-preview":"max-image-preview:large","max-video-preview":"max-video-preview:-1"},"canonical":"https:\/\/www.ezeep.com\/de\/presse\/","og_locale":"de_DE","og_type":"article","og_title":"Presse","og_description":"Im Presse-Bereich finden Sie aktuelle Pressemitteilungen, Informationen und Ressourcen f\u00fcr Journalisten und Blog-Autoren, die \u00fcber ezeep schreiben m\u00f6chten.","og_url":"https:\/\/www.ezeep.com\/de\/presse\/","og_site_name":"ezeep","article_modified_time":"2024-02-23T11:03:55+00:00","twitter_card":"summary_large_image","twitter_misc":{"Gesch\u00e4tzte Lesezeit":"1 Minute"},"schema":{"@context":"https:\/\/schema.org","@graph":[{"@type":"WebPage","@id":"https:\/\/www.ezeep.com\/de\/presse\/","url":"https:\/\/www.ezeep.com\/de\/presse\/","name":"Presse: Mitteilungen, Informationen & Ressourcen | ezeep","isPartOf":{"@id":"https:\/\/www.ezeep.com\/de\/#website"},"datePublished":"2020-01-24T12:04:38+00:00","dateModified":"2024-02-23T11:03:55+00:00","description":"Im Presse-Bereich finden Sie aktuelle Pressemitteilungen, Informationen und Ressourcen f\u00fcr Journalisten und Blog-Autoren, die \u00fcber ezeep schreiben m\u00f6chten.","breadcrumb":{"@id":"https:\/\/www.ezeep.com\/de\/presse\/#breadcrumb"},"inLanguage":"de-DE","potentialAction":[{"@type":"ReadAction","target":["https:\/\/www.ezeep.com\/de\/presse\/"]}]},{"@type":"BreadcrumbList","@id":"https:\/\/www.ezeep.com\/de\/presse\/#breadcrumb","itemListElement":[{"@type":"ListItem","position":1,"name":"Home","item":"https:\/\/www.ezeep.com\/de\/"},{"@type":"ListItem","position":2,"name":"Presse"}]},{"@type":"WebSite","@id":"https:\/\/www.ezeep.com\/de\/#website","url":"https:\/\/www.ezeep.com\/de\/","name":"ezeep","description":"Easy Printing Anytime, Anywhere","publisher":{"@id":"https:\/\/www.ezeep.com\/de\/#organization"},"potentialAction":[{"@type":"SearchAction","target":{"@type":"EntryPoint","urlTemplate":"https:\/\/www.ezeep.com\/de\/?s={search_term_string}"},"query-input":"required name=search_term_string"}],"inLanguage":"de-DE"},{"@type":"Organization","@id":"https:\/\/www.ezeep.com\/de\/#organization","name":"ezeep","url":"https:\/\/www.ezeep.com\/de\/","logo":{"@type":"ImageObject","inLanguage":"de-DE","@id":"https:\/\/www.ezeep.com\/de\/#\/schema\/logo\/image\/","url":"https:\/\/www.ezeep.com\/wp-content\/uploads\/logo-ezeep.png","contentUrl":"https:\/\/www.ezeep.com\/wp-content\/uploads\/logo-ezeep.png","width":290,"height":192,"caption":"ezeep"},"image":{"@id":"https:\/\/www.ezeep.com\/de\/#\/schema\/logo\/image\/"}}]}},"_links":{"self":[{"href":"https:\/\/www.ezeep.com\/de\/wp-json\/wp\/v2\/pages\/7052"}],"collection":[{"href":"https:\/\/www.ezeep.com\/de\/wp-json\/wp\/v2\/pages"}],"about":[{"href":"https:\/\/www.ezeep.com\/de\/wp-json\/wp\/v2\/types\/page"}],"author":[{"embeddable":true,"href":"https:\/\/www.ezeep.com\/de\/wp-json\/wp\/v2\/users\/14"}],"replies":[{"embeddable":true,"href":"https:\/\/www.ezeep.com\/de\/wp-json\/wp\/v2\/comments?post=7052"}],"version-history":[{"count":0,"href":"https:\/\/www.ezeep.com\/de\/wp-json\/wp\/v2\/pages\/7052\/revisions"}],"wp:attachment":[{"href":"https:\/\/www.ezeep.com\/de\/wp-json\/wp\/v2\/media?parent=7052"}],"curies":[{"name":"wp","href":"https:\/\/api.w.org\/{rel}","templated":true}]}}