{"id":9809,"date":"2021-10-28T10:30:46","date_gmt":"2021-10-28T10:30:46","guid":{"rendered":"https:\/\/www.ezeep.com\/?page_id=9809"},"modified":"2025-12-08T21:02:26","modified_gmt":"2025-12-08T21:02:26","slug":"preise-coworking","status":"publish","type":"page","link":"https:\/\/www.ezeep.com\/de\/preise-coworking\/","title":{"rendered":"Preise Coworking"},"content":{"rendered":"\n<p class=\"has-text-align-center emphasis\">ezeep, die weltweit f\u00fchrende Druckverwaltungssoftware f\u00fcr Coworking Spaces, bietet attraktive Preise f\u00fcr Betreiber von Coworking Spaces und Bildungseinrichtungen. Nimm einfach Kontakt mit uns auf, um mehr zu erfahren.<\/p>\n\n\n\n<style>\n\nform label {\n    color: white;\n}\n\nform {\n    text-align: left; \n}<\/style>\n\n\n\n<script src=\"https:\/\/js-eu1.hsforms.net\/forms\/embed\/developer\/146638686.js\" defer><\/script>\n<div class=\"hs-form-html\" data-region=\"eu1\" data-form-id=\"0663d34f-cad4-4f0d-ba22-01c6882ad7cd\" data-portal-id=\"146638686\"><\/div>\n","protected":false},"excerpt":{"rendered":"<p>ezeep, die weltweit f\u00fchrende Druckverwaltungssoftware f\u00fcr Coworking Spaces, bietet attraktive Preise f\u00fcr Betreiber von Coworking Spaces und Bildungseinrichtungen. Nimm einfach Kontakt mit uns auf, um mehr zu erfahren.<\/p>\n","protected":false},"author":4,"featured_media":9722,"parent":0,"menu_order":0,"comment_status":"closed","ping_status":"closed","template":"","meta":{"_acf_changed":true,"inline_featured_image":false,"footnotes":""},"class_list":["post-9809","page","type-page","status-publish","has-post-thumbnail","hentry"],"acf":[],"yoast_head":"<!-- This site is optimized with the Yoast SEO Premium plugin v23.2 (Yoast SEO v23.2) - https:\/\/yoast.com\/wordpress\/plugins\/seo\/ -->\n<title>Preise f\u00fcr Coworking Spaces, Business Center und virtuelle B\u00fcros<\/title>\n<meta name=\"description\" content=\"ezeep ist DIE Druckmanagement-Software f\u00fcr Coworking Spaces. Hier findest Du die Preise f\u00fcr Shared Workspaces, die Drucken als Service anbieten m\u00f6chten.\" \/>\n<meta name=\"robots\" content=\"index, follow, max-snippet:-1, max-image-preview:large, max-video-preview:-1\" \/>\n<link rel=\"canonical\" href=\"https:\/\/www.ezeep.com\/de\/preise-coworking\/\" \/>\n<meta property=\"og:locale\" content=\"de_DE\" \/>\n<meta property=\"og:type\" content=\"article\" \/>\n<meta property=\"og:title\" content=\"Preise Coworking\" \/>\n<meta property=\"og:description\" content=\"ezeep ist DIE Druckmanagement-Software f\u00fcr Coworking Spaces. Hier findest Du die Preise f\u00fcr Shared Workspaces, die Drucken als Service anbieten m\u00f6chten.\" \/>\n<meta property=\"og:url\" content=\"https:\/\/www.ezeep.com\/de\/preise-coworking\/\" \/>\n<meta property=\"og:site_name\" content=\"ezeep\" \/>\n<meta property=\"article:modified_time\" content=\"2025-12-08T21:02:26+00:00\" \/>\n<meta property=\"og:image\" content=\"https:\/\/www.ezeep.com\/wp-content\/uploads\/people-in-coworking-space.jpg\" \/>\n\t<meta property=\"og:image:width\" content=\"800\" \/>\n\t<meta property=\"og:image:height\" content=\"723\" \/>\n\t<meta property=\"og:image:type\" content=\"image\/jpeg\" \/>\n<meta name=\"twitter:card\" content=\"summary_large_image\" \/>\n<meta name=\"twitter:label1\" content=\"Gesch\u00e4tzte Lesezeit\" \/>\n\t<meta name=\"twitter:data1\" content=\"1 Minute\" \/>\n<script type=\"application\/ld+json\" class=\"yoast-schema-graph\">{\"@context\":\"https:\/\/schema.org\",\"@graph\":[{\"@type\":\"WebPage\",\"@id\":\"https:\/\/www.ezeep.com\/de\/preise-coworking\/\",\"url\":\"https:\/\/www.ezeep.com\/de\/preise-coworking\/\",\"name\":\"Preise f\u00fcr Coworking Spaces, Business Center und virtuelle B\u00fcros\",\"isPartOf\":{\"@id\":\"https:\/\/www.ezeep.com\/de\/#website\"},\"primaryImageOfPage\":{\"@id\":\"https:\/\/www.ezeep.com\/de\/preise-coworking\/#primaryimage\"},\"image\":{\"@id\":\"https:\/\/www.ezeep.com\/de\/preise-coworking\/#primaryimage\"},\"thumbnailUrl\":\"https:\/\/www.ezeep.com\/wp-content\/uploads\/people-in-coworking-space.jpg\",\"datePublished\":\"2021-10-28T10:30:46+00:00\",\"dateModified\":\"2025-12-08T21:02:26+00:00\",\"description\":\"ezeep ist DIE Druckmanagement-Software f\u00fcr Coworking Spaces. Hier findest Du die Preise f\u00fcr Shared Workspaces, die Drucken als Service anbieten m\u00f6chten.\",\"breadcrumb\":{\"@id\":\"https:\/\/www.ezeep.com\/de\/preise-coworking\/#breadcrumb\"},\"inLanguage\":\"de-DE\",\"potentialAction\":[{\"@type\":\"ReadAction\",\"target\":[\"https:\/\/www.ezeep.com\/de\/preise-coworking\/\"]}]},{\"@type\":\"ImageObject\",\"inLanguage\":\"de-DE\",\"@id\":\"https:\/\/www.ezeep.com\/de\/preise-coworking\/#primaryimage\",\"url\":\"https:\/\/www.ezeep.com\/wp-content\/uploads\/people-in-coworking-space.jpg\",\"contentUrl\":\"https:\/\/www.ezeep.com\/wp-content\/uploads\/people-in-coworking-space.jpg\",\"width\":\"800\",\"height\":\"723\",\"caption\":\"Menschen drucken im Coworking Space\"},{\"@type\":\"BreadcrumbList\",\"@id\":\"https:\/\/www.ezeep.com\/de\/preise-coworking\/#breadcrumb\",\"itemListElement\":[{\"@type\":\"ListItem\",\"position\":1,\"name\":\"Home\",\"item\":\"https:\/\/www.ezeep.com\/de\/\"},{\"@type\":\"ListItem\",\"position\":2,\"name\":\"Preise Coworking\"}]},{\"@type\":\"WebSite\",\"@id\":\"https:\/\/www.ezeep.com\/de\/#website\",\"url\":\"https:\/\/www.ezeep.com\/de\/\",\"name\":\"ezeep\",\"description\":\"Easy Printing Anytime, Anywhere\",\"publisher\":{\"@id\":\"https:\/\/www.ezeep.com\/de\/#organization\"},\"potentialAction\":[{\"@type\":\"SearchAction\",\"target\":{\"@type\":\"EntryPoint\",\"urlTemplate\":\"https:\/\/www.ezeep.com\/de\/?s={search_term_string}\"},\"query-input\":\"required name=search_term_string\"}],\"inLanguage\":\"de-DE\"},{\"@type\":\"Organization\",\"@id\":\"https:\/\/www.ezeep.com\/de\/#organization\",\"name\":\"ezeep\",\"url\":\"https:\/\/www.ezeep.com\/de\/\",\"logo\":{\"@type\":\"ImageObject\",\"inLanguage\":\"de-DE\",\"@id\":\"https:\/\/www.ezeep.com\/de\/#\/schema\/logo\/image\/\",\"url\":\"https:\/\/www.ezeep.com\/wp-content\/uploads\/logo-ezeep.png\",\"contentUrl\":\"https:\/\/www.ezeep.com\/wp-content\/uploads\/logo-ezeep.png\",\"width\":290,\"height\":192,\"caption\":\"ezeep\"},\"image\":{\"@id\":\"https:\/\/www.ezeep.com\/de\/#\/schema\/logo\/image\/\"}}]}<\/script>\n<!-- \/ Yoast SEO Premium plugin. -->","yoast_head_json":{"title":"Preise f\u00fcr Coworking Spaces, Business Center und virtuelle B\u00fcros","description":"ezeep ist DIE Druckmanagement-Software f\u00fcr Coworking Spaces. Hier findest Du die Preise f\u00fcr Shared Workspaces, die Drucken als Service anbieten m\u00f6chten.","robots":{"index":"index","follow":"follow","max-snippet":"max-snippet:-1","max-image-preview":"max-image-preview:large","max-video-preview":"max-video-preview:-1"},"canonical":"https:\/\/www.ezeep.com\/de\/preise-coworking\/","og_locale":"de_DE","og_type":"article","og_title":"Preise Coworking","og_description":"ezeep ist DIE Druckmanagement-Software f\u00fcr Coworking Spaces. Hier findest Du die Preise f\u00fcr Shared Workspaces, die Drucken als Service anbieten m\u00f6chten.","og_url":"https:\/\/www.ezeep.com\/de\/preise-coworking\/","og_site_name":"ezeep","article_modified_time":"2025-12-08T21:02:26+00:00","og_image":[{"width":800,"height":723,"url":"https:\/\/www.ezeep.com\/wp-content\/uploads\/people-in-coworking-space.jpg","type":"image\/jpeg"}],"twitter_card":"summary_large_image","twitter_misc":{"Gesch\u00e4tzte Lesezeit":"1 Minute"},"schema":{"@context":"https:\/\/schema.org","@graph":[{"@type":"WebPage","@id":"https:\/\/www.ezeep.com\/de\/preise-coworking\/","url":"https:\/\/www.ezeep.com\/de\/preise-coworking\/","name":"Preise f\u00fcr Coworking Spaces, Business Center und virtuelle B\u00fcros","isPartOf":{"@id":"https:\/\/www.ezeep.com\/de\/#website"},"primaryImageOfPage":{"@id":"https:\/\/www.ezeep.com\/de\/preise-coworking\/#primaryimage"},"image":{"@id":"https:\/\/www.ezeep.com\/de\/preise-coworking\/#primaryimage"},"thumbnailUrl":"https:\/\/www.ezeep.com\/wp-content\/uploads\/people-in-coworking-space.jpg","datePublished":"2021-10-28T10:30:46+00:00","dateModified":"2025-12-08T21:02:26+00:00","description":"ezeep ist DIE Druckmanagement-Software f\u00fcr Coworking Spaces. Hier findest Du die Preise f\u00fcr Shared Workspaces, die Drucken als Service anbieten m\u00f6chten.","breadcrumb":{"@id":"https:\/\/www.ezeep.com\/de\/preise-coworking\/#breadcrumb"},"inLanguage":"de-DE","potentialAction":[{"@type":"ReadAction","target":["https:\/\/www.ezeep.com\/de\/preise-coworking\/"]}]},{"@type":"ImageObject","inLanguage":"de-DE","@id":"https:\/\/www.ezeep.com\/de\/preise-coworking\/#primaryimage","url":"https:\/\/www.ezeep.com\/wp-content\/uploads\/people-in-coworking-space.jpg","contentUrl":"https:\/\/www.ezeep.com\/wp-content\/uploads\/people-in-coworking-space.jpg","width":"800","height":"723","caption":"Menschen drucken im Coworking Space"},{"@type":"BreadcrumbList","@id":"https:\/\/www.ezeep.com\/de\/preise-coworking\/#breadcrumb","itemListElement":[{"@type":"ListItem","position":1,"name":"Home","item":"https:\/\/www.ezeep.com\/de\/"},{"@type":"ListItem","position":2,"name":"Preise Coworking"}]},{"@type":"WebSite","@id":"https:\/\/www.ezeep.com\/de\/#website","url":"https:\/\/www.ezeep.com\/de\/","name":"ezeep","description":"Easy Printing Anytime, Anywhere","publisher":{"@id":"https:\/\/www.ezeep.com\/de\/#organization"},"potentialAction":[{"@type":"SearchAction","target":{"@type":"EntryPoint","urlTemplate":"https:\/\/www.ezeep.com\/de\/?s={search_term_string}"},"query-input":"required name=search_term_string"}],"inLanguage":"de-DE"},{"@type":"Organization","@id":"https:\/\/www.ezeep.com\/de\/#organization","name":"ezeep","url":"https:\/\/www.ezeep.com\/de\/","logo":{"@type":"ImageObject","inLanguage":"de-DE","@id":"https:\/\/www.ezeep.com\/de\/#\/schema\/logo\/image\/","url":"https:\/\/www.ezeep.com\/wp-content\/uploads\/logo-ezeep.png","contentUrl":"https:\/\/www.ezeep.com\/wp-content\/uploads\/logo-ezeep.png","width":290,"height":192,"caption":"ezeep"},"image":{"@id":"https:\/\/www.ezeep.com\/de\/#\/schema\/logo\/image\/"}}]}},"_links":{"self":[{"href":"https:\/\/www.ezeep.com\/de\/wp-json\/wp\/v2\/pages\/9809"}],"collection":[{"href":"https:\/\/www.ezeep.com\/de\/wp-json\/wp\/v2\/pages"}],"about":[{"href":"https:\/\/www.ezeep.com\/de\/wp-json\/wp\/v2\/types\/page"}],"author":[{"embeddable":true,"href":"https:\/\/www.ezeep.com\/de\/wp-json\/wp\/v2\/users\/4"}],"replies":[{"embeddable":true,"href":"https:\/\/www.ezeep.com\/de\/wp-json\/wp\/v2\/comments?post=9809"}],"version-history":[{"count":0,"href":"https:\/\/www.ezeep.com\/de\/wp-json\/wp\/v2\/pages\/9809\/revisions"}],"wp:featuredmedia":[{"embeddable":true,"href":"https:\/\/www.ezeep.com\/de\/wp-json\/wp\/v2\/media\/9722"}],"wp:attachment":[{"href":"https:\/\/www.ezeep.com\/de\/wp-json\/wp\/v2\/media?parent=9809"}],"curies":[{"name":"wp","href":"https:\/\/api.w.org\/{rel}","templated":true}]}}