{"id":10594,"date":"2019-09-16T07:54:09","date_gmt":"2019-09-16T07:54:09","guid":{"rendered":"https:\/\/www.ezeep.com\/?page_id=10594"},"modified":"2025-11-17T11:44:19","modified_gmt":"2025-11-17T11:44:19","slug":"prueba-gratis","status":"publish","type":"page","link":"https:\/\/www.ezeep.com\/es\/prueba-gratis\/","title":{"rendered":"Prueba gratis"},"content":{"rendered":"\n<div class=\"wp-block-group\"><div class=\"wp-block-group__inner-container is-layout-constrained wp-block-group-is-layout-constrained\">\n<div class=\"wp-block-group\" style=\"padding-top:var(--wp--preset--spacing--70);padding-right:0;padding-bottom:var(--wp--preset--spacing--50)\"><div class=\"wp-block-group__inner-container is-layout-constrained wp-container-core-group-is-layout-1 wp-block-group-is-layout-constrained\">\n<h1 class=\"wp-block-heading has-text-align-center\" id=\"h-empieza-ahora-gratis\">Empieza ahora gratis<\/h1>\n<\/div><\/div>\n\n\n<div data-cpd-default-content data-cpd-operating-systems=\"ios,android\"><\/p>\n\n\n\n<div class=\"wp-block-group ticss-02a39ca8\" style=\"padding-top:var(--wp--preset--spacing--60);padding-right:var(--wp--preset--spacing--40);padding-bottom:var(--wp--preset--spacing--60);padding-left:var(--wp--preset--spacing--40)\"><div class=\"wp-block-group__inner-container is-layout-constrained wp-container-core-group-is-layout-6 wp-block-group-is-layout-constrained\">\n<h2 class=\"wp-block-heading has-text-align-center\" id=\"h-crea-una-cuenta-nueva-hasta-10-usuarios-gratis-para-siempre\" style=\"font-size:24px;font-style:normal;font-weight:600\">Crea una cuenta nueva:<br>Hasta 10 usuarios gratis para siempre<\/h2>\n\n\n\n<div class=\"wp-block-group\"><div class=\"wp-block-group__inner-container is-layout-constrained wp-block-group-is-layout-constrained\">\n<script src=\"https:\/\/js-eu1.hsforms.net\/forms\/embed\/developer\/146638686.js\" defer><\/script>\n<div class=\"hs-form-html\" data-region=\"eu1\" data-form-id=\"bd9b911b-f532-4a89-aa70-9876b6295d61\" data-portal-id=\"146638686\"><\/div>\n<\/div><\/div>\n\n\n\n<div class=\"wp-block-columns is-layout-flex wp-container-core-columns-is-layout-1 wp-block-columns-is-layout-flex\" style=\"padding-top:9px\">\n<div class=\"wp-block-column is-layout-flow wp-block-column-is-layout-flow\" style=\"margin-top:0;margin-right:0;margin-bottom:0;margin-left:0;padding-top:0;padding-right:0;padding-bottom:0;padding-left:0\">\n<div class=\"wp-block-group has-border-color has-white-background-color has-background\" style=\"border-color:#0000001a;border-width:1px;border-radius:8px;min-height:100%;padding-top:var(--wp--preset--spacing--50);padding-right:var(--wp--preset--spacing--50);padding-bottom:var(--wp--preset--spacing--50);padding-left:var(--wp--preset--spacing--50)\"><div class=\"wp-block-group__inner-container is-layout-constrained wp-container-core-group-is-layout-3 wp-block-group-is-layout-constrained\"><div class=\"wp-block-image\">\n<figure class=\"aligncenter size-full is-resized\"><img loading=\"lazy\" decoding=\"async\" width=\"48\" height=\"48\" src=\"https:\/\/www.ezeep.com\/wp-content\/uploads\/onboarding-icon-star.svg\" alt=\"\" class=\"wp-image-32516\" style=\"aspect-ratio:1;object-fit:cover;width:48px\"\/><\/figure><\/div>\n\n\n<p class=\"has-text-align-center\" style=\"margin-top:var(--wp--preset--spacing--30);margin-right:0;margin-bottom:0;margin-left:0;font-size:16px\">Todas las funciones premium disponibles gratis por 14 d\u00edas<\/p>\n<\/div><\/div>\n<\/div>\n\n\n\n<div class=\"wp-block-column is-layout-flow wp-block-column-is-layout-flow\" style=\"padding-top:0;padding-right:0;padding-bottom:0;padding-left:0\">\n<div class=\"wp-block-group has-border-color has-white-background-color has-background\" style=\"border-color:#0000001a;border-width:1px;border-radius:8px;min-height:100%;padding-top:var(--wp--preset--spacing--50);padding-right:var(--wp--preset--spacing--50);padding-bottom:var(--wp--preset--spacing--50);padding-left:var(--wp--preset--spacing--50)\"><div class=\"wp-block-group__inner-container is-layout-constrained wp-container-core-group-is-layout-4 wp-block-group-is-layout-constrained\"><div class=\"wp-block-image\">\n<figure class=\"aligncenter size-full is-resized\"><img loading=\"lazy\" decoding=\"async\" width=\"48\" height=\"48\" src=\"https:\/\/www.ezeep.com\/wp-content\/uploads\/onboarding-icon-play.svg\" alt=\"\" class=\"wp-image-32510\" style=\"aspect-ratio:1;object-fit:cover;width:48px\"\/><\/figure><\/div>\n\n\n<p class=\"has-text-align-center\" style=\"margin-top:var(--wp--preset--spacing--30);margin-bottom:0;font-size:16px\">No necesitas dar datos de tarjeta de cr\u00e9dito<\/p>\n<\/div><\/div>\n<\/div>\n\n\n\n<div class=\"wp-block-column is-layout-flow wp-block-column-is-layout-flow\" style=\"padding-top:0;padding-right:0;padding-bottom:0;padding-left:0\">\n<div class=\"wp-block-group has-border-color has-white-background-color has-background\" style=\"border-color:#0000001a;border-width:1px;border-radius:8px;min-height:100%;padding-top:var(--wp--preset--spacing--50);padding-right:var(--wp--preset--spacing--50);padding-bottom:var(--wp--preset--spacing--50);padding-left:var(--wp--preset--spacing--50)\"><div class=\"wp-block-group__inner-container is-layout-constrained wp-container-core-group-is-layout-5 wp-block-group-is-layout-constrained\"><div class=\"wp-block-image\">\n<figure class=\"aligncenter size-full is-resized\"><img loading=\"lazy\" decoding=\"async\" width=\"48\" height=\"48\" src=\"https:\/\/www.ezeep.com\/wp-content\/uploads\/onboarding-icon-dashboard.svg\" alt=\"\" class=\"wp-image-32498\" style=\"aspect-ratio:1;object-fit:cover;width:48px\"\/><\/figure><\/div>\n\n\n<p class=\"has-text-align-center\" style=\"margin-top:var(--wp--preset--spacing--30);margin-bottom:0;font-size:16px\">Agrega m\u00e1s funciones o usuarios cuando quieras<\/p>\n<\/div><\/div>\n<\/div>\n<\/div>\n<\/div><\/div>\n\n\n<p><\/div>\n\n\n<div data-cpd-alternate-content data-cpd-operating-systems=\"ios,android\"><\/p>\n\n\n\n<div class=\"wp-block-group\" style=\"padding-top:var(--wp--preset--spacing--60);padding-bottom:var(--wp--preset--spacing--60)\"><div class=\"wp-block-group__inner-container is-layout-constrained wp-block-group-is-layout-constrained\">\n<div class=\"wp-block-columns alignwide is-layout-flex wp-container-core-columns-is-layout-3 wp-block-columns-is-layout-flex\">\n<div class=\"wp-block-column is-layout-flow wp-block-column-is-layout-flow\" style=\"padding-top:var(--wp--preset--spacing--60);padding-bottom:var(--wp--preset--spacing--60);flex-basis:66.66%\">\n<h2 class=\"wp-block-heading has-text-align-center\" id=\"h-descarga-la-app-ezeep-print-desde-tu-tienda-de-apps\" style=\"font-size:24px;font-style:normal;font-weight:600\">\u00a1Descarga la app ezeep Print desde tu tienda de apps!<\/h2>\n\n\n\n<p class=\"has-text-align-center has-medium-font-size\" style=\"margin-top:var(--wp--preset--spacing--50);margin-bottom:0\">La forma m\u00e1s f\u00e1cil de imprimir desde iOS y Android<\/p>\n\n\n\n<div class=\"wp-block-group is-content-justification-center is-nowrap is-layout-flex wp-container-core-group-is-layout-7 wp-block-group-is-layout-flex\"><div class=\"wp-block-image\">\n<figure class=\"aligncenter size-full is-resized\"><a href=\"https:\/\/apps.apple.com\/app\/ezeep-blue-printer-app\/id1527249451?l=en\"><img decoding=\"async\" src=\"https:\/\/www.ezeep.com\/wp-content\/uploads\/app-store-apple.svg\" alt=\"\" class=\"wp-image-32525\" style=\"width:171px;height:auto\"\/><\/a><\/figure><\/div>\n\n<div class=\"wp-block-image\">\n<figure class=\"aligncenter size-full is-resized\"><a href=\"https:\/\/play.google.com\/store\/apps\/details?id=com.thinprint.ezeep\"><img decoding=\"async\" src=\"https:\/\/www.ezeep.com\/wp-content\/uploads\/app-store-google.svg\" alt=\"\" class=\"wp-image-32531\" style=\"width:175px;height:auto\"\/><\/a><\/figure><\/div><\/div>\n\n\n\n<div class=\"wp-block-columns is-layout-flex wp-container-core-columns-is-layout-2 wp-block-columns-is-layout-flex\">\n<div class=\"wp-block-column is-layout-flow wp-block-column-is-layout-flow\" style=\"margin-top:0;margin-right:0;margin-bottom:0;margin-left:0;padding-top:0;padding-right:0;padding-bottom:0;padding-left:0\">\n<div class=\"wp-block-group has-border-color has-white-background-color has-background\" style=\"border-color:#0000001a;border-width:1px;border-radius:8px;min-height:100%;padding-top:var(--wp--preset--spacing--50);padding-right:var(--wp--preset--spacing--50);padding-bottom:var(--wp--preset--spacing--50);padding-left:var(--wp--preset--spacing--50)\"><div class=\"wp-block-group__inner-container is-layout-constrained wp-container-core-group-is-layout-8 wp-block-group-is-layout-constrained\"><div class=\"wp-block-image\">\n<figure class=\"aligncenter size-full is-resized\"><img loading=\"lazy\" decoding=\"async\" width=\"48\" height=\"48\" src=\"https:\/\/www.ezeep.com\/wp-content\/uploads\/onboarding-icon-star.svg\" alt=\"\" class=\"wp-image-32516\" style=\"aspect-ratio:1;object-fit:cover;width:48px\"\/><\/figure><\/div>\n\n\n<p class=\"has-text-align-center\" style=\"margin-top:var(--wp--preset--spacing--30);margin-right:0;margin-bottom:0;margin-left:0;font-size:16px\">Es completamente gratis. Solo crea una cuenta para comenzar.<\/p>\n<\/div><\/div>\n<\/div>\n\n\n\n<div class=\"wp-block-column is-layout-flow wp-block-column-is-layout-flow\" style=\"padding-top:0;padding-right:0;padding-bottom:0;padding-left:0\">\n<div class=\"wp-block-group has-border-color has-white-background-color has-background\" style=\"border-color:#0000001a;border-width:1px;border-radius:8px;min-height:100%;padding-top:var(--wp--preset--spacing--50);padding-right:var(--wp--preset--spacing--50);padding-bottom:var(--wp--preset--spacing--50);padding-left:var(--wp--preset--spacing--50)\"><div class=\"wp-block-group__inner-container is-layout-constrained wp-container-core-group-is-layout-9 wp-block-group-is-layout-constrained\"><div class=\"wp-block-image\">\n<figure class=\"aligncenter size-full is-resized\"><img loading=\"lazy\" decoding=\"async\" width=\"48\" height=\"48\" src=\"https:\/\/www.ezeep.com\/wp-content\/uploads\/onboarding-icon-play.svg\" alt=\"\" class=\"wp-image-32510\" style=\"aspect-ratio:1;object-fit:cover;width:48px\"\/><\/figure><\/div>\n\n\n<p class=\"has-text-align-center\" style=\"margin-top:var(--wp--preset--spacing--30);margin-bottom:0;font-size:16px\">Imprime con casi cualquier impresora, sea vieja o nueva, incluso si normalmente no es compatible con Android\/iOS.<\/p>\n<\/div><\/div>\n<\/div>\n\n\n\n<div class=\"wp-block-column is-layout-flow wp-block-column-is-layout-flow\" style=\"padding-top:0;padding-right:0;padding-bottom:0;padding-left:0\">\n<div class=\"wp-block-group has-border-color has-white-background-color has-background\" style=\"border-color:#0000001a;border-width:1px;border-radius:8px;min-height:100%;padding-top:var(--wp--preset--spacing--50);padding-right:var(--wp--preset--spacing--50);padding-bottom:var(--wp--preset--spacing--50);padding-left:var(--wp--preset--spacing--50)\"><div class=\"wp-block-group__inner-container is-layout-constrained wp-container-core-group-is-layout-10 wp-block-group-is-layout-constrained\"><div class=\"wp-block-image\">\n<figure class=\"aligncenter size-full is-resized\"><img loading=\"lazy\" decoding=\"async\" width=\"48\" height=\"48\" src=\"https:\/\/www.ezeep.com\/wp-content\/uploads\/onboarding-icon-dashboard.svg\" alt=\"\" class=\"wp-image-32498\" style=\"aspect-ratio:1;object-fit:cover;width:48px\"\/><\/figure><\/div>\n\n\n<p class=\"has-text-align-center\" style=\"margin-top:var(--wp--preset--spacing--30);margin-bottom:0;font-size:16px\">Imprime directamente desde apps m\u00f3viles en impresoras remotas y ajusta tus configuraciones de impresi\u00f3n.<\/p>\n<\/div><\/div>\n<\/div>\n<\/div>\n<\/div>\n\n\n\n<div class=\"wp-block-column is-layout-flow wp-block-column-is-layout-flow\" style=\"padding-top:0;padding-right:0;padding-bottom:0;padding-left:0;flex-basis:33.33%\">\n<div class=\"wp-block-group has-background\" style=\"border-radius:8px;background-color:#2730350d;padding-top:var(--wp--preset--spacing--60);padding-right:var(--wp--preset--spacing--60);padding-bottom:var(--wp--preset--spacing--60);padding-left:var(--wp--preset--spacing--60)\"><div class=\"wp-block-group__inner-container is-layout-constrained wp-container-core-group-is-layout-12 wp-block-group-is-layout-constrained\">\n<h2 class=\"wp-block-heading has-text-align-center\" id=\"h-unete-a-una-cuenta-existente\" style=\"font-size:24px;font-style:normal;font-weight:600\">\u00danete a una cuenta existente<\/h2>\n\n\n\n<p class=\"has-text-align-center has-medium-font-size\" style=\"margin-top:var(--wp--preset--spacing--50);margin-bottom:0;padding-top:0;padding-bottom:0\">\u00bfTu lugar de trabajo ya tiene una cuenta de ezeep?<\/p>\n\n\n\n<div class=\"wp-block-group has-border-color has-white-background-color has-background\" style=\"border-color:#0000001a;border-width:1px;border-radius:8px;min-height:px;padding-top:var(--wp--preset--spacing--50);padding-right:var(--wp--preset--spacing--50);padding-bottom:var(--wp--preset--spacing--50);padding-left:var(--wp--preset--spacing--50)\"><div class=\"wp-block-group__inner-container is-layout-constrained wp-container-core-group-is-layout-11 wp-block-group-is-layout-constrained\"><div class=\"wp-block-image\">\n<figure class=\"aligncenter size-full is-resized\"><img loading=\"lazy\" decoding=\"async\" width=\"48\" height=\"48\" src=\"https:\/\/www.ezeep.com\/wp-content\/uploads\/onboarding-icon-lightbulb.svg\" alt=\"\" class=\"wp-image-32504\" style=\"aspect-ratio:1;object-fit:cover;width:48px\"\/><\/figure><\/div>\n\n\n<p class=\"has-text-align-center\" style=\"margin-top:var(--wp--preset--spacing--30);margin-bottom:0;font-size:16px\">P\u00eddele al due\u00f1o de la cuenta que te invite a la organizaci\u00f3n ezeep<\/p>\n<\/div><\/div>\n<\/div><\/div>\n<\/div>\n<\/div>\n\n\n\n<div class=\"wp-block-group alignwide\" style=\"margin-top:var(--wp--preset--spacing--40)\"><div class=\"wp-block-group__inner-container is-layout-constrained wp-block-group-is-layout-constrained\">\n<div class=\"wp-block-group is-content-justification-center is-nowrap is-layout-flex wp-container-core-group-is-layout-13 wp-block-group-is-layout-flex\" style=\"border-top-color:#0000001a;border-top-width:1px;padding-top:var(--wp--preset--spacing--60)\">\n<p class=\"has-text-align-center\" style=\"font-size:14px\">Nota: Parece que est\u00e1s visitando nuestro sitio web desde un dispositivo iOS o Android. Si quieres configurar ezeep Blue para gestionar varias impresoras o conectar una impresora manualmente a la nube, por favor visita nuestro sitio web desde tu computadora de escritorio o laptop.<\/p>\n<\/div>\n<\/div><\/div>\n<\/div><\/div>\n\n\n<p><\/div>\n<\/div><\/div>\n","protected":false},"excerpt":{"rendered":"<p>Empieza ahora gratis<\/p>\n","protected":false},"author":4,"featured_media":8058,"parent":0,"menu_order":0,"comment_status":"closed","ping_status":"closed","template":"page-gutenberg-headless.php","meta":{"_acf_changed":true,"inline_featured_image":false,"footnotes":""},"class_list":["post-10594","page","type-page","status-publish","has-post-thumbnail","hentry"],"acf":[],"yoast_head":"<!-- This site is optimized with the Yoast SEO Premium plugin v23.2 (Yoast SEO v23.2) - https:\/\/yoast.com\/wordpress\/plugins\/seo\/ -->\n<title>Prueba gratuita: \u00a1Prueba ezeep 14 d\u00edas gratis!<\/title>\n<meta name=\"description\" content=\"Descubra la facilidad de imprimir, en cualquier momento y en cualquier lugar. Prueba ezeep gratis y sin ning\u00fan riesgo.\" \/>\n<meta name=\"robots\" content=\"index, follow, max-snippet:-1, max-image-preview:large, max-video-preview:-1\" \/>\n<link rel=\"canonical\" href=\"https:\/\/www.ezeep.com\/es\/prueba-gratis\/\" \/>\n<meta property=\"og:locale\" content=\"es_ES\" \/>\n<meta property=\"og:type\" content=\"article\" \/>\n<meta property=\"og:title\" content=\"Prueba gratis\" \/>\n<meta property=\"og:description\" content=\"Descubra la facilidad de imprimir, en cualquier momento y en cualquier lugar. Prueba ezeep gratis y sin ning\u00fan riesgo.\" \/>\n<meta property=\"og:url\" content=\"https:\/\/www.ezeep.com\/es\/prueba-gratis\/\" \/>\n<meta property=\"og:site_name\" content=\"ezeep\" \/>\n<meta property=\"article:modified_time\" content=\"2025-11-17T11:44:19+00:00\" \/>\n<meta property=\"og:image\" content=\"https:\/\/www.ezeep.com\/wp-content\/uploads\/fi-print-with-smile.png\" \/>\n\t<meta property=\"og:image:width\" content=\"600\" \/>\n\t<meta property=\"og:image:height\" content=\"446\" \/>\n\t<meta property=\"og:image:type\" content=\"image\/png\" \/>\n<meta name=\"twitter:card\" content=\"summary_large_image\" \/>\n<meta name=\"twitter:label1\" content=\"Tiempo de lectura\" \/>\n\t<meta name=\"twitter:data1\" content=\"3 minutos\" \/>\n<script type=\"application\/ld+json\" class=\"yoast-schema-graph\">{\"@context\":\"https:\/\/schema.org\",\"@graph\":[{\"@type\":\"WebPage\",\"@id\":\"https:\/\/www.ezeep.com\/es\/prueba-gratis\/\",\"url\":\"https:\/\/www.ezeep.com\/es\/prueba-gratis\/\",\"name\":\"Prueba gratuita: \u00a1Prueba ezeep 14 d\u00edas gratis!\",\"isPartOf\":{\"@id\":\"https:\/\/www.ezeep.com\/es\/#website\"},\"primaryImageOfPage\":{\"@id\":\"https:\/\/www.ezeep.com\/es\/prueba-gratis\/#primaryimage\"},\"image\":{\"@id\":\"https:\/\/www.ezeep.com\/es\/prueba-gratis\/#primaryimage\"},\"thumbnailUrl\":\"https:\/\/www.ezeep.com\/wp-content\/uploads\/fi-print-with-smile.png\",\"datePublished\":\"2019-09-16T07:54:09+00:00\",\"dateModified\":\"2025-11-17T11:44:19+00:00\",\"description\":\"Descubra la facilidad de imprimir, en cualquier momento y en cualquier lugar. Prueba ezeep gratis y sin ning\u00fan riesgo.\",\"breadcrumb\":{\"@id\":\"https:\/\/www.ezeep.com\/es\/prueba-gratis\/#breadcrumb\"},\"inLanguage\":\"es\",\"potentialAction\":[{\"@type\":\"ReadAction\",\"target\":[\"https:\/\/www.ezeep.com\/es\/prueba-gratis\/\"]}]},{\"@type\":\"ImageObject\",\"inLanguage\":\"es\",\"@id\":\"https:\/\/www.ezeep.com\/es\/prueba-gratis\/#primaryimage\",\"url\":\"https:\/\/www.ezeep.com\/wp-content\/uploads\/fi-print-with-smile.png\",\"contentUrl\":\"https:\/\/www.ezeep.com\/wp-content\/uploads\/fi-print-with-smile.png\",\"width\":600,\"height\":446,\"caption\":\"Print with a smile\"},{\"@type\":\"BreadcrumbList\",\"@id\":\"https:\/\/www.ezeep.com\/es\/prueba-gratis\/#breadcrumb\",\"itemListElement\":[{\"@type\":\"ListItem\",\"position\":1,\"name\":\"Home\",\"item\":\"https:\/\/www.ezeep.com\/es\/\"},{\"@type\":\"ListItem\",\"position\":2,\"name\":\"Prueba gratis\"}]},{\"@type\":\"WebSite\",\"@id\":\"https:\/\/www.ezeep.com\/es\/#website\",\"url\":\"https:\/\/www.ezeep.com\/es\/\",\"name\":\"ezeep\",\"description\":\"Easy Printing Anytime, Anywhere\",\"publisher\":{\"@id\":\"https:\/\/www.ezeep.com\/es\/#organization\"},\"potentialAction\":[{\"@type\":\"SearchAction\",\"target\":{\"@type\":\"EntryPoint\",\"urlTemplate\":\"https:\/\/www.ezeep.com\/es\/?s={search_term_string}\"},\"query-input\":\"required name=search_term_string\"}],\"inLanguage\":\"es\"},{\"@type\":\"Organization\",\"@id\":\"https:\/\/www.ezeep.com\/es\/#organization\",\"name\":\"ezeep\",\"url\":\"https:\/\/www.ezeep.com\/es\/\",\"logo\":{\"@type\":\"ImageObject\",\"inLanguage\":\"es\",\"@id\":\"https:\/\/www.ezeep.com\/es\/#\/schema\/logo\/image\/\",\"url\":\"https:\/\/www.ezeep.com\/wp-content\/uploads\/logo-ezeep.png\",\"contentUrl\":\"https:\/\/www.ezeep.com\/wp-content\/uploads\/logo-ezeep.png\",\"width\":290,\"height\":192,\"caption\":\"ezeep\"},\"image\":{\"@id\":\"https:\/\/www.ezeep.com\/es\/#\/schema\/logo\/image\/\"}}]}<\/script>\n<!-- \/ Yoast SEO Premium plugin. -->","yoast_head_json":{"title":"Prueba gratuita: \u00a1Prueba ezeep 14 d\u00edas gratis!","description":"Descubra la facilidad de imprimir, en cualquier momento y en cualquier lugar. Prueba ezeep gratis y sin ning\u00fan riesgo.","robots":{"index":"index","follow":"follow","max-snippet":"max-snippet:-1","max-image-preview":"max-image-preview:large","max-video-preview":"max-video-preview:-1"},"canonical":"https:\/\/www.ezeep.com\/es\/prueba-gratis\/","og_locale":"es_ES","og_type":"article","og_title":"Prueba gratis","og_description":"Descubra la facilidad de imprimir, en cualquier momento y en cualquier lugar. Prueba ezeep gratis y sin ning\u00fan riesgo.","og_url":"https:\/\/www.ezeep.com\/es\/prueba-gratis\/","og_site_name":"ezeep","article_modified_time":"2025-11-17T11:44:19+00:00","og_image":[{"width":600,"height":446,"url":"https:\/\/www.ezeep.com\/wp-content\/uploads\/fi-print-with-smile.png","type":"image\/png"}],"twitter_card":"summary_large_image","twitter_misc":{"Tiempo de lectura":"3 minutos"},"schema":{"@context":"https:\/\/schema.org","@graph":[{"@type":"WebPage","@id":"https:\/\/www.ezeep.com\/es\/prueba-gratis\/","url":"https:\/\/www.ezeep.com\/es\/prueba-gratis\/","name":"Prueba gratuita: \u00a1Prueba ezeep 14 d\u00edas gratis!","isPartOf":{"@id":"https:\/\/www.ezeep.com\/es\/#website"},"primaryImageOfPage":{"@id":"https:\/\/www.ezeep.com\/es\/prueba-gratis\/#primaryimage"},"image":{"@id":"https:\/\/www.ezeep.com\/es\/prueba-gratis\/#primaryimage"},"thumbnailUrl":"https:\/\/www.ezeep.com\/wp-content\/uploads\/fi-print-with-smile.png","datePublished":"2019-09-16T07:54:09+00:00","dateModified":"2025-11-17T11:44:19+00:00","description":"Descubra la facilidad de imprimir, en cualquier momento y en cualquier lugar. Prueba ezeep gratis y sin ning\u00fan riesgo.","breadcrumb":{"@id":"https:\/\/www.ezeep.com\/es\/prueba-gratis\/#breadcrumb"},"inLanguage":"es","potentialAction":[{"@type":"ReadAction","target":["https:\/\/www.ezeep.com\/es\/prueba-gratis\/"]}]},{"@type":"ImageObject","inLanguage":"es","@id":"https:\/\/www.ezeep.com\/es\/prueba-gratis\/#primaryimage","url":"https:\/\/www.ezeep.com\/wp-content\/uploads\/fi-print-with-smile.png","contentUrl":"https:\/\/www.ezeep.com\/wp-content\/uploads\/fi-print-with-smile.png","width":600,"height":446,"caption":"Print with a smile"},{"@type":"BreadcrumbList","@id":"https:\/\/www.ezeep.com\/es\/prueba-gratis\/#breadcrumb","itemListElement":[{"@type":"ListItem","position":1,"name":"Home","item":"https:\/\/www.ezeep.com\/es\/"},{"@type":"ListItem","position":2,"name":"Prueba gratis"}]},{"@type":"WebSite","@id":"https:\/\/www.ezeep.com\/es\/#website","url":"https:\/\/www.ezeep.com\/es\/","name":"ezeep","description":"Easy Printing Anytime, Anywhere","publisher":{"@id":"https:\/\/www.ezeep.com\/es\/#organization"},"potentialAction":[{"@type":"SearchAction","target":{"@type":"EntryPoint","urlTemplate":"https:\/\/www.ezeep.com\/es\/?s={search_term_string}"},"query-input":"required name=search_term_string"}],"inLanguage":"es"},{"@type":"Organization","@id":"https:\/\/www.ezeep.com\/es\/#organization","name":"ezeep","url":"https:\/\/www.ezeep.com\/es\/","logo":{"@type":"ImageObject","inLanguage":"es","@id":"https:\/\/www.ezeep.com\/es\/#\/schema\/logo\/image\/","url":"https:\/\/www.ezeep.com\/wp-content\/uploads\/logo-ezeep.png","contentUrl":"https:\/\/www.ezeep.com\/wp-content\/uploads\/logo-ezeep.png","width":290,"height":192,"caption":"ezeep"},"image":{"@id":"https:\/\/www.ezeep.com\/es\/#\/schema\/logo\/image\/"}}]}},"_links":{"self":[{"href":"https:\/\/www.ezeep.com\/es\/wp-json\/wp\/v2\/pages\/10594"}],"collection":[{"href":"https:\/\/www.ezeep.com\/es\/wp-json\/wp\/v2\/pages"}],"about":[{"href":"https:\/\/www.ezeep.com\/es\/wp-json\/wp\/v2\/types\/page"}],"author":[{"embeddable":true,"href":"https:\/\/www.ezeep.com\/es\/wp-json\/wp\/v2\/users\/4"}],"replies":[{"embeddable":true,"href":"https:\/\/www.ezeep.com\/es\/wp-json\/wp\/v2\/comments?post=10594"}],"version-history":[{"count":0,"href":"https:\/\/www.ezeep.com\/es\/wp-json\/wp\/v2\/pages\/10594\/revisions"}],"wp:featuredmedia":[{"embeddable":true,"href":"https:\/\/www.ezeep.com\/es\/wp-json\/wp\/v2\/media\/8058"}],"wp:attachment":[{"href":"https:\/\/www.ezeep.com\/es\/wp-json\/wp\/v2\/media?parent=10594"}],"curies":[{"name":"wp","href":"https:\/\/api.w.org\/{rel}","templated":true}]}}