{"id":24113,"date":"2023-05-17T12:38:36","date_gmt":"2023-05-17T12:38:36","guid":{"rendered":"https:\/\/www.ezeep.com\/?page_id=24113"},"modified":"2023-08-15T08:53:25","modified_gmt":"2023-08-15T08:53:25","slug":"impresion-pull-segura","status":"publish","type":"page","link":"https:\/\/www.ezeep.com\/es\/impresion-pull-segura\/","title":{"rendered":"Impresi\u00f3n Pull segura"},"content":{"rendered":"\n<p>Con la soluci\u00f3n de impresi\u00f3n pull de ezeep, proteger cualquier entorno de impresi\u00f3n es un juego de ni\u00f1os. Con la autenticaci\u00f3n de usuario en impresoras compartidas, todas las impresiones son confidenciales. Esto protege sus datos y flujos de trabajo de impresi\u00f3n al tiempo que reduce sus costes de impresi\u00f3n.<\/p>\n\n\n\n<p>Con la soluci\u00f3n de impresi\u00f3n pull basada en la nube de ezeep, las impresiones no se env\u00edan directamente a una impresora seleccionada con el proceso de impresi\u00f3n. En su lugar, los trabajos de impresi\u00f3n se mantienen en una cola de impresi\u00f3n, resguardadas en la nube, hasta que los usuarios se encuentran en la impresora elegida y desean recibir sus impresiones en persona. En cuanto los usuarios se autentican en la impresora o el multifuncional, se imprimen contratos, n\u00f3minas u otros documentos confidenciales.<\/p>\n\n\n\n<div style=\"height:20px\" aria-hidden=\"true\" class=\"wp-block-spacer\"><\/div>\n\n\n\n<figure class=\"wp-block-embed is-type-video is-provider-youtube wp-block-embed-youtube wp-embed-aspect-16-9 wp-has-aspect-ratio\"><div class=\"wp-block-embed__wrapper\">\n<iframe loading=\"lazy\" title=\"Secure Printing in Just a Few Clicks \u2013 ezeep\" width=\"500\" height=\"281\" src=\"https:\/\/www.youtube.com\/embed\/oQ8Rm64ElVg?feature=oembed\" frameborder=\"0\" allow=\"accelerometer; autoplay; clipboard-write; encrypted-media; gyroscope; picture-in-picture; web-share\" referrerpolicy=\"strict-origin-when-cross-origin\" allowfullscreen><\/iframe>\n<\/div><\/figure>\n\n\n\n<div style=\"height:20px\" aria-hidden=\"true\" class=\"wp-block-spacer\"><\/div>\n\n\n\n<h2 class=\"wp-block-heading\" id=\"h-imprima-de-forma-confidencial-con-la-impresion-pull\">Imprima de forma confidencial con la impresi\u00f3n Pull<\/h2>\n\n\n\n<p>Gracias a una variedad de apps de ezeep Blue print, los usuarios pueden imprimir archivos de forma confidencial desde cualquier dispositivo: PC, Mac, Chromebook o smartphone. Para autenticarse en la impresora o impresora multifunci\u00f3n, utilizan su dispositivo iOS o Android para la autenticaci\u00f3n m\u00f3vil o una tarjeta RFID.<\/p>\n\n\n\n<p><strong><em>Liberar trabajo de impresi\u00f3n mediante c\u00f3digo QR<\/em><\/strong><\/p>\n\n\n\n<ol class=\"wp-block-list\">\n<li>Al imprimir, el usuario selecciona la impresora <strong><em>AnyPrinter by ezeep<\/em><\/strong>.<\/li>\n\n\n\n<li>El trabajo de impresi\u00f3n almacenado en la nube se puede compartir de forma segura en cualquier momento en la impresora de red que elijas con nuestras modernas aplicaciones de impresi\u00f3n para iOS y Android. Si lo desea, el usuario puede ajustar par\u00e1metros como el color, el d\u00faplex o la orientaci\u00f3n.<\/li>\n\n\n\n<li>En la lista de trabajos de impresi\u00f3n, el usuario confirma el trabajo de impresi\u00f3n deseado seleccionando <strong><em>Release<\/em><\/strong> y <strong>escanea el c\u00f3digo QR<\/strong> adjunto a la impresora. Ahora comienza la impresi\u00f3n confidencial.<\/li>\n<\/ol>\n\n\n\n<div style=\"height:20px\" aria-hidden=\"true\" class=\"wp-block-spacer\"><\/div>\n\n\n\n<figure class=\"wp-block-image size-large\"><img loading=\"lazy\" decoding=\"async\" width=\"1024\" height=\"576\" src=\"https:\/\/www.ezeep.com\/wp-content\/uploads\/\/Pull-Printing-1024x576.png\" alt=\"Pull Printing con ezeep\" class=\"wp-image-17353\" srcset=\"https:\/\/www.ezeep.com\/wp-content\/uploads\/Pull-Printing-1024x576.png 1024w, https:\/\/www.ezeep.com\/wp-content\/uploads\/Pull-Printing-300x169.png 300w, https:\/\/www.ezeep.com\/wp-content\/uploads\/Pull-Printing-768x432.png 768w, https:\/\/www.ezeep.com\/wp-content\/uploads\/Pull-Printing-1536x864.png 1536w, https:\/\/www.ezeep.com\/wp-content\/uploads\/Pull-Printing-2048x1152.png 2048w\" sizes=\"(max-width: 1024px) 100vw, 1024px\" \/><\/figure>\n\n\n\n<div style=\"height:20px\" aria-hidden=\"true\" class=\"wp-block-spacer\"><\/div>\n\n\n\n<p><strong><em>Liberar trabajo de impresi\u00f3n mediante tarjeta RFID<\/em><\/strong><\/p>\n\n\n\n<ol class=\"wp-block-list\">\n<li>Al imprimir, el usuario selecciona la impresora <strong><em>AnyPrinter by ezeep<\/em><\/strong>.<\/li>\n\n\n\n<li>Una vez que se ha conectado un lector de tarjetas al hub ezeep, cualquier tarjeta RFID -por ejemplo, tarjetas de empleados o de ferias- puede utilizarse f\u00e1cilmente para autenticar y liberar el trabajo de impresi\u00f3n en la impresora.<\/li>\n\n\n\n<li>La primera vez que se utiliza una tarjeta RFID para Pull Printing, se imprime autom\u00e1ticamente un c\u00f3digo de activaci\u00f3n. Este c\u00f3digo se introduce para registrar la tarjeta en app.ezeep.com\/mycard. La tarjeta estar\u00e1 lista para su uso.<\/li>\n<\/ol>\n\n\n\n<div style=\"height:20px\" aria-hidden=\"true\" class=\"wp-block-spacer\"><\/div>\n\n\n\n<figure class=\"wp-block-image size-full\"><img loading=\"lazy\" decoding=\"async\" width=\"959\" height=\"621\" src=\"https:\/\/www.ezeep.com\/wp-content\/uploads\/ezeep-Pull-Printing-Card-Reader.jpg\" alt=\"Impresi\u00f3n pull segura mediante autenticaci\u00f3n en la impresora con tarjeta RFID\" class=\"wp-image-18335\" srcset=\"https:\/\/www.ezeep.com\/wp-content\/uploads\/ezeep-Pull-Printing-Card-Reader.jpg 959w, https:\/\/www.ezeep.com\/wp-content\/uploads\/ezeep-Pull-Printing-Card-Reader-300x194.jpg 300w, https:\/\/www.ezeep.com\/wp-content\/uploads\/ezeep-Pull-Printing-Card-Reader-768x497.jpg 768w\" sizes=\"(max-width: 959px) 100vw, 959px\" \/><\/figure>\n\n\n\n<div style=\"height:20px\" aria-hidden=\"true\" class=\"wp-block-spacer\"><\/div>\n\n\n\n<h2 class=\"wp-block-heading\" id=\"h-funciones\">Funciones<\/h2>\n\n\n\n<ul class=\"wp-block-list\">\n<li><strong>Impresi\u00f3n pull para todos los dispositivos<\/strong>: la funci\u00f3n de impresi\u00f3n pull forma parte de las aplicaciones ezeep Blue print de f\u00e1cil uso para PC Windows, Mac, Google Chromebook y dispositivos m\u00f3viles (iOS y Android).<\/li>\n\n\n\n<li><strong>Configuraci\u00f3n r\u00e1pida<\/strong>: En la consola web de ezeep, cualquier grupo de usuarios se configura f\u00e1cilmente para una impresi\u00f3n segura. Aqu\u00ed tambi\u00e9n se genera el c\u00f3digo QR, que se adjunta a la impresora para la autenticaci\u00f3n m\u00f3vil. Como alternativa, se utiliza un hub ezeep con lector de tarjetas para que los usuarios puedan autenticarse en la impresora mediante una tarjeta RFID.<\/li>\n\n\n\n<li><strong>Impresi\u00f3n sencilla, segura y autorizada<\/strong>: Los trabajos de impresi\u00f3n se almacenan en la cola de impresi\u00f3n segura, AnyPrinter by ezeep pull, hasta que los usuarios los liberan personalmente escaneando un c\u00f3digo QR o autentic\u00e1ndose con una tarjeta RFID en la impresora.<\/li>\n<\/ul>\n\n\n\n<h2 class=\"wp-block-heading\" id=\"h-ventajas\">Ventajas<\/h2>\n\n\n\n<ul class=\"wp-block-list\">\n<li><strong>M\u00e1xima seguridad para el manejo de informaci\u00f3n sensible<\/strong><br>Gracias a la autenticaci\u00f3n en impresoras centrales e impresoras multifunci\u00f3n, s\u00f3lo los usuarios autorizados pueden acceder e imprimir documentos sensibles o confidenciales. Con Pull Print se evitan las filtraciones de datos por parte de personas no autorizadas. La transmisi\u00f3n cifrada de datos del cliente a la impresora proporciona seguridad adicional al imprimir documentos confidenciales.<\/li>\n\n\n\n<li><strong>F\u00e1cil integraci\u00f3n y gesti\u00f3n de la impresi\u00f3n segura<\/strong><br>La funci\u00f3n de impresi\u00f3n escalable y segura puede integrarse perfectamente en cualquier infraestructura de impresi\u00f3n y conectarse f\u00e1cilmente a los sistemas de control de acceso existentes. Los usuarios, las impresoras y una \u00fanica cola de impresi\u00f3n virtual se gestionan c\u00f3modamente en la sencilla consola web de ezeep.<\/li>\n\n\n\n<li><strong>Imprima de forma sostenible y reduzca los costes de impresi\u00f3n<\/strong><br>La impresi\u00f3n pull segura elimina la impresi\u00f3n innecesaria y las copias impresas que se quedan en la bandeja de salida. Esto facilita la reducci\u00f3n del consumo de papel, cartuchos, t\u00f3ner y electricidad. Adem\u00e1s, ya no son necesarias las impresoras personales de la gerencia, jur\u00eddicas o de recursos humanos. El resultado: la impresi\u00f3n pull tiene un impacto positivo en el equilibrio medioambiental y reduce significativamente tus costes de impresi\u00f3n. <em>Descubre <a href=\"https:\/\/www.ezeep.com\/es\/impresion-neutra-en-co2\/\">aqu\u00ed<\/a> c\u00f3mo ezeep, empresa sensibilizada con el ambiente, est\u00e1 comprometida con la impresi\u00f3n neutra en emisiones de CO2 y la conservaci\u00f3n de los recursos.<\/em><\/li>\n\n\n\n<li><strong>Libertad total en el trabajo h\u00edbrido gracias a Follow Me Printing<\/strong><br>En la era del trabajo h\u00edbrido y la impresi\u00f3n en escritorios flexibles, asignar impresoras espec\u00edficas lleva mucho tiempo y ya no es pr\u00e1ctico. La cola de impresi\u00f3n de AnyPrinter reduce las consultas al servicio de asistencia y ofrece a los usuarios la libertad de recoger sus documentos de forma flexible en la impresora disponible m\u00e1s cercana, independientemente de su ubicaci\u00f3n.<\/li>\n\n\n\n<li><strong>Soluci\u00f3n independiente del proveedor para todos los casos de impresi\u00f3n<\/strong><br>La impresi\u00f3n pull basada en la nube de ezeep es apta para impresoras e impresoras multifunci\u00f3n de todos los fabricantes, independientemente del modelo o las caracter\u00edsticas del hardware. Los usuarios imprimen de forma segura desde sus PC Windows, Mac, Chromebooks, smartphones y tabletas.<\/li>\n<\/ul>\n","protected":false},"excerpt":{"rendered":"<p>Con la soluci\u00f3n de impresi\u00f3n pull de ezeep, proteger cualquier entorno de impresi\u00f3n es un juego de ni\u00f1os. Con la autenticaci\u00f3n de usuario en impresoras compartidas, todas las impresiones son confidenciales. Esto protege sus datos y flujos de trabajo de impresi\u00f3n al tiempo que reduce sus costes de impresi\u00f3n. Con la soluci\u00f3n de impresi\u00f3n pull [&hellip;]<\/p>\n","protected":false},"author":4,"featured_media":0,"parent":0,"menu_order":0,"comment_status":"closed","ping_status":"closed","template":"","meta":{"_acf_changed":false,"inline_featured_image":false,"footnotes":""},"class_list":["post-24113","page","type-page","status-publish","hentry"],"acf":[],"yoast_head":"<!-- This site is optimized with the Yoast SEO Premium plugin v23.2 (Yoast SEO v23.2) - https:\/\/yoast.com\/wordpress\/plugins\/seo\/ -->\n<title>Pull Printing f\u00e1cil para una impresi\u00f3n segura y sostenible<\/title>\n<meta name=\"description\" content=\"La funci\u00f3n de impresi\u00f3n pull de ezeep garantiza una impresi\u00f3n segura y econ\u00f3mica gracias a la autenticaci\u00f3n de usuarios en impresoras compartidas.\" \/>\n<meta name=\"robots\" content=\"index, follow, max-snippet:-1, max-image-preview:large, max-video-preview:-1\" \/>\n<link rel=\"canonical\" href=\"https:\/\/www.ezeep.com\/es\/impresion-pull-segura\/\" \/>\n<meta property=\"og:locale\" content=\"es_ES\" \/>\n<meta property=\"og:type\" content=\"article\" \/>\n<meta property=\"og:title\" content=\"Impresi\u00f3n Pull segura\" \/>\n<meta property=\"og:description\" content=\"La funci\u00f3n de impresi\u00f3n pull de ezeep garantiza una impresi\u00f3n segura y econ\u00f3mica gracias a la autenticaci\u00f3n de usuarios en impresoras compartidas.\" \/>\n<meta property=\"og:url\" content=\"https:\/\/www.ezeep.com\/es\/impresion-pull-segura\/\" \/>\n<meta property=\"og:site_name\" content=\"ezeep\" \/>\n<meta property=\"article:modified_time\" content=\"2023-08-15T08:53:25+00:00\" \/>\n<meta property=\"og:image\" content=\"https:\/\/www.ezeep.com\/wp-content\/uploads\/\/Pull-Printing-1024x576.png\" \/>\n<meta name=\"twitter:card\" content=\"summary_large_image\" \/>\n<meta name=\"twitter:label1\" content=\"Tiempo de lectura\" \/>\n\t<meta name=\"twitter:data1\" content=\"5 minutos\" \/>\n<script type=\"application\/ld+json\" class=\"yoast-schema-graph\">{\"@context\":\"https:\/\/schema.org\",\"@graph\":[{\"@type\":\"WebPage\",\"@id\":\"https:\/\/www.ezeep.com\/es\/impresion-pull-segura\/\",\"url\":\"https:\/\/www.ezeep.com\/es\/impresion-pull-segura\/\",\"name\":\"Pull Printing f\u00e1cil para una impresi\u00f3n segura y sostenible\",\"isPartOf\":{\"@id\":\"https:\/\/www.ezeep.com\/es\/#website\"},\"primaryImageOfPage\":{\"@id\":\"https:\/\/www.ezeep.com\/es\/impresion-pull-segura\/#primaryimage\"},\"image\":{\"@id\":\"https:\/\/www.ezeep.com\/es\/impresion-pull-segura\/#primaryimage\"},\"thumbnailUrl\":\"https:\/\/www.ezeep.com\/wp-content\/uploads\/\/Pull-Printing-1024x576.png\",\"datePublished\":\"2023-05-17T12:38:36+00:00\",\"dateModified\":\"2023-08-15T08:53:25+00:00\",\"description\":\"La funci\u00f3n de impresi\u00f3n pull de ezeep garantiza una impresi\u00f3n segura y econ\u00f3mica gracias a la autenticaci\u00f3n de usuarios en impresoras compartidas.\",\"breadcrumb\":{\"@id\":\"https:\/\/www.ezeep.com\/es\/impresion-pull-segura\/#breadcrumb\"},\"inLanguage\":\"es\",\"potentialAction\":[{\"@type\":\"ReadAction\",\"target\":[\"https:\/\/www.ezeep.com\/es\/impresion-pull-segura\/\"]}]},{\"@type\":\"ImageObject\",\"inLanguage\":\"es\",\"@id\":\"https:\/\/www.ezeep.com\/es\/impresion-pull-segura\/#primaryimage\",\"url\":\"https:\/\/www.ezeep.com\/wp-content\/uploads\/\/Pull-Printing-1024x576.png\",\"contentUrl\":\"https:\/\/www.ezeep.com\/wp-content\/uploads\/\/Pull-Printing-1024x576.png\"},{\"@type\":\"BreadcrumbList\",\"@id\":\"https:\/\/www.ezeep.com\/es\/impresion-pull-segura\/#breadcrumb\",\"itemListElement\":[{\"@type\":\"ListItem\",\"position\":1,\"name\":\"Home\",\"item\":\"https:\/\/www.ezeep.com\/es\/\"},{\"@type\":\"ListItem\",\"position\":2,\"name\":\"Impresi\u00f3n Pull segura\"}]},{\"@type\":\"WebSite\",\"@id\":\"https:\/\/www.ezeep.com\/es\/#website\",\"url\":\"https:\/\/www.ezeep.com\/es\/\",\"name\":\"ezeep\",\"description\":\"Easy Printing Anytime, Anywhere\",\"publisher\":{\"@id\":\"https:\/\/www.ezeep.com\/es\/#organization\"},\"potentialAction\":[{\"@type\":\"SearchAction\",\"target\":{\"@type\":\"EntryPoint\",\"urlTemplate\":\"https:\/\/www.ezeep.com\/es\/?s={search_term_string}\"},\"query-input\":\"required name=search_term_string\"}],\"inLanguage\":\"es\"},{\"@type\":\"Organization\",\"@id\":\"https:\/\/www.ezeep.com\/es\/#organization\",\"name\":\"ezeep\",\"url\":\"https:\/\/www.ezeep.com\/es\/\",\"logo\":{\"@type\":\"ImageObject\",\"inLanguage\":\"es\",\"@id\":\"https:\/\/www.ezeep.com\/es\/#\/schema\/logo\/image\/\",\"url\":\"https:\/\/www.ezeep.com\/wp-content\/uploads\/logo-ezeep.png\",\"contentUrl\":\"https:\/\/www.ezeep.com\/wp-content\/uploads\/logo-ezeep.png\",\"width\":290,\"height\":192,\"caption\":\"ezeep\"},\"image\":{\"@id\":\"https:\/\/www.ezeep.com\/es\/#\/schema\/logo\/image\/\"}}]}<\/script>\n<!-- \/ Yoast SEO Premium plugin. -->","yoast_head_json":{"title":"Pull Printing f\u00e1cil para una impresi\u00f3n segura y sostenible","description":"La funci\u00f3n de impresi\u00f3n pull de ezeep garantiza una impresi\u00f3n segura y econ\u00f3mica gracias a la autenticaci\u00f3n de usuarios en impresoras compartidas.","robots":{"index":"index","follow":"follow","max-snippet":"max-snippet:-1","max-image-preview":"max-image-preview:large","max-video-preview":"max-video-preview:-1"},"canonical":"https:\/\/www.ezeep.com\/es\/impresion-pull-segura\/","og_locale":"es_ES","og_type":"article","og_title":"Impresi\u00f3n Pull segura","og_description":"La funci\u00f3n de impresi\u00f3n pull de ezeep garantiza una impresi\u00f3n segura y econ\u00f3mica gracias a la autenticaci\u00f3n de usuarios en impresoras compartidas.","og_url":"https:\/\/www.ezeep.com\/es\/impresion-pull-segura\/","og_site_name":"ezeep","article_modified_time":"2023-08-15T08:53:25+00:00","og_image":[{"url":"https:\/\/www.ezeep.com\/wp-content\/uploads\/\/Pull-Printing-1024x576.png"}],"twitter_card":"summary_large_image","twitter_misc":{"Tiempo de lectura":"5 minutos"},"schema":{"@context":"https:\/\/schema.org","@graph":[{"@type":"WebPage","@id":"https:\/\/www.ezeep.com\/es\/impresion-pull-segura\/","url":"https:\/\/www.ezeep.com\/es\/impresion-pull-segura\/","name":"Pull Printing f\u00e1cil para una impresi\u00f3n segura y sostenible","isPartOf":{"@id":"https:\/\/www.ezeep.com\/es\/#website"},"primaryImageOfPage":{"@id":"https:\/\/www.ezeep.com\/es\/impresion-pull-segura\/#primaryimage"},"image":{"@id":"https:\/\/www.ezeep.com\/es\/impresion-pull-segura\/#primaryimage"},"thumbnailUrl":"https:\/\/www.ezeep.com\/wp-content\/uploads\/\/Pull-Printing-1024x576.png","datePublished":"2023-05-17T12:38:36+00:00","dateModified":"2023-08-15T08:53:25+00:00","description":"La funci\u00f3n de impresi\u00f3n pull de ezeep garantiza una impresi\u00f3n segura y econ\u00f3mica gracias a la autenticaci\u00f3n de usuarios en impresoras compartidas.","breadcrumb":{"@id":"https:\/\/www.ezeep.com\/es\/impresion-pull-segura\/#breadcrumb"},"inLanguage":"es","potentialAction":[{"@type":"ReadAction","target":["https:\/\/www.ezeep.com\/es\/impresion-pull-segura\/"]}]},{"@type":"ImageObject","inLanguage":"es","@id":"https:\/\/www.ezeep.com\/es\/impresion-pull-segura\/#primaryimage","url":"https:\/\/www.ezeep.com\/wp-content\/uploads\/\/Pull-Printing-1024x576.png","contentUrl":"https:\/\/www.ezeep.com\/wp-content\/uploads\/\/Pull-Printing-1024x576.png"},{"@type":"BreadcrumbList","@id":"https:\/\/www.ezeep.com\/es\/impresion-pull-segura\/#breadcrumb","itemListElement":[{"@type":"ListItem","position":1,"name":"Home","item":"https:\/\/www.ezeep.com\/es\/"},{"@type":"ListItem","position":2,"name":"Impresi\u00f3n Pull segura"}]},{"@type":"WebSite","@id":"https:\/\/www.ezeep.com\/es\/#website","url":"https:\/\/www.ezeep.com\/es\/","name":"ezeep","description":"Easy Printing Anytime, Anywhere","publisher":{"@id":"https:\/\/www.ezeep.com\/es\/#organization"},"potentialAction":[{"@type":"SearchAction","target":{"@type":"EntryPoint","urlTemplate":"https:\/\/www.ezeep.com\/es\/?s={search_term_string}"},"query-input":"required name=search_term_string"}],"inLanguage":"es"},{"@type":"Organization","@id":"https:\/\/www.ezeep.com\/es\/#organization","name":"ezeep","url":"https:\/\/www.ezeep.com\/es\/","logo":{"@type":"ImageObject","inLanguage":"es","@id":"https:\/\/www.ezeep.com\/es\/#\/schema\/logo\/image\/","url":"https:\/\/www.ezeep.com\/wp-content\/uploads\/logo-ezeep.png","contentUrl":"https:\/\/www.ezeep.com\/wp-content\/uploads\/logo-ezeep.png","width":290,"height":192,"caption":"ezeep"},"image":{"@id":"https:\/\/www.ezeep.com\/es\/#\/schema\/logo\/image\/"}}]}},"_links":{"self":[{"href":"https:\/\/www.ezeep.com\/es\/wp-json\/wp\/v2\/pages\/24113"}],"collection":[{"href":"https:\/\/www.ezeep.com\/es\/wp-json\/wp\/v2\/pages"}],"about":[{"href":"https:\/\/www.ezeep.com\/es\/wp-json\/wp\/v2\/types\/page"}],"author":[{"embeddable":true,"href":"https:\/\/www.ezeep.com\/es\/wp-json\/wp\/v2\/users\/4"}],"replies":[{"embeddable":true,"href":"https:\/\/www.ezeep.com\/es\/wp-json\/wp\/v2\/comments?post=24113"}],"version-history":[{"count":0,"href":"https:\/\/www.ezeep.com\/es\/wp-json\/wp\/v2\/pages\/24113\/revisions"}],"wp:attachment":[{"href":"https:\/\/www.ezeep.com\/es\/wp-json\/wp\/v2\/media?parent=24113"}],"curies":[{"name":"wp","href":"https:\/\/api.w.org\/{rel}","templated":true}]}}