{"id":28233,"date":"2022-07-04T11:52:45","date_gmt":"2022-07-04T11:52:45","guid":{"rendered":"https:\/\/www.ezeep.com\/pricing-ezeep\/"},"modified":"2025-01-08T10:05:52","modified_gmt":"2025-01-08T10:05:52","slug":"planes-precios","status":"publish","type":"page","link":"https:\/\/www.ezeep.com\/es\/planes-precios\/","title":{"rendered":"Planes y precios"},"content":{"rendered":"\n<h1 class=\"wp-block-heading has-text-align-center\" id=\"h-planes-y-precios\">Planes y precios<\/h1>\n\n\n\n<p class=\"has-text-align-center emphasis\"> Con planes flexibles, ezeep Blue se adapta perfectamente a todos los requisitos y necesidades.<\/p>\n\n\n\n<div class=\"wp-block-buttons is-content-justification-center is-layout-flex wp-container-core-buttons-is-layout-1 wp-block-buttons-is-layout-flex\">\n<div class=\"wp-block-button\"><a class=\"wp-block-button__link has-text-color has-background wp-element-button\" href=\"https:\/\/www.ezeep.com\/free-trial\/\" style=\"border-radius:5px;color:#ffffff;background-color:#129cc2\">Prueba gratis<\/a><\/div>\n<\/div>\n\n\n\n<div style=\"height:10px\" aria-hidden=\"true\" class=\"wp-block-spacer\"><\/div>\n\n\n\n<p class=\"has-text-align-center\"><strong><em>\u00bfDiriges un espacio de coworking o un centro educativo?<\/em> <a href=\"https:\/\/www.ezeep.com\/pricing-coworking\/\">P\u00f3ngase en contacto con nosotros aqu\u00ed para obtener tarifas especiales.<\/a><\/strong><\/p>\n","protected":false},"excerpt":{"rendered":"<p>Planes y precios Con planes flexibles, ezeep Blue se adapta perfectamente a todos los requisitos y necesidades. \u00bfDiriges un espacio de coworking o un centro educativo? P\u00f3ngase en contacto con nosotros aqu\u00ed para obtener tarifas especiales.<\/p>\n","protected":false},"author":3,"featured_media":15373,"parent":0,"menu_order":0,"comment_status":"closed","ping_status":"closed","template":"","meta":{"_acf_changed":true,"inline_featured_image":false,"footnotes":""},"class_list":["post-28233","page","type-page","status-publish","has-post-thumbnail","hentry"],"acf":[],"yoast_head":"<!-- This site is optimized with the Yoast SEO Premium plugin v23.2 (Yoast SEO v23.2) - https:\/\/yoast.com\/wordpress\/plugins\/seo\/ -->\n<title>Planes y precios ezeep Blue<\/title>\n<meta name=\"description\" content=\"ezeep ofrece cuatro planes diferentes para la gesti\u00f3n de impresi\u00f3n. Elije aqu\u00ed el plan que mejor se adapte a tus necesidades.\" \/>\n<meta name=\"robots\" content=\"index, follow, max-snippet:-1, max-image-preview:large, max-video-preview:-1\" \/>\n<link rel=\"canonical\" href=\"https:\/\/www.ezeep.com\/es\/planes-precios\/\" \/>\n<meta property=\"og:locale\" content=\"es_ES\" \/>\n<meta property=\"og:type\" content=\"article\" \/>\n<meta property=\"og:title\" content=\"Planes y precios\" \/>\n<meta property=\"og:description\" content=\"ezeep ofrece cuatro planes diferentes para la gesti\u00f3n de impresi\u00f3n. Elije aqu\u00ed el plan que mejor se adapte a tus necesidades.\" \/>\n<meta property=\"og:url\" content=\"https:\/\/www.ezeep.com\/es\/planes-precios\/\" \/>\n<meta property=\"og:site_name\" content=\"ezeep\" \/>\n<meta property=\"article:modified_time\" content=\"2025-01-08T10:05:52+00:00\" \/>\n<meta property=\"og:image\" content=\"https:\/\/www.ezeep.com\/wp-content\/uploads\/banner-ezeep-products.jpg\" \/>\n\t<meta property=\"og:image:width\" content=\"1920\" \/>\n\t<meta property=\"og:image:height\" content=\"1280\" \/>\n\t<meta property=\"og:image:type\" content=\"image\/jpeg\" \/>\n<meta name=\"twitter:card\" content=\"summary_large_image\" \/>\n<meta name=\"twitter:label1\" content=\"Tiempo de lectura\" \/>\n\t<meta name=\"twitter:data1\" content=\"4 minutos\" \/>\n<script type=\"application\/ld+json\" class=\"yoast-schema-graph\">{\"@context\":\"https:\/\/schema.org\",\"@graph\":[{\"@type\":\"WebPage\",\"@id\":\"https:\/\/www.ezeep.com\/es\/planes-precios\/\",\"url\":\"https:\/\/www.ezeep.com\/es\/planes-precios\/\",\"name\":\"Planes y precios ezeep Blue\",\"isPartOf\":{\"@id\":\"https:\/\/www.ezeep.com\/es\/#website\"},\"primaryImageOfPage\":{\"@id\":\"https:\/\/www.ezeep.com\/es\/planes-precios\/#primaryimage\"},\"image\":{\"@id\":\"https:\/\/www.ezeep.com\/es\/planes-precios\/#primaryimage\"},\"thumbnailUrl\":\"https:\/\/www.ezeep.com\/wp-content\/uploads\/banner-ezeep-products.jpg\",\"datePublished\":\"2022-07-04T11:52:45+00:00\",\"dateModified\":\"2025-01-08T10:05:52+00:00\",\"description\":\"ezeep ofrece cuatro planes diferentes para la gesti\u00f3n de impresi\u00f3n. Elije aqu\u00ed el plan que mejor se adapte a tus necesidades.\",\"breadcrumb\":{\"@id\":\"https:\/\/www.ezeep.com\/es\/planes-precios\/#breadcrumb\"},\"inLanguage\":\"es\",\"potentialAction\":[{\"@type\":\"ReadAction\",\"target\":[\"https:\/\/www.ezeep.com\/es\/planes-precios\/\"]}]},{\"@type\":\"ImageObject\",\"inLanguage\":\"es\",\"@id\":\"https:\/\/www.ezeep.com\/es\/planes-precios\/#primaryimage\",\"url\":\"https:\/\/www.ezeep.com\/wp-content\/uploads\/banner-ezeep-products.jpg\",\"contentUrl\":\"https:\/\/www.ezeep.com\/wp-content\/uploads\/banner-ezeep-products.jpg\",\"width\":1920,\"height\":1280},{\"@type\":\"BreadcrumbList\",\"@id\":\"https:\/\/www.ezeep.com\/es\/planes-precios\/#breadcrumb\",\"itemListElement\":[{\"@type\":\"ListItem\",\"position\":1,\"name\":\"Home\",\"item\":\"https:\/\/www.ezeep.com\/es\/\"},{\"@type\":\"ListItem\",\"position\":2,\"name\":\"Planes y precios\"}]},{\"@type\":\"WebSite\",\"@id\":\"https:\/\/www.ezeep.com\/es\/#website\",\"url\":\"https:\/\/www.ezeep.com\/es\/\",\"name\":\"ezeep\",\"description\":\"Easy Printing Anytime, Anywhere\",\"publisher\":{\"@id\":\"https:\/\/www.ezeep.com\/es\/#organization\"},\"potentialAction\":[{\"@type\":\"SearchAction\",\"target\":{\"@type\":\"EntryPoint\",\"urlTemplate\":\"https:\/\/www.ezeep.com\/es\/?s={search_term_string}\"},\"query-input\":\"required name=search_term_string\"}],\"inLanguage\":\"es\"},{\"@type\":\"Organization\",\"@id\":\"https:\/\/www.ezeep.com\/es\/#organization\",\"name\":\"ezeep\",\"url\":\"https:\/\/www.ezeep.com\/es\/\",\"logo\":{\"@type\":\"ImageObject\",\"inLanguage\":\"es\",\"@id\":\"https:\/\/www.ezeep.com\/es\/#\/schema\/logo\/image\/\",\"url\":\"https:\/\/www.ezeep.com\/wp-content\/uploads\/logo-ezeep.png\",\"contentUrl\":\"https:\/\/www.ezeep.com\/wp-content\/uploads\/logo-ezeep.png\",\"width\":290,\"height\":192,\"caption\":\"ezeep\"},\"image\":{\"@id\":\"https:\/\/www.ezeep.com\/es\/#\/schema\/logo\/image\/\"}}]}<\/script>\n<!-- \/ Yoast SEO Premium plugin. -->","yoast_head_json":{"title":"Planes y precios ezeep Blue","description":"ezeep ofrece cuatro planes diferentes para la gesti\u00f3n de impresi\u00f3n. Elije aqu\u00ed el plan que mejor se adapte a tus necesidades.","robots":{"index":"index","follow":"follow","max-snippet":"max-snippet:-1","max-image-preview":"max-image-preview:large","max-video-preview":"max-video-preview:-1"},"canonical":"https:\/\/www.ezeep.com\/es\/planes-precios\/","og_locale":"es_ES","og_type":"article","og_title":"Planes y precios","og_description":"ezeep ofrece cuatro planes diferentes para la gesti\u00f3n de impresi\u00f3n. Elije aqu\u00ed el plan que mejor se adapte a tus necesidades.","og_url":"https:\/\/www.ezeep.com\/es\/planes-precios\/","og_site_name":"ezeep","article_modified_time":"2025-01-08T10:05:52+00:00","og_image":[{"width":1920,"height":1280,"url":"https:\/\/www.ezeep.com\/wp-content\/uploads\/banner-ezeep-products.jpg","type":"image\/jpeg"}],"twitter_card":"summary_large_image","twitter_misc":{"Tiempo de lectura":"4 minutos"},"schema":{"@context":"https:\/\/schema.org","@graph":[{"@type":"WebPage","@id":"https:\/\/www.ezeep.com\/es\/planes-precios\/","url":"https:\/\/www.ezeep.com\/es\/planes-precios\/","name":"Planes y precios ezeep Blue","isPartOf":{"@id":"https:\/\/www.ezeep.com\/es\/#website"},"primaryImageOfPage":{"@id":"https:\/\/www.ezeep.com\/es\/planes-precios\/#primaryimage"},"image":{"@id":"https:\/\/www.ezeep.com\/es\/planes-precios\/#primaryimage"},"thumbnailUrl":"https:\/\/www.ezeep.com\/wp-content\/uploads\/banner-ezeep-products.jpg","datePublished":"2022-07-04T11:52:45+00:00","dateModified":"2025-01-08T10:05:52+00:00","description":"ezeep ofrece cuatro planes diferentes para la gesti\u00f3n de impresi\u00f3n. Elije aqu\u00ed el plan que mejor se adapte a tus necesidades.","breadcrumb":{"@id":"https:\/\/www.ezeep.com\/es\/planes-precios\/#breadcrumb"},"inLanguage":"es","potentialAction":[{"@type":"ReadAction","target":["https:\/\/www.ezeep.com\/es\/planes-precios\/"]}]},{"@type":"ImageObject","inLanguage":"es","@id":"https:\/\/www.ezeep.com\/es\/planes-precios\/#primaryimage","url":"https:\/\/www.ezeep.com\/wp-content\/uploads\/banner-ezeep-products.jpg","contentUrl":"https:\/\/www.ezeep.com\/wp-content\/uploads\/banner-ezeep-products.jpg","width":1920,"height":1280},{"@type":"BreadcrumbList","@id":"https:\/\/www.ezeep.com\/es\/planes-precios\/#breadcrumb","itemListElement":[{"@type":"ListItem","position":1,"name":"Home","item":"https:\/\/www.ezeep.com\/es\/"},{"@type":"ListItem","position":2,"name":"Planes y precios"}]},{"@type":"WebSite","@id":"https:\/\/www.ezeep.com\/es\/#website","url":"https:\/\/www.ezeep.com\/es\/","name":"ezeep","description":"Easy Printing Anytime, Anywhere","publisher":{"@id":"https:\/\/www.ezeep.com\/es\/#organization"},"potentialAction":[{"@type":"SearchAction","target":{"@type":"EntryPoint","urlTemplate":"https:\/\/www.ezeep.com\/es\/?s={search_term_string}"},"query-input":"required name=search_term_string"}],"inLanguage":"es"},{"@type":"Organization","@id":"https:\/\/www.ezeep.com\/es\/#organization","name":"ezeep","url":"https:\/\/www.ezeep.com\/es\/","logo":{"@type":"ImageObject","inLanguage":"es","@id":"https:\/\/www.ezeep.com\/es\/#\/schema\/logo\/image\/","url":"https:\/\/www.ezeep.com\/wp-content\/uploads\/logo-ezeep.png","contentUrl":"https:\/\/www.ezeep.com\/wp-content\/uploads\/logo-ezeep.png","width":290,"height":192,"caption":"ezeep"},"image":{"@id":"https:\/\/www.ezeep.com\/es\/#\/schema\/logo\/image\/"}}]}},"_links":{"self":[{"href":"https:\/\/www.ezeep.com\/es\/wp-json\/wp\/v2\/pages\/28233"}],"collection":[{"href":"https:\/\/www.ezeep.com\/es\/wp-json\/wp\/v2\/pages"}],"about":[{"href":"https:\/\/www.ezeep.com\/es\/wp-json\/wp\/v2\/types\/page"}],"author":[{"embeddable":true,"href":"https:\/\/www.ezeep.com\/es\/wp-json\/wp\/v2\/users\/3"}],"replies":[{"embeddable":true,"href":"https:\/\/www.ezeep.com\/es\/wp-json\/wp\/v2\/comments?post=28233"}],"version-history":[{"count":0,"href":"https:\/\/www.ezeep.com\/es\/wp-json\/wp\/v2\/pages\/28233\/revisions"}],"wp:featuredmedia":[{"embeddable":true,"href":"https:\/\/www.ezeep.com\/es\/wp-json\/wp\/v2\/media\/15373"}],"wp:attachment":[{"href":"https:\/\/www.ezeep.com\/es\/wp-json\/wp\/v2\/media?parent=28233"}],"curies":[{"name":"wp","href":"https:\/\/api.w.org\/{rel}","templated":true}]}}