{"id":5693,"date":"2021-10-01T11:46:55","date_gmt":"2021-10-01T11:46:55","guid":{"rendered":"https:\/\/www.ezeep.com\/?page_id=5693"},"modified":"2024-01-07T11:43:33","modified_gmt":"2024-01-07T11:43:33","slug":"coworking","status":"publish","type":"page","link":"https:\/\/www.ezeep.com\/es\/coworking\/","title":{"rendered":"ezeep Blue para espacios de coworking y educaci\u00f3n"},"content":{"rendered":"\n<p class=\"has-text-align-center\">No seas el chico de las impresoras: deja que ezeep Blue se encargue de proporcionar un servicio de impresi\u00f3n a tus socios, invitados o estudiantes. Ofrece planes flexibles para espacios de cualquier tama\u00f1o y es completamente gratuito para hasta diez usuarios.<\/p>\n\n\n\n<div class=\"wp-block-buttons is-content-justification-center is-layout-flex wp-container-core-buttons-is-layout-1 wp-block-buttons-is-layout-flex\">\n<div class=\"wp-block-button\"><a class=\"wp-block-button__link has-background wp-element-button\" href=\"https:\/\/www.ezeep.com\/es\/prueba-gratis\/\" style=\"border-radius:5px;background-color:#129cc2\" target=\"_blank\" rel=\"noreferrer noopener\">COMENZAR AHORA<\/a><\/div>\n<\/div>\n","protected":false},"excerpt":{"rendered":"<p>No seas el chico de las impresoras: deja que ezeep Blue se encargue de proporcionar un servicio de impresi\u00f3n a tus socios, invitados o estudiantes. Ofrece planes flexibles para espacios de cualquier tama\u00f1o y es completamente gratuito para hasta diez usuarios.<\/p>\n","protected":false},"author":4,"featured_media":8266,"parent":0,"menu_order":0,"comment_status":"closed","ping_status":"closed","template":"","meta":{"_acf_changed":false,"inline_featured_image":false,"footnotes":""},"class_list":["post-5693","page","type-page","status-publish","has-post-thumbnail","hentry"],"acf":[],"yoast_head":"<!-- This site is optimized with the Yoast SEO Premium plugin v23.2 (Yoast SEO v23.2) - https:\/\/yoast.com\/wordpress\/plugins\/seo\/ -->\n<title>Impresi\u00f3n f\u00e1cil para espacios de coworking | ezeep<\/title>\n<meta name=\"description\" content=\"Descubra la soluci\u00f3n l\u00edder del mercado para la impresi\u00f3n y la gesti\u00f3n de la impresi\u00f3n en espacios de coworking en todo el mundo.\" \/>\n<meta name=\"robots\" content=\"index, follow, max-snippet:-1, max-image-preview:large, max-video-preview:-1\" \/>\n<link rel=\"canonical\" href=\"https:\/\/www.ezeep.com\/es\/coworking\/\" \/>\n<meta property=\"og:locale\" content=\"es_ES\" \/>\n<meta property=\"og:type\" content=\"article\" \/>\n<meta property=\"og:title\" content=\"ezeep Blue para espacios de coworking y educaci\u00f3n\" \/>\n<meta property=\"og:description\" content=\"Descubra la soluci\u00f3n l\u00edder del mercado para la impresi\u00f3n y la gesti\u00f3n de la impresi\u00f3n en espacios de coworking en todo el mundo.\" \/>\n<meta property=\"og:url\" content=\"https:\/\/www.ezeep.com\/es\/coworking\/\" \/>\n<meta property=\"og:site_name\" content=\"ezeep\" \/>\n<meta property=\"article:modified_time\" content=\"2024-01-07T11:43:33+00:00\" \/>\n<meta property=\"og:image\" content=\"https:\/\/www.ezeep.com\/wp-content\/uploads\/ezeep_Coworking-Spaces-Logos-1.png\" \/>\n\t<meta property=\"og:image:width\" content=\"480\" \/>\n\t<meta property=\"og:image:height\" content=\"240\" \/>\n\t<meta property=\"og:image:type\" content=\"image\/png\" \/>\n<meta name=\"twitter:card\" content=\"summary_large_image\" \/>\n<meta name=\"twitter:label1\" content=\"Tiempo de lectura\" \/>\n\t<meta name=\"twitter:data1\" content=\"1 minuto\" \/>\n<script type=\"application\/ld+json\" class=\"yoast-schema-graph\">{\"@context\":\"https:\/\/schema.org\",\"@graph\":[{\"@type\":\"WebPage\",\"@id\":\"https:\/\/www.ezeep.com\/es\/coworking\/\",\"url\":\"https:\/\/www.ezeep.com\/es\/coworking\/\",\"name\":\"Impresi\u00f3n f\u00e1cil para espacios de coworking | ezeep\",\"isPartOf\":{\"@id\":\"https:\/\/www.ezeep.com\/es\/#website\"},\"primaryImageOfPage\":{\"@id\":\"https:\/\/www.ezeep.com\/es\/coworking\/#primaryimage\"},\"image\":{\"@id\":\"https:\/\/www.ezeep.com\/es\/coworking\/#primaryimage\"},\"thumbnailUrl\":\"https:\/\/www.ezeep.com\/wp-content\/uploads\/ezeep_Coworking-Spaces-Logos-1.png\",\"datePublished\":\"2021-10-01T11:46:55+00:00\",\"dateModified\":\"2024-01-07T11:43:33+00:00\",\"description\":\"Descubra la soluci\u00f3n l\u00edder del mercado para la impresi\u00f3n y la gesti\u00f3n de la impresi\u00f3n en espacios de coworking en todo el mundo.\",\"breadcrumb\":{\"@id\":\"https:\/\/www.ezeep.com\/es\/coworking\/#breadcrumb\"},\"inLanguage\":\"es\",\"potentialAction\":[{\"@type\":\"ReadAction\",\"target\":[\"https:\/\/www.ezeep.com\/es\/coworking\/\"]}]},{\"@type\":\"ImageObject\",\"inLanguage\":\"es\",\"@id\":\"https:\/\/www.ezeep.com\/es\/coworking\/#primaryimage\",\"url\":\"https:\/\/www.ezeep.com\/wp-content\/uploads\/ezeep_Coworking-Spaces-Logos-1.png\",\"contentUrl\":\"https:\/\/www.ezeep.com\/wp-content\/uploads\/ezeep_Coworking-Spaces-Logos-1.png\",\"width\":480,\"height\":240,\"caption\":\"ezeep for Coworking\"},{\"@type\":\"BreadcrumbList\",\"@id\":\"https:\/\/www.ezeep.com\/es\/coworking\/#breadcrumb\",\"itemListElement\":[{\"@type\":\"ListItem\",\"position\":1,\"name\":\"Home\",\"item\":\"https:\/\/www.ezeep.com\/es\/\"},{\"@type\":\"ListItem\",\"position\":2,\"name\":\"ezeep Blue para espacios de coworking y educaci\u00f3n\"}]},{\"@type\":\"WebSite\",\"@id\":\"https:\/\/www.ezeep.com\/es\/#website\",\"url\":\"https:\/\/www.ezeep.com\/es\/\",\"name\":\"ezeep\",\"description\":\"Easy Printing Anytime, Anywhere\",\"publisher\":{\"@id\":\"https:\/\/www.ezeep.com\/es\/#organization\"},\"potentialAction\":[{\"@type\":\"SearchAction\",\"target\":{\"@type\":\"EntryPoint\",\"urlTemplate\":\"https:\/\/www.ezeep.com\/es\/?s={search_term_string}\"},\"query-input\":\"required name=search_term_string\"}],\"inLanguage\":\"es\"},{\"@type\":\"Organization\",\"@id\":\"https:\/\/www.ezeep.com\/es\/#organization\",\"name\":\"ezeep\",\"url\":\"https:\/\/www.ezeep.com\/es\/\",\"logo\":{\"@type\":\"ImageObject\",\"inLanguage\":\"es\",\"@id\":\"https:\/\/www.ezeep.com\/es\/#\/schema\/logo\/image\/\",\"url\":\"https:\/\/www.ezeep.com\/wp-content\/uploads\/logo-ezeep.png\",\"contentUrl\":\"https:\/\/www.ezeep.com\/wp-content\/uploads\/logo-ezeep.png\",\"width\":290,\"height\":192,\"caption\":\"ezeep\"},\"image\":{\"@id\":\"https:\/\/www.ezeep.com\/es\/#\/schema\/logo\/image\/\"}}]}<\/script>\n<!-- \/ Yoast SEO Premium plugin. -->","yoast_head_json":{"title":"Impresi\u00f3n f\u00e1cil para espacios de coworking | ezeep","description":"Descubra la soluci\u00f3n l\u00edder del mercado para la impresi\u00f3n y la gesti\u00f3n de la impresi\u00f3n en espacios de coworking en todo el mundo.","robots":{"index":"index","follow":"follow","max-snippet":"max-snippet:-1","max-image-preview":"max-image-preview:large","max-video-preview":"max-video-preview:-1"},"canonical":"https:\/\/www.ezeep.com\/es\/coworking\/","og_locale":"es_ES","og_type":"article","og_title":"ezeep Blue para espacios de coworking y educaci\u00f3n","og_description":"Descubra la soluci\u00f3n l\u00edder del mercado para la impresi\u00f3n y la gesti\u00f3n de la impresi\u00f3n en espacios de coworking en todo el mundo.","og_url":"https:\/\/www.ezeep.com\/es\/coworking\/","og_site_name":"ezeep","article_modified_time":"2024-01-07T11:43:33+00:00","og_image":[{"width":480,"height":240,"url":"https:\/\/www.ezeep.com\/wp-content\/uploads\/ezeep_Coworking-Spaces-Logos-1.png","type":"image\/png"}],"twitter_card":"summary_large_image","twitter_misc":{"Tiempo de lectura":"1 minuto"},"schema":{"@context":"https:\/\/schema.org","@graph":[{"@type":"WebPage","@id":"https:\/\/www.ezeep.com\/es\/coworking\/","url":"https:\/\/www.ezeep.com\/es\/coworking\/","name":"Impresi\u00f3n f\u00e1cil para espacios de coworking | ezeep","isPartOf":{"@id":"https:\/\/www.ezeep.com\/es\/#website"},"primaryImageOfPage":{"@id":"https:\/\/www.ezeep.com\/es\/coworking\/#primaryimage"},"image":{"@id":"https:\/\/www.ezeep.com\/es\/coworking\/#primaryimage"},"thumbnailUrl":"https:\/\/www.ezeep.com\/wp-content\/uploads\/ezeep_Coworking-Spaces-Logos-1.png","datePublished":"2021-10-01T11:46:55+00:00","dateModified":"2024-01-07T11:43:33+00:00","description":"Descubra la soluci\u00f3n l\u00edder del mercado para la impresi\u00f3n y la gesti\u00f3n de la impresi\u00f3n en espacios de coworking en todo el mundo.","breadcrumb":{"@id":"https:\/\/www.ezeep.com\/es\/coworking\/#breadcrumb"},"inLanguage":"es","potentialAction":[{"@type":"ReadAction","target":["https:\/\/www.ezeep.com\/es\/coworking\/"]}]},{"@type":"ImageObject","inLanguage":"es","@id":"https:\/\/www.ezeep.com\/es\/coworking\/#primaryimage","url":"https:\/\/www.ezeep.com\/wp-content\/uploads\/ezeep_Coworking-Spaces-Logos-1.png","contentUrl":"https:\/\/www.ezeep.com\/wp-content\/uploads\/ezeep_Coworking-Spaces-Logos-1.png","width":480,"height":240,"caption":"ezeep for Coworking"},{"@type":"BreadcrumbList","@id":"https:\/\/www.ezeep.com\/es\/coworking\/#breadcrumb","itemListElement":[{"@type":"ListItem","position":1,"name":"Home","item":"https:\/\/www.ezeep.com\/es\/"},{"@type":"ListItem","position":2,"name":"ezeep Blue para espacios de coworking y educaci\u00f3n"}]},{"@type":"WebSite","@id":"https:\/\/www.ezeep.com\/es\/#website","url":"https:\/\/www.ezeep.com\/es\/","name":"ezeep","description":"Easy Printing Anytime, Anywhere","publisher":{"@id":"https:\/\/www.ezeep.com\/es\/#organization"},"potentialAction":[{"@type":"SearchAction","target":{"@type":"EntryPoint","urlTemplate":"https:\/\/www.ezeep.com\/es\/?s={search_term_string}"},"query-input":"required name=search_term_string"}],"inLanguage":"es"},{"@type":"Organization","@id":"https:\/\/www.ezeep.com\/es\/#organization","name":"ezeep","url":"https:\/\/www.ezeep.com\/es\/","logo":{"@type":"ImageObject","inLanguage":"es","@id":"https:\/\/www.ezeep.com\/es\/#\/schema\/logo\/image\/","url":"https:\/\/www.ezeep.com\/wp-content\/uploads\/logo-ezeep.png","contentUrl":"https:\/\/www.ezeep.com\/wp-content\/uploads\/logo-ezeep.png","width":290,"height":192,"caption":"ezeep"},"image":{"@id":"https:\/\/www.ezeep.com\/es\/#\/schema\/logo\/image\/"}}]}},"_links":{"self":[{"href":"https:\/\/www.ezeep.com\/es\/wp-json\/wp\/v2\/pages\/5693"}],"collection":[{"href":"https:\/\/www.ezeep.com\/es\/wp-json\/wp\/v2\/pages"}],"about":[{"href":"https:\/\/www.ezeep.com\/es\/wp-json\/wp\/v2\/types\/page"}],"author":[{"embeddable":true,"href":"https:\/\/www.ezeep.com\/es\/wp-json\/wp\/v2\/users\/4"}],"replies":[{"embeddable":true,"href":"https:\/\/www.ezeep.com\/es\/wp-json\/wp\/v2\/comments?post=5693"}],"version-history":[{"count":0,"href":"https:\/\/www.ezeep.com\/es\/wp-json\/wp\/v2\/pages\/5693\/revisions"}],"wp:featuredmedia":[{"embeddable":true,"href":"https:\/\/www.ezeep.com\/es\/wp-json\/wp\/v2\/media\/8266"}],"wp:attachment":[{"href":"https:\/\/www.ezeep.com\/es\/wp-json\/wp\/v2\/media?parent=5693"}],"curies":[{"name":"wp","href":"https:\/\/api.w.org\/{rel}","templated":true}]}}