{"id":23896,"date":"2021-10-01T11:32:02","date_gmt":"2021-10-01T11:32:02","guid":{"rendered":"https:\/\/www.ezeep.com\/?page_id=23896"},"modified":"2024-11-06T09:27:18","modified_gmt":"2024-11-06T09:27:18","slug":"homepage-fr","status":"publish","type":"page","link":"https:\/\/www.ezeep.com\/fr\/","title":{"rendered":"Homepage FR"},"content":{"rendered":"","protected":false},"excerpt":{"rendered":"","protected":false},"author":13,"featured_media":20929,"parent":0,"menu_order":0,"comment_status":"closed","ping_status":"closed","template":"","meta":{"_acf_changed":true,"inline_featured_image":false,"footnotes":""},"class_list":["post-23896","page","type-page","status-publish","has-post-thumbnail","hentry"],"acf":[],"yoast_head":"<!-- This site is optimized with the Yoast SEO Premium plugin v23.2 (Yoast SEO v23.2) - https:\/\/yoast.com\/wordpress\/plugins\/seo\/ -->\n<title>ezeep - Comme l&#039;impression, mais en mieux.<\/title>\n<meta name=\"description\" content=\"\u00c9conomise des centaines d&#039;euros par utilisateur et par an, dis adieu aux serveurs d&#039;impression et aux pilotes d&#039;imprimante, augmente la s\u00e9curit\u00e9 de ton r\u00e9seau et des impressions.\" \/>\n<meta name=\"robots\" content=\"index, follow, max-snippet:-1, max-image-preview:large, max-video-preview:-1\" \/>\n<link rel=\"canonical\" href=\"https:\/\/www.ezeep.com\/fr\/\" \/>\n<meta property=\"og:locale\" content=\"fr_FR\" \/>\n<meta property=\"og:type\" content=\"article\" \/>\n<meta property=\"og:title\" content=\"Homepage FR\" \/>\n<meta property=\"og:description\" content=\"\u00c9conomise des centaines d&#039;euros par utilisateur et par an, dis adieu aux serveurs d&#039;impression et aux pilotes d&#039;imprimante, augmente la s\u00e9curit\u00e9 de ton r\u00e9seau et des impressions.\" \/>\n<meta property=\"og:url\" content=\"https:\/\/www.ezeep.com\/fr\/\" \/>\n<meta property=\"og:site_name\" content=\"ezeep\" \/>\n<meta property=\"article:modified_time\" content=\"2024-11-06T09:27:18+00:00\" \/>\n<meta property=\"og:image\" content=\"https:\/\/www.ezeep.com\/wp-content\/uploads\/ezeep-homep-featured-img.jpg\" \/>\n\t<meta property=\"og:image:width\" content=\"1200\" \/>\n\t<meta property=\"og:image:height\" content=\"630\" \/>\n\t<meta property=\"og:image:type\" content=\"image\/jpeg\" \/>\n<meta name=\"twitter:card\" content=\"summary_large_image\" \/>\n<meta name=\"twitter:label1\" content=\"Dur\u00e9e de lecture estim\u00e9e\" \/>\n\t<meta name=\"twitter:data1\" content=\"5 minutes\" \/>\n<script type=\"application\/ld+json\" class=\"yoast-schema-graph\">{\"@context\":\"https:\/\/schema.org\",\"@graph\":[{\"@type\":\"WebPage\",\"@id\":\"https:\/\/www.ezeep.com\/fr\/\",\"url\":\"https:\/\/www.ezeep.com\/fr\/\",\"name\":\"ezeep - Comme l'impression, mais en mieux.\",\"isPartOf\":{\"@id\":\"https:\/\/www.ezeep.com\/fr\/#website\"},\"primaryImageOfPage\":{\"@id\":\"https:\/\/www.ezeep.com\/fr\/#primaryimage\"},\"image\":{\"@id\":\"https:\/\/www.ezeep.com\/fr\/#primaryimage\"},\"thumbnailUrl\":\"https:\/\/www.ezeep.com\/wp-content\/uploads\/ezeep-homep-featured-img.jpg\",\"datePublished\":\"2021-10-01T11:32:02+00:00\",\"dateModified\":\"2024-11-06T09:27:18+00:00\",\"description\":\"\u00c9conomise des centaines d'euros par utilisateur et par an, dis adieu aux serveurs d'impression et aux pilotes d'imprimante, augmente la s\u00e9curit\u00e9 de ton r\u00e9seau et des impressions.\",\"breadcrumb\":{\"@id\":\"https:\/\/www.ezeep.com\/fr\/#breadcrumb\"},\"inLanguage\":\"fr-FR\",\"potentialAction\":[{\"@type\":\"ReadAction\",\"target\":[\"https:\/\/www.ezeep.com\/fr\/\"]}]},{\"@type\":\"ImageObject\",\"inLanguage\":\"fr-FR\",\"@id\":\"https:\/\/www.ezeep.com\/fr\/#primaryimage\",\"url\":\"https:\/\/www.ezeep.com\/wp-content\/uploads\/ezeep-homep-featured-img.jpg\",\"contentUrl\":\"https:\/\/www.ezeep.com\/wp-content\/uploads\/ezeep-homep-featured-img.jpg\",\"width\":1200,\"height\":630},{\"@type\":\"BreadcrumbList\",\"@id\":\"https:\/\/www.ezeep.com\/fr\/#breadcrumb\",\"itemListElement\":[{\"@type\":\"ListItem\",\"position\":1,\"name\":\"Home\",\"item\":\"https:\/\/www.ezeep.com\/fr\/\"},{\"@type\":\"ListItem\",\"position\":2,\"name\":\"Homepage FR\"}]},{\"@type\":\"WebSite\",\"@id\":\"https:\/\/www.ezeep.com\/fr\/#website\",\"url\":\"https:\/\/www.ezeep.com\/fr\/\",\"name\":\"ezeep\",\"description\":\"Easy Printing Anytime, Anywhere\",\"publisher\":{\"@id\":\"https:\/\/www.ezeep.com\/fr\/#organization\"},\"potentialAction\":[{\"@type\":\"SearchAction\",\"target\":{\"@type\":\"EntryPoint\",\"urlTemplate\":\"https:\/\/www.ezeep.com\/fr\/?s={search_term_string}\"},\"query-input\":\"required name=search_term_string\"}],\"inLanguage\":\"fr-FR\"},{\"@type\":\"Organization\",\"@id\":\"https:\/\/www.ezeep.com\/fr\/#organization\",\"name\":\"ezeep\",\"url\":\"https:\/\/www.ezeep.com\/fr\/\",\"logo\":{\"@type\":\"ImageObject\",\"inLanguage\":\"fr-FR\",\"@id\":\"https:\/\/www.ezeep.com\/fr\/#\/schema\/logo\/image\/\",\"url\":\"https:\/\/www.ezeep.com\/wp-content\/uploads\/logo-ezeep.png\",\"contentUrl\":\"https:\/\/www.ezeep.com\/wp-content\/uploads\/logo-ezeep.png\",\"width\":290,\"height\":192,\"caption\":\"ezeep\"},\"image\":{\"@id\":\"https:\/\/www.ezeep.com\/fr\/#\/schema\/logo\/image\/\"}}]}<\/script>\n<!-- \/ Yoast SEO Premium plugin. -->","yoast_head_json":{"title":"ezeep - Comme l'impression, mais en mieux.","description":"\u00c9conomise des centaines d'euros par utilisateur et par an, dis adieu aux serveurs d'impression et aux pilotes d'imprimante, augmente la s\u00e9curit\u00e9 de ton r\u00e9seau et des impressions.","robots":{"index":"index","follow":"follow","max-snippet":"max-snippet:-1","max-image-preview":"max-image-preview:large","max-video-preview":"max-video-preview:-1"},"canonical":"https:\/\/www.ezeep.com\/fr\/","og_locale":"fr_FR","og_type":"article","og_title":"Homepage FR","og_description":"\u00c9conomise des centaines d'euros par utilisateur et par an, dis adieu aux serveurs d'impression et aux pilotes d'imprimante, augmente la s\u00e9curit\u00e9 de ton r\u00e9seau et des impressions.","og_url":"https:\/\/www.ezeep.com\/fr\/","og_site_name":"ezeep","article_modified_time":"2024-11-06T09:27:18+00:00","og_image":[{"width":1200,"height":630,"url":"https:\/\/www.ezeep.com\/wp-content\/uploads\/ezeep-homep-featured-img.jpg","type":"image\/jpeg"}],"twitter_card":"summary_large_image","twitter_misc":{"Dur\u00e9e de lecture estim\u00e9e":"5 minutes"},"schema":{"@context":"https:\/\/schema.org","@graph":[{"@type":"WebPage","@id":"https:\/\/www.ezeep.com\/fr\/","url":"https:\/\/www.ezeep.com\/fr\/","name":"ezeep - Comme l'impression, mais en mieux.","isPartOf":{"@id":"https:\/\/www.ezeep.com\/fr\/#website"},"primaryImageOfPage":{"@id":"https:\/\/www.ezeep.com\/fr\/#primaryimage"},"image":{"@id":"https:\/\/www.ezeep.com\/fr\/#primaryimage"},"thumbnailUrl":"https:\/\/www.ezeep.com\/wp-content\/uploads\/ezeep-homep-featured-img.jpg","datePublished":"2021-10-01T11:32:02+00:00","dateModified":"2024-11-06T09:27:18+00:00","description":"\u00c9conomise des centaines d'euros par utilisateur et par an, dis adieu aux serveurs d'impression et aux pilotes d'imprimante, augmente la s\u00e9curit\u00e9 de ton r\u00e9seau et des impressions.","breadcrumb":{"@id":"https:\/\/www.ezeep.com\/fr\/#breadcrumb"},"inLanguage":"fr-FR","potentialAction":[{"@type":"ReadAction","target":["https:\/\/www.ezeep.com\/fr\/"]}]},{"@type":"ImageObject","inLanguage":"fr-FR","@id":"https:\/\/www.ezeep.com\/fr\/#primaryimage","url":"https:\/\/www.ezeep.com\/wp-content\/uploads\/ezeep-homep-featured-img.jpg","contentUrl":"https:\/\/www.ezeep.com\/wp-content\/uploads\/ezeep-homep-featured-img.jpg","width":1200,"height":630},{"@type":"BreadcrumbList","@id":"https:\/\/www.ezeep.com\/fr\/#breadcrumb","itemListElement":[{"@type":"ListItem","position":1,"name":"Home","item":"https:\/\/www.ezeep.com\/fr\/"},{"@type":"ListItem","position":2,"name":"Homepage FR"}]},{"@type":"WebSite","@id":"https:\/\/www.ezeep.com\/fr\/#website","url":"https:\/\/www.ezeep.com\/fr\/","name":"ezeep","description":"Easy Printing Anytime, Anywhere","publisher":{"@id":"https:\/\/www.ezeep.com\/fr\/#organization"},"potentialAction":[{"@type":"SearchAction","target":{"@type":"EntryPoint","urlTemplate":"https:\/\/www.ezeep.com\/fr\/?s={search_term_string}"},"query-input":"required name=search_term_string"}],"inLanguage":"fr-FR"},{"@type":"Organization","@id":"https:\/\/www.ezeep.com\/fr\/#organization","name":"ezeep","url":"https:\/\/www.ezeep.com\/fr\/","logo":{"@type":"ImageObject","inLanguage":"fr-FR","@id":"https:\/\/www.ezeep.com\/fr\/#\/schema\/logo\/image\/","url":"https:\/\/www.ezeep.com\/wp-content\/uploads\/logo-ezeep.png","contentUrl":"https:\/\/www.ezeep.com\/wp-content\/uploads\/logo-ezeep.png","width":290,"height":192,"caption":"ezeep"},"image":{"@id":"https:\/\/www.ezeep.com\/fr\/#\/schema\/logo\/image\/"}}]}},"_links":{"self":[{"href":"https:\/\/www.ezeep.com\/fr\/wp-json\/wp\/v2\/pages\/23896"}],"collection":[{"href":"https:\/\/www.ezeep.com\/fr\/wp-json\/wp\/v2\/pages"}],"about":[{"href":"https:\/\/www.ezeep.com\/fr\/wp-json\/wp\/v2\/types\/page"}],"author":[{"embeddable":true,"href":"https:\/\/www.ezeep.com\/fr\/wp-json\/wp\/v2\/users\/13"}],"replies":[{"embeddable":true,"href":"https:\/\/www.ezeep.com\/fr\/wp-json\/wp\/v2\/comments?post=23896"}],"version-history":[{"count":0,"href":"https:\/\/www.ezeep.com\/fr\/wp-json\/wp\/v2\/pages\/23896\/revisions"}],"wp:featuredmedia":[{"embeddable":true,"href":"https:\/\/www.ezeep.com\/fr\/wp-json\/wp\/v2\/media\/20929"}],"wp:attachment":[{"href":"https:\/\/www.ezeep.com\/fr\/wp-json\/wp\/v2\/media?parent=23896"}],"curies":[{"name":"wp","href":"https:\/\/api.w.org\/{rel}","templated":true}]}}