{"id":33406,"date":"2025-11-11T14:40:18","date_gmt":"2025-11-11T14:40:18","guid":{"rendered":"https:\/\/www.ezeep.com\/?page_id=33406"},"modified":"2025-11-17T10:52:39","modified_gmt":"2025-11-17T10:52:39","slug":"essai-gratuit-2","status":"publish","type":"page","link":"https:\/\/www.ezeep.com\/fr\/essai-gratuit-2\/","title":{"rendered":"Essai Gratuit"},"content":{"rendered":"\n<div class=\"wp-block-group\"><div class=\"wp-block-group__inner-container is-layout-constrained wp-block-group-is-layout-constrained\">\n<div class=\"wp-block-group\" style=\"padding-top:var(--wp--preset--spacing--70);padding-right:0;padding-bottom:var(--wp--preset--spacing--50)\"><div class=\"wp-block-group__inner-container is-layout-constrained wp-container-core-group-is-layout-1 wp-block-group-is-layout-constrained\">\n<h1 class=\"wp-block-heading has-text-align-center\" id=\"h-commence-maintenant-gratuitement-0\">Commence maintenant gratuitement<\/h1>\n<\/div><\/div>\n\n\n<div data-cpd-default-content data-cpd-operating-systems=\"ios,android\"><\/p>\n\n\n\n<div class=\"wp-block-group ticss-02a39ca8\" style=\"padding-top:var(--wp--preset--spacing--60);padding-right:var(--wp--preset--spacing--40);padding-bottom:var(--wp--preset--spacing--60);padding-left:var(--wp--preset--spacing--40)\"><div class=\"wp-block-group__inner-container is-layout-constrained wp-container-core-group-is-layout-6 wp-block-group-is-layout-constrained\">\n<h2 class=\"wp-block-heading has-text-align-center\" id=\"h-cree-un-nouveau-compte-jusqu-a-10-utilisateurs-gratuitement-et-de-facon-permanente-0\" style=\"font-size:24px;font-style:normal;font-weight:600\">Cr\u00e9e un nouveau compte:<br>Jusqu\u2019\u00e0 10 utilisateurs, gratuitement et de fa\u00e7on permanente<\/h2>\n\n\n\n<p class=\"has-text-align-center\"><\/p>\n\n\n\n<div class=\"wp-block-group\"><div class=\"wp-block-group__inner-container is-layout-constrained wp-block-group-is-layout-constrained\">\n<script src=\"https:\/\/js-eu1.hsforms.net\/forms\/embed\/developer\/146638686.js\" defer><\/script>\n<div class=\"hs-form-html\" data-region=\"eu1\" data-form-id=\"d98726ca-d6e8-4dbb-9868-b8962d445f1f\" data-portal-id=\"146638686\"><\/div>\n<\/div><\/div>\n\n\n\n<div class=\"wp-block-columns is-layout-flex wp-container-core-columns-is-layout-1 wp-block-columns-is-layout-flex\" style=\"padding-top:9px\">\n<div class=\"wp-block-column is-layout-flow wp-block-column-is-layout-flow\" style=\"margin-top:0;margin-right:0;margin-bottom:0;margin-left:0;padding-top:0;padding-right:0;padding-bottom:0;padding-left:0\">\n<div class=\"wp-block-group has-border-color has-white-background-color has-background\" style=\"border-color:#0000001a;border-width:1px;border-radius:8px;min-height:100%;padding-top:var(--wp--preset--spacing--50);padding-right:var(--wp--preset--spacing--50);padding-bottom:var(--wp--preset--spacing--50);padding-left:var(--wp--preset--spacing--50)\"><div class=\"wp-block-group__inner-container is-layout-constrained wp-container-core-group-is-layout-3 wp-block-group-is-layout-constrained\"><div class=\"wp-block-image\">\n<figure class=\"aligncenter size-full is-resized\"><img loading=\"lazy\" decoding=\"async\" width=\"48\" height=\"48\" src=\"https:\/\/www.ezeep.com\/wp-content\/uploads\/onboarding-icon-star.svg\" alt=\"\" class=\"wp-image-32516\" style=\"aspect-ratio:1;object-fit:cover;width:48px\"\/><\/figure><\/div>\n\n\n<p class=\"has-text-align-center\" style=\"margin-top:var(--wp--preset--spacing--30);margin-right:0;margin-bottom:0;margin-left:0;font-size:16px\">Toutes les fonctionnalit\u00e9s premium sont accessibles gratuitement pendant 14 jours<\/p>\n<\/div><\/div>\n<\/div>\n\n\n\n<div class=\"wp-block-column is-layout-flow wp-block-column-is-layout-flow\" style=\"padding-top:0;padding-right:0;padding-bottom:0;padding-left:0\">\n<div class=\"wp-block-group has-border-color has-white-background-color has-background\" style=\"border-color:#0000001a;border-width:1px;border-radius:8px;min-height:100%;padding-top:var(--wp--preset--spacing--50);padding-right:var(--wp--preset--spacing--50);padding-bottom:var(--wp--preset--spacing--50);padding-left:var(--wp--preset--spacing--50)\"><div class=\"wp-block-group__inner-container is-layout-constrained wp-container-core-group-is-layout-4 wp-block-group-is-layout-constrained\"><div class=\"wp-block-image\">\n<figure class=\"aligncenter size-full is-resized\"><img loading=\"lazy\" decoding=\"async\" width=\"48\" height=\"48\" src=\"https:\/\/www.ezeep.com\/wp-content\/uploads\/onboarding-icon-play.svg\" alt=\"\" class=\"wp-image-32510\" style=\"aspect-ratio:1;object-fit:cover;width:48px\"\/><\/figure><\/div>\n\n\n<p class=\"has-text-align-center\" style=\"margin-top:var(--wp--preset--spacing--30);margin-bottom:0;font-size:16px\">Aucune information de carte de cr\u00e9dit requise<\/p>\n<\/div><\/div>\n<\/div>\n\n\n\n<div class=\"wp-block-column is-layout-flow wp-block-column-is-layout-flow\" style=\"padding-top:0;padding-right:0;padding-bottom:0;padding-left:0\">\n<div class=\"wp-block-group has-border-color has-white-background-color has-background\" style=\"border-color:#0000001a;border-width:1px;border-radius:8px;min-height:100%;padding-top:var(--wp--preset--spacing--50);padding-right:var(--wp--preset--spacing--50);padding-bottom:var(--wp--preset--spacing--50);padding-left:var(--wp--preset--spacing--50)\"><div class=\"wp-block-group__inner-container is-layout-constrained wp-container-core-group-is-layout-5 wp-block-group-is-layout-constrained\"><div class=\"wp-block-image\">\n<figure class=\"aligncenter size-full is-resized\"><img loading=\"lazy\" decoding=\"async\" width=\"48\" height=\"48\" src=\"https:\/\/www.ezeep.com\/wp-content\/uploads\/onboarding-icon-dashboard.svg\" alt=\"\" class=\"wp-image-32498\" style=\"aspect-ratio:1;object-fit:cover;width:48px\"\/><\/figure><\/div>\n\n\n<p class=\"has-text-align-center\" style=\"margin-top:var(--wp--preset--spacing--30);margin-bottom:0;font-size:16px\">Ajoute \u00e0 tout moment plus de fonctionnalit\u00e9s ou d\u2019utilisateurs<\/p>\n<\/div><\/div>\n<\/div>\n<\/div>\n<\/div><\/div>\n\n\n<p><\/div>\n\n\n<div data-cpd-alternate-content data-cpd-operating-systems=\"ios,android\"><\/p>\n\n\n\n<div class=\"wp-block-group\" style=\"padding-top:var(--wp--preset--spacing--60);padding-bottom:var(--wp--preset--spacing--60)\"><div class=\"wp-block-group__inner-container is-layout-constrained wp-block-group-is-layout-constrained\">\n<div class=\"wp-block-columns alignwide is-layout-flex wp-container-core-columns-is-layout-3 wp-block-columns-is-layout-flex\">\n<div class=\"wp-block-column is-layout-flow wp-block-column-is-layout-flow\" style=\"padding-top:var(--wp--preset--spacing--60);padding-bottom:var(--wp--preset--spacing--60);flex-basis:66.66%\">\n<h2 class=\"wp-block-heading has-text-align-center\" id=\"h-lade-die-ezeep-print-app-aus-deinem-app-store-herunter\" style=\"font-size:24px;font-style:normal;font-weight:600\">Lade die ezeep Print App aus deinem App Store herunter!<\/h2>\n\n\n\n<p class=\"has-text-align-center has-medium-font-size\" style=\"margin-top:var(--wp--preset--spacing--50);margin-bottom:0\">Der einfachste Weg, von iOS und Android zu drucken<\/p>\n\n\n\n<div class=\"wp-block-group is-content-justification-center is-nowrap is-layout-flex wp-container-core-group-is-layout-7 wp-block-group-is-layout-flex\"><div class=\"wp-block-image\">\n<figure class=\"aligncenter size-full is-resized\"><a href=\"https:\/\/apps.apple.com\/app\/ezeep-blue-printer-app\/id1527249451?l=en\"><img decoding=\"async\" src=\"https:\/\/www.ezeep.com\/wp-content\/uploads\/app-store-apple.svg\" alt=\"\" class=\"wp-image-32525\" style=\"width:171px;height:auto\"\/><\/a><\/figure><\/div>\n\n<div class=\"wp-block-image\">\n<figure class=\"aligncenter size-full is-resized\"><a href=\"https:\/\/play.google.com\/store\/apps\/details?id=com.thinprint.ezeep\"><img decoding=\"async\" src=\"https:\/\/www.ezeep.com\/wp-content\/uploads\/app-store-google.svg\" alt=\"\" class=\"wp-image-32531\" style=\"width:175px;height:auto\"\/><\/a><\/figure><\/div><\/div>\n\n\n\n<div class=\"wp-block-columns is-layout-flex wp-container-core-columns-is-layout-2 wp-block-columns-is-layout-flex\">\n<div class=\"wp-block-column is-layout-flow wp-block-column-is-layout-flow\" style=\"margin-top:0;margin-right:0;margin-bottom:0;margin-left:0;padding-top:0;padding-right:0;padding-bottom:0;padding-left:0\">\n<div class=\"wp-block-group has-border-color has-white-background-color has-background\" style=\"border-color:#0000001a;border-width:1px;border-radius:8px;min-height:100%;padding-top:var(--wp--preset--spacing--50);padding-right:var(--wp--preset--spacing--50);padding-bottom:var(--wp--preset--spacing--50);padding-left:var(--wp--preset--spacing--50)\"><div class=\"wp-block-group__inner-container is-layout-constrained wp-container-core-group-is-layout-8 wp-block-group-is-layout-constrained\"><div class=\"wp-block-image\">\n<figure class=\"aligncenter size-full is-resized\"><img loading=\"lazy\" decoding=\"async\" width=\"48\" height=\"48\" src=\"https:\/\/www.ezeep.com\/wp-content\/uploads\/onboarding-icon-star.svg\" alt=\"\" class=\"wp-image-32516\" style=\"aspect-ratio:1;object-fit:cover;width:48px\"\/><\/figure><\/div>\n\n\n<p class=\"has-text-align-center\" style=\"margin-top:var(--wp--preset--spacing--30);margin-right:0;margin-bottom:0;margin-left:0;font-size:16px\">C\u2019est compl\u00e8tement gratuit. Cr\u00e9e juste un compte pour commencer.<\/p>\n<\/div><\/div>\n<\/div>\n\n\n\n<div class=\"wp-block-column is-layout-flow wp-block-column-is-layout-flow\" style=\"padding-top:0;padding-right:0;padding-bottom:0;padding-left:0\">\n<div class=\"wp-block-group has-border-color has-white-background-color has-background\" style=\"border-color:#0000001a;border-width:1px;border-radius:8px;min-height:100%;padding-top:var(--wp--preset--spacing--50);padding-right:var(--wp--preset--spacing--50);padding-bottom:var(--wp--preset--spacing--50);padding-left:var(--wp--preset--spacing--50)\"><div class=\"wp-block-group__inner-container is-layout-constrained wp-container-core-group-is-layout-9 wp-block-group-is-layout-constrained\"><div class=\"wp-block-image\">\n<figure class=\"aligncenter size-full is-resized\"><img loading=\"lazy\" decoding=\"async\" width=\"48\" height=\"48\" src=\"https:\/\/www.ezeep.com\/wp-content\/uploads\/onboarding-icon-play.svg\" alt=\"\" class=\"wp-image-32510\" style=\"aspect-ratio:1;object-fit:cover;width:48px\"\/><\/figure><\/div>\n\n\n<p class=\"has-text-align-center\" style=\"margin-top:var(--wp--preset--spacing--30);margin-bottom:0;font-size:16px\">Imprime avec quasiment n\u2019importe quelle imprimante, qu\u2019elle soit ancienne ou r\u00e9cente, m\u00eame si elle n\u2019est normalement pas compatible avec Android\/iOS.<\/p>\n<\/div><\/div>\n<\/div>\n\n\n\n<div class=\"wp-block-column is-layout-flow wp-block-column-is-layout-flow\" style=\"padding-top:0;padding-right:0;padding-bottom:0;padding-left:0\">\n<div class=\"wp-block-group has-border-color has-white-background-color has-background\" style=\"border-color:#0000001a;border-width:1px;border-radius:8px;min-height:100%;padding-top:var(--wp--preset--spacing--50);padding-right:var(--wp--preset--spacing--50);padding-bottom:var(--wp--preset--spacing--50);padding-left:var(--wp--preset--spacing--50)\"><div class=\"wp-block-group__inner-container is-layout-constrained wp-container-core-group-is-layout-10 wp-block-group-is-layout-constrained\"><div class=\"wp-block-image\">\n<figure class=\"aligncenter size-full is-resized\"><img loading=\"lazy\" decoding=\"async\" width=\"48\" height=\"48\" src=\"https:\/\/www.ezeep.com\/wp-content\/uploads\/onboarding-icon-dashboard.svg\" alt=\"\" class=\"wp-image-32498\" style=\"aspect-ratio:1;object-fit:cover;width:48px\"\/><\/figure><\/div>\n\n\n<p class=\"has-text-align-center\" style=\"margin-top:var(--wp--preset--spacing--30);margin-bottom:0;font-size:16px\">Imprime directement depuis tes applis mobiles sur des imprimantes \u00e0 distance et personnalise tes param\u00e8tres d\u2019impression.<\/p>\n<\/div><\/div>\n<\/div>\n<\/div>\n<\/div>\n\n\n\n<div class=\"wp-block-column is-layout-flow wp-block-column-is-layout-flow\" style=\"padding-top:0;padding-right:0;padding-bottom:0;padding-left:0;flex-basis:33.33%\">\n<div class=\"wp-block-group has-background\" style=\"border-radius:8px;background-color:#2730350d;padding-top:var(--wp--preset--spacing--60);padding-right:var(--wp--preset--spacing--60);padding-bottom:var(--wp--preset--spacing--60);padding-left:var(--wp--preset--spacing--60)\"><div class=\"wp-block-group__inner-container is-layout-constrained wp-container-core-group-is-layout-12 wp-block-group-is-layout-constrained\">\n<h2 class=\"wp-block-heading has-text-align-center\" id=\"h-rejoins-un-compte-existant-1\" style=\"font-size:24px;font-style:normal;font-weight:600\">Rejoins un compte existant<\/h2>\n\n\n\n<p class=\"has-text-align-center has-medium-font-size\" style=\"margin-top:var(--wp--preset--spacing--50);margin-bottom:0;padding-top:0;padding-bottom:0\">Ton lieu de travail dispose-t-il d\u00e9j\u00e0 d\u2019un compte ezeep?<\/p>\n\n\n\n<div class=\"wp-block-group has-border-color has-white-background-color has-background\" style=\"border-color:#0000001a;border-width:1px;border-radius:8px;min-height:px;padding-top:var(--wp--preset--spacing--50);padding-right:var(--wp--preset--spacing--50);padding-bottom:var(--wp--preset--spacing--50);padding-left:var(--wp--preset--spacing--50)\"><div class=\"wp-block-group__inner-container is-layout-constrained wp-container-core-group-is-layout-11 wp-block-group-is-layout-constrained\"><div class=\"wp-block-image\">\n<figure class=\"aligncenter size-full is-resized\"><img loading=\"lazy\" decoding=\"async\" width=\"48\" height=\"48\" src=\"https:\/\/www.ezeep.com\/wp-content\/uploads\/onboarding-icon-lightbulb.svg\" alt=\"\" class=\"wp-image-32504\" style=\"aspect-ratio:1;object-fit:cover;width:48px\"\/><\/figure><\/div>\n\n\n<p class=\"has-text-align-center\" style=\"margin-top:var(--wp--preset--spacing--30);margin-bottom:0;font-size:16px\">Demande au propri\u00e9taire du compte de t\u2019inviter dans l\u2019organisation ezeep<\/p>\n<\/div><\/div>\n<\/div><\/div>\n<\/div>\n<\/div>\n\n\n\n<div class=\"wp-block-group alignwide\" style=\"margin-top:var(--wp--preset--spacing--40)\"><div class=\"wp-block-group__inner-container is-layout-constrained wp-block-group-is-layout-constrained\">\n<div class=\"wp-block-group is-content-justification-center is-nowrap is-layout-flex wp-container-core-group-is-layout-13 wp-block-group-is-layout-flex\" style=\"border-top-color:#0000001a;border-top-width:1px;padding-top:var(--wp--preset--spacing--60)\">\n<p class=\"has-text-align-center\" style=\"font-size:14px\">Remarque: On dirait que tu navigues sur notre site depuis un appareil iOS ou Android. Si tu veux configurer ezeep Blue pour g\u00e9rer plusieurs imprimantes ou connecter une imprimante manuellement au cloud, visite notre site depuis un ordinateur de bureau ou un ordinateur portable.<\/p>\n<\/div>\n<\/div><\/div>\n<\/div><\/div>\n\n\n<p><\/div>\n<\/div><\/div>\n","protected":false},"excerpt":{"rendered":"<p>Commence maintenant gratuitement<\/p>\n","protected":false},"author":32,"featured_media":20499,"parent":0,"menu_order":0,"comment_status":"closed","ping_status":"closed","template":"page-gutenberg-headless.php","meta":{"_acf_changed":false,"inline_featured_image":false,"footnotes":""},"class_list":["post-33406","page","type-page","status-publish","has-post-thumbnail","hentry"],"acf":[],"yoast_head":"<!-- This site is optimized with the Yoast SEO Premium plugin v23.2 (Yoast SEO v23.2) - https:\/\/yoast.com\/wordpress\/plugins\/seo\/ -->\n<title>Essai Gratuit - ezeep<\/title>\n<meta name=\"description\" content=\"D\u00e9couvre la facilit\u00e9 d&#039;impression - \u00e0 tout moment, n&#039;importe o\u00f9. Utilise ezeep gratuitement, sans aucun risque et avec le soutien total de notre \u00e9quipe.\" \/>\n<meta name=\"robots\" content=\"index, follow, max-snippet:-1, max-image-preview:large, max-video-preview:-1\" \/>\n<link rel=\"canonical\" href=\"https:\/\/www.ezeep.com\/fr\/essai-gratuit-2\/\" \/>\n<meta property=\"og:locale\" content=\"fr_FR\" \/>\n<meta property=\"og:type\" content=\"article\" \/>\n<meta property=\"og:title\" content=\"Essai Gratuit\" \/>\n<meta property=\"og:description\" content=\"D\u00e9couvre la facilit\u00e9 d&#039;impression - \u00e0 tout moment, n&#039;importe o\u00f9. Utilise ezeep gratuitement, sans aucun risque et avec le soutien total de notre \u00e9quipe.\" \/>\n<meta property=\"og:url\" content=\"https:\/\/www.ezeep.com\/fr\/essai-gratuit-2\/\" \/>\n<meta property=\"og:site_name\" content=\"ezeep\" \/>\n<meta property=\"article:modified_time\" content=\"2025-11-17T10:52:39+00:00\" \/>\n<meta property=\"og:image\" content=\"https:\/\/www.ezeep.com\/wp-content\/uploads\/fi-print-with-smile.png\" \/>\n\t<meta property=\"og:image:width\" content=\"600\" \/>\n\t<meta property=\"og:image:height\" content=\"446\" \/>\n\t<meta property=\"og:image:type\" content=\"image\/png\" \/>\n<meta name=\"twitter:card\" content=\"summary_large_image\" \/>\n<meta name=\"twitter:label1\" content=\"Dur\u00e9e de lecture estim\u00e9e\" \/>\n\t<meta name=\"twitter:data1\" content=\"3 minutes\" \/>\n<script type=\"application\/ld+json\" class=\"yoast-schema-graph\">{\"@context\":\"https:\/\/schema.org\",\"@graph\":[{\"@type\":\"WebPage\",\"@id\":\"https:\/\/www.ezeep.com\/fr\/essai-gratuit-2\/\",\"url\":\"https:\/\/www.ezeep.com\/fr\/essai-gratuit-2\/\",\"name\":\"Essai Gratuit - ezeep\",\"isPartOf\":{\"@id\":\"https:\/\/www.ezeep.com\/fr\/#website\"},\"primaryImageOfPage\":{\"@id\":\"https:\/\/www.ezeep.com\/fr\/essai-gratuit-2\/#primaryimage\"},\"image\":{\"@id\":\"https:\/\/www.ezeep.com\/fr\/essai-gratuit-2\/#primaryimage\"},\"thumbnailUrl\":\"https:\/\/www.ezeep.com\/wp-content\/uploads\/fi-print-with-smile.png\",\"datePublished\":\"2025-11-11T14:40:18+00:00\",\"dateModified\":\"2025-11-17T10:52:39+00:00\",\"description\":\"D\u00e9couvre la facilit\u00e9 d'impression - \u00e0 tout moment, n'importe o\u00f9. Utilise ezeep gratuitement, sans aucun risque et avec le soutien total de notre \u00e9quipe.\",\"breadcrumb\":{\"@id\":\"https:\/\/www.ezeep.com\/fr\/essai-gratuit-2\/#breadcrumb\"},\"inLanguage\":\"fr-FR\",\"potentialAction\":[{\"@type\":\"ReadAction\",\"target\":[\"https:\/\/www.ezeep.com\/fr\/essai-gratuit-2\/\"]}]},{\"@type\":\"ImageObject\",\"inLanguage\":\"fr-FR\",\"@id\":\"https:\/\/www.ezeep.com\/fr\/essai-gratuit-2\/#primaryimage\",\"url\":\"https:\/\/www.ezeep.com\/wp-content\/uploads\/fi-print-with-smile.png\",\"contentUrl\":\"https:\/\/www.ezeep.com\/wp-content\/uploads\/fi-print-with-smile.png\",\"width\":600,\"height\":446},{\"@type\":\"BreadcrumbList\",\"@id\":\"https:\/\/www.ezeep.com\/fr\/essai-gratuit-2\/#breadcrumb\",\"itemListElement\":[{\"@type\":\"ListItem\",\"position\":1,\"name\":\"Home\",\"item\":\"https:\/\/www.ezeep.com\/fr\/\"},{\"@type\":\"ListItem\",\"position\":2,\"name\":\"Essai Gratuit\"}]},{\"@type\":\"WebSite\",\"@id\":\"https:\/\/www.ezeep.com\/fr\/#website\",\"url\":\"https:\/\/www.ezeep.com\/fr\/\",\"name\":\"ezeep\",\"description\":\"Easy Printing Anytime, Anywhere\",\"publisher\":{\"@id\":\"https:\/\/www.ezeep.com\/fr\/#organization\"},\"potentialAction\":[{\"@type\":\"SearchAction\",\"target\":{\"@type\":\"EntryPoint\",\"urlTemplate\":\"https:\/\/www.ezeep.com\/fr\/?s={search_term_string}\"},\"query-input\":\"required name=search_term_string\"}],\"inLanguage\":\"fr-FR\"},{\"@type\":\"Organization\",\"@id\":\"https:\/\/www.ezeep.com\/fr\/#organization\",\"name\":\"ezeep\",\"url\":\"https:\/\/www.ezeep.com\/fr\/\",\"logo\":{\"@type\":\"ImageObject\",\"inLanguage\":\"fr-FR\",\"@id\":\"https:\/\/www.ezeep.com\/fr\/#\/schema\/logo\/image\/\",\"url\":\"https:\/\/www.ezeep.com\/wp-content\/uploads\/logo-ezeep.png\",\"contentUrl\":\"https:\/\/www.ezeep.com\/wp-content\/uploads\/logo-ezeep.png\",\"width\":290,\"height\":192,\"caption\":\"ezeep\"},\"image\":{\"@id\":\"https:\/\/www.ezeep.com\/fr\/#\/schema\/logo\/image\/\"}}]}<\/script>\n<!-- \/ Yoast SEO Premium plugin. -->","yoast_head_json":{"title":"Essai Gratuit - ezeep","description":"D\u00e9couvre la facilit\u00e9 d'impression - \u00e0 tout moment, n'importe o\u00f9. Utilise ezeep gratuitement, sans aucun risque et avec le soutien total de notre \u00e9quipe.","robots":{"index":"index","follow":"follow","max-snippet":"max-snippet:-1","max-image-preview":"max-image-preview:large","max-video-preview":"max-video-preview:-1"},"canonical":"https:\/\/www.ezeep.com\/fr\/essai-gratuit-2\/","og_locale":"fr_FR","og_type":"article","og_title":"Essai Gratuit","og_description":"D\u00e9couvre la facilit\u00e9 d'impression - \u00e0 tout moment, n'importe o\u00f9. Utilise ezeep gratuitement, sans aucun risque et avec le soutien total de notre \u00e9quipe.","og_url":"https:\/\/www.ezeep.com\/fr\/essai-gratuit-2\/","og_site_name":"ezeep","article_modified_time":"2025-11-17T10:52:39+00:00","og_image":[{"width":600,"height":446,"url":"https:\/\/www.ezeep.com\/wp-content\/uploads\/fi-print-with-smile.png","type":"image\/png"}],"twitter_card":"summary_large_image","twitter_misc":{"Dur\u00e9e de lecture estim\u00e9e":"3 minutes"},"schema":{"@context":"https:\/\/schema.org","@graph":[{"@type":"WebPage","@id":"https:\/\/www.ezeep.com\/fr\/essai-gratuit-2\/","url":"https:\/\/www.ezeep.com\/fr\/essai-gratuit-2\/","name":"Essai Gratuit - ezeep","isPartOf":{"@id":"https:\/\/www.ezeep.com\/fr\/#website"},"primaryImageOfPage":{"@id":"https:\/\/www.ezeep.com\/fr\/essai-gratuit-2\/#primaryimage"},"image":{"@id":"https:\/\/www.ezeep.com\/fr\/essai-gratuit-2\/#primaryimage"},"thumbnailUrl":"https:\/\/www.ezeep.com\/wp-content\/uploads\/fi-print-with-smile.png","datePublished":"2025-11-11T14:40:18+00:00","dateModified":"2025-11-17T10:52:39+00:00","description":"D\u00e9couvre la facilit\u00e9 d'impression - \u00e0 tout moment, n'importe o\u00f9. Utilise ezeep gratuitement, sans aucun risque et avec le soutien total de notre \u00e9quipe.","breadcrumb":{"@id":"https:\/\/www.ezeep.com\/fr\/essai-gratuit-2\/#breadcrumb"},"inLanguage":"fr-FR","potentialAction":[{"@type":"ReadAction","target":["https:\/\/www.ezeep.com\/fr\/essai-gratuit-2\/"]}]},{"@type":"ImageObject","inLanguage":"fr-FR","@id":"https:\/\/www.ezeep.com\/fr\/essai-gratuit-2\/#primaryimage","url":"https:\/\/www.ezeep.com\/wp-content\/uploads\/fi-print-with-smile.png","contentUrl":"https:\/\/www.ezeep.com\/wp-content\/uploads\/fi-print-with-smile.png","width":600,"height":446},{"@type":"BreadcrumbList","@id":"https:\/\/www.ezeep.com\/fr\/essai-gratuit-2\/#breadcrumb","itemListElement":[{"@type":"ListItem","position":1,"name":"Home","item":"https:\/\/www.ezeep.com\/fr\/"},{"@type":"ListItem","position":2,"name":"Essai Gratuit"}]},{"@type":"WebSite","@id":"https:\/\/www.ezeep.com\/fr\/#website","url":"https:\/\/www.ezeep.com\/fr\/","name":"ezeep","description":"Easy Printing Anytime, Anywhere","publisher":{"@id":"https:\/\/www.ezeep.com\/fr\/#organization"},"potentialAction":[{"@type":"SearchAction","target":{"@type":"EntryPoint","urlTemplate":"https:\/\/www.ezeep.com\/fr\/?s={search_term_string}"},"query-input":"required name=search_term_string"}],"inLanguage":"fr-FR"},{"@type":"Organization","@id":"https:\/\/www.ezeep.com\/fr\/#organization","name":"ezeep","url":"https:\/\/www.ezeep.com\/fr\/","logo":{"@type":"ImageObject","inLanguage":"fr-FR","@id":"https:\/\/www.ezeep.com\/fr\/#\/schema\/logo\/image\/","url":"https:\/\/www.ezeep.com\/wp-content\/uploads\/logo-ezeep.png","contentUrl":"https:\/\/www.ezeep.com\/wp-content\/uploads\/logo-ezeep.png","width":290,"height":192,"caption":"ezeep"},"image":{"@id":"https:\/\/www.ezeep.com\/fr\/#\/schema\/logo\/image\/"}}]}},"_links":{"self":[{"href":"https:\/\/www.ezeep.com\/fr\/wp-json\/wp\/v2\/pages\/33406"}],"collection":[{"href":"https:\/\/www.ezeep.com\/fr\/wp-json\/wp\/v2\/pages"}],"about":[{"href":"https:\/\/www.ezeep.com\/fr\/wp-json\/wp\/v2\/types\/page"}],"author":[{"embeddable":true,"href":"https:\/\/www.ezeep.com\/fr\/wp-json\/wp\/v2\/users\/32"}],"replies":[{"embeddable":true,"href":"https:\/\/www.ezeep.com\/fr\/wp-json\/wp\/v2\/comments?post=33406"}],"version-history":[{"count":0,"href":"https:\/\/www.ezeep.com\/fr\/wp-json\/wp\/v2\/pages\/33406\/revisions"}],"wp:featuredmedia":[{"embeddable":true,"href":"https:\/\/www.ezeep.com\/fr\/wp-json\/wp\/v2\/media\/20499"}],"wp:attachment":[{"href":"https:\/\/www.ezeep.com\/fr\/wp-json\/wp\/v2\/media?parent=33406"}],"curies":[{"name":"wp","href":"https:\/\/api.w.org\/{rel}","templated":true}]}}